{"id":614,"date":"2020-11-20T13:04:11","date_gmt":"2020-11-20T12:04:11","guid":{"rendered":"https:\/\/stage.septpublicite.fr\/septpublicite.fr\/?post_type=product&#038;p=614"},"modified":"2020-11-25T15:49:59","modified_gmt":"2020-11-25T14:49:59","slug":"enseigne-caisson","status":"publish","type":"product","link":"https:\/\/stage.septpublicite.fr\/septpublicite.fr\/product\/enseigne-caisson\/","title":{"rendered":"Enseigne caisson"},"content":{"rendered":"<p>[et_pb_section fb_built=\u00a0\u00bb1&Prime; _builder_version=\u00a0\u00bb3.22&Prime; custom_padding=\u00a0\u00bb0px||||false|false\u00a0\u00bb][et_pb_row _builder_version=\u00a0\u00bb3.25&Prime; background_size=\u00a0\u00bbinitial\u00a0\u00bb background_position=\u00a0\u00bbtop_left\u00a0\u00bb background_repeat=\u00a0\u00bbrepeat\u00a0\u00bb width=\u00a0\u00bb100%\u00a0\u00bb custom_padding=\u00a0\u00bb0px||0px||false|false\u00a0\u00bb][et_pb_column type=\u00a0\u00bb4_4&Prime; _builder_version=\u00a0\u00bb3.25&Prime; custom_padding=\u00a0\u00bb|||\u00a0\u00bb custom_padding__hover=\u00a0\u00bb|||\u00a0\u00bb][et_pb_wc_breadcrumb _builder_version=\u00a0\u00bb3.0.47&Prime;][\/et_pb_wc_breadcrumb][\/et_pb_column][\/et_pb_row][et_pb_row column_structure=\u00a0\u00bb1_2,1_2&Prime; _builder_version=\u00a0\u00bb3.25&Prime; background_size=\u00a0\u00bbinitial\u00a0\u00bb background_position=\u00a0\u00bbtop_left\u00a0\u00bb background_repeat=\u00a0\u00bbrepeat\u00a0\u00bb width=\u00a0\u00bb100%\u00a0\u00bb custom_padding=\u00a0\u00bb0px||||false|false\u00a0\u00bb][et_pb_column type=\u00a0\u00bb1_2&Prime; _builder_version=\u00a0\u00bb3.25&Prime; custom_padding=\u00a0\u00bb|||\u00a0\u00bb custom_padding__hover=\u00a0\u00bb|||\u00a0\u00bb][et_pb_wc_images _builder_version=\u00a0\u00bb3.0.47&Prime;][\/et_pb_wc_images][\/et_pb_column][et_pb_column type=\u00a0\u00bb1_2&Prime; _builder_version=\u00a0\u00bb3.25&Prime; custom_padding=\u00a0\u00bb|||\u00a0\u00bb custom_padding__hover=\u00a0\u00bb|||\u00a0\u00bb][et_pb_wc_title _builder_version=\u00a0\u00bb3.0.47&Prime;][\/et_pb_wc_title][et_pb_wc_description _builder_version=\u00a0\u00bb3.0.47&Prime;][\/et_pb_wc_description][\/et_pb_column][\/et_pb_row][\/et_pb_section]<\/p>\n","protected":false},"excerpt":{"rendered":"","protected":false},"featured_media":78,"comment_status":"closed","ping_status":"closed","template":"","meta":{"_et_pb_use_builder":"on","_et_pb_old_content":"Enseigne Caisson avec support aluminium 15\/10, pli\u00e9. D\u00e9coration par impression num\u00e9rique HD sur vinyle (polym\u00e8re longue conservation ou monom\u00e8re moyenne conservation) avec lamination de protection anti-UV.\r\nOption: \u00e9clairage par leds","_et_gb_content_width":""},"product_brand":[],"product_cat":[18],"product_tag":[],"class_list":{"0":"post-614","1":"product","2":"type-product","3":"status-publish","4":"has-post-thumbnail","6":"product_cat-enseignes-signaletique-enseigne-drapeau-septpublicite","8":"first","9":"instock","10":"shipping-taxable","11":"product-type-simple"},"yoast_head":"<!-- This site is optimized with the Yoast SEO plugin v27.6 - https:\/\/yoast.com\/product\/yoast-seo-wordpress\/ -->\n<title>Enseigne caisson - septpublicite.fr<\/title>\n<meta name=\"robots\" content=\"index, follow, max-snippet:-1, max-image-preview:large, max-video-preview:-1\" \/>\n<link rel=\"canonical\" href=\"https:\/\/stage.septpublicite.fr\/septpublicite.fr\/product\/enseigne-caisson\/\" \/>\n<meta property=\"og:locale\" content=\"fr_FR\" \/>\n<meta property=\"og:type\" content=\"article\" \/>\n<meta property=\"og:title\" content=\"Enseigne caisson - septpublicite.fr\" \/>\n<meta property=\"og:url\" content=\"https:\/\/stage.septpublicite.fr\/septpublicite.fr\/product\/enseigne-caisson\/\" \/>\n<meta property=\"og:site_name\" content=\"septpublicite.fr\" \/>\n<meta property=\"article:modified_time\" content=\"2020-11-25T14:49:59+00:00\" \/>\n<meta property=\"og:image\" content=\"https:\/\/stage.septpublicite.fr\/septpublicite.fr\/wp-content\/uploads\/2020\/11\/enseigne-dibond-retroeclairage-plomberie-Longonienne.jpg\" \/>\n\t<meta property=\"og:image:width\" content=\"960\" \/>\n\t<meta property=\"og:image:height\" content=\"960\" \/>\n\t<meta property=\"og:image:type\" content=\"image\/jpeg\" \/>\n<meta name=\"twitter:card\" content=\"summary_large_image\" \/>\n<meta name=\"twitter:label1\" content=\"Dur\u00e9e de lecture estim\u00e9e\" \/>\n\t<meta name=\"twitter:data1\" content=\"1 minute\" \/>\n<script type=\"application\/ld+json\" class=\"yoast-schema-graph\">{\"@context\":\"https:\\\/\\\/schema.org\",\"@graph\":[{\"@type\":\"WebPage\",\"@id\":\"https:\\\/\\\/stage.septpublicite.fr\\\/septpublicite.fr\\\/product\\\/enseigne-caisson\\\/\",\"url\":\"https:\\\/\\\/stage.septpublicite.fr\\\/septpublicite.fr\\\/product\\\/enseigne-caisson\\\/\",\"name\":\"Enseigne caisson - septpublicite.fr\",\"isPartOf\":{\"@id\":\"https:\\\/\\\/stage.septpublicite.fr\\\/septpublicite.fr\\\/#website\"},\"primaryImageOfPage\":{\"@id\":\"https:\\\/\\\/stage.septpublicite.fr\\\/septpublicite.fr\\\/product\\\/enseigne-caisson\\\/#primaryimage\"},\"image\":{\"@id\":\"https:\\\/\\\/stage.septpublicite.fr\\\/septpublicite.fr\\\/product\\\/enseigne-caisson\\\/#primaryimage\"},\"thumbnailUrl\":\"https:\\\/\\\/stage.septpublicite.fr\\\/septpublicite.fr\\\/wp-content\\\/uploads\\\/2020\\\/11\\\/enseigne-dibond-retroeclairage-plomberie-Longonienne.jpg\",\"datePublished\":\"2020-11-20T12:04:11+00:00\",\"dateModified\":\"2020-11-25T14:49:59+00:00\",\"breadcrumb\":{\"@id\":\"https:\\\/\\\/stage.septpublicite.fr\\\/septpublicite.fr\\\/product\\\/enseigne-caisson\\\/#breadcrumb\"},\"inLanguage\":\"fr-FR\",\"potentialAction\":[{\"@type\":\"ReadAction\",\"target\":[\"https:\\\/\\\/stage.septpublicite.fr\\\/septpublicite.fr\\\/product\\\/enseigne-caisson\\\/\"]}]},{\"@type\":\"ImageObject\",\"inLanguage\":\"fr-FR\",\"@id\":\"https:\\\/\\\/stage.septpublicite.fr\\\/septpublicite.fr\\\/product\\\/enseigne-caisson\\\/#primaryimage\",\"url\":\"https:\\\/\\\/stage.septpublicite.fr\\\/septpublicite.fr\\\/wp-content\\\/uploads\\\/2020\\\/11\\\/enseigne-dibond-retroeclairage-plomberie-Longonienne.jpg\",\"contentUrl\":\"https:\\\/\\\/stage.septpublicite.fr\\\/septpublicite.fr\\\/wp-content\\\/uploads\\\/2020\\\/11\\\/enseigne-dibond-retroeclairage-plomberie-Longonienne.jpg\",\"width\":960,\"height\":960},{\"@type\":\"BreadcrumbList\",\"@id\":\"https:\\\/\\\/stage.septpublicite.fr\\\/septpublicite.fr\\\/product\\\/enseigne-caisson\\\/#breadcrumb\",\"itemListElement\":[{\"@type\":\"ListItem\",\"position\":1,\"name\":\"Accueil\",\"item\":\"https:\\\/\\\/stage.septpublicite.fr\\\/septpublicite.fr\\\/\"},{\"@type\":\"ListItem\",\"position\":2,\"name\":\"Boutique\",\"item\":\"https:\\\/\\\/stage.septpublicite.fr\\\/septpublicite.fr\\\/shop\\\/\"},{\"@type\":\"ListItem\",\"position\":3,\"name\":\"Enseigne caisson\"}]},{\"@type\":\"WebSite\",\"@id\":\"https:\\\/\\\/stage.septpublicite.fr\\\/septpublicite.fr\\\/#website\",\"url\":\"https:\\\/\\\/stage.septpublicite.fr\\\/septpublicite.fr\\\/\",\"name\":\"septpublicite.fr\",\"description\":\"Notre publicit\u00e9, c&#039;est vous\",\"potentialAction\":[{\"@type\":\"SearchAction\",\"target\":{\"@type\":\"EntryPoint\",\"urlTemplate\":\"https:\\\/\\\/stage.septpublicite.fr\\\/septpublicite.fr\\\/?s={search_term_string}\"},\"query-input\":{\"@type\":\"PropertyValueSpecification\",\"valueRequired\":true,\"valueName\":\"search_term_string\"}}],\"inLanguage\":\"fr-FR\"}]}<\/script>\n<!-- \/ Yoast SEO plugin. -->","yoast_head_json":{"title":"Enseigne caisson - septpublicite.fr","robots":{"index":"index","follow":"follow","max-snippet":"max-snippet:-1","max-image-preview":"max-image-preview:large","max-video-preview":"max-video-preview:-1"},"canonical":"https:\/\/stage.septpublicite.fr\/septpublicite.fr\/product\/enseigne-caisson\/","og_locale":"fr_FR","og_type":"article","og_title":"Enseigne caisson - septpublicite.fr","og_url":"https:\/\/stage.septpublicite.fr\/septpublicite.fr\/product\/enseigne-caisson\/","og_site_name":"septpublicite.fr","article_modified_time":"2020-11-25T14:49:59+00:00","og_image":[{"width":960,"height":960,"url":"https:\/\/stage.septpublicite.fr\/septpublicite.fr\/wp-content\/uploads\/2020\/11\/enseigne-dibond-retroeclairage-plomberie-Longonienne.jpg","type":"image\/jpeg"}],"twitter_card":"summary_large_image","twitter_misc":{"Dur\u00e9e de lecture estim\u00e9e":"1 minute"},"schema":{"@context":"https:\/\/schema.org","@graph":[{"@type":"WebPage","@id":"https:\/\/stage.septpublicite.fr\/septpublicite.fr\/product\/enseigne-caisson\/","url":"https:\/\/stage.septpublicite.fr\/septpublicite.fr\/product\/enseigne-caisson\/","name":"Enseigne caisson - septpublicite.fr","isPartOf":{"@id":"https:\/\/stage.septpublicite.fr\/septpublicite.fr\/#website"},"primaryImageOfPage":{"@id":"https:\/\/stage.septpublicite.fr\/septpublicite.fr\/product\/enseigne-caisson\/#primaryimage"},"image":{"@id":"https:\/\/stage.septpublicite.fr\/septpublicite.fr\/product\/enseigne-caisson\/#primaryimage"},"thumbnailUrl":"https:\/\/stage.septpublicite.fr\/septpublicite.fr\/wp-content\/uploads\/2020\/11\/enseigne-dibond-retroeclairage-plomberie-Longonienne.jpg","datePublished":"2020-11-20T12:04:11+00:00","dateModified":"2020-11-25T14:49:59+00:00","breadcrumb":{"@id":"https:\/\/stage.septpublicite.fr\/septpublicite.fr\/product\/enseigne-caisson\/#breadcrumb"},"inLanguage":"fr-FR","potentialAction":[{"@type":"ReadAction","target":["https:\/\/stage.septpublicite.fr\/septpublicite.fr\/product\/enseigne-caisson\/"]}]},{"@type":"ImageObject","inLanguage":"fr-FR","@id":"https:\/\/stage.septpublicite.fr\/septpublicite.fr\/product\/enseigne-caisson\/#primaryimage","url":"https:\/\/stage.septpublicite.fr\/septpublicite.fr\/wp-content\/uploads\/2020\/11\/enseigne-dibond-retroeclairage-plomberie-Longonienne.jpg","contentUrl":"https:\/\/stage.septpublicite.fr\/septpublicite.fr\/wp-content\/uploads\/2020\/11\/enseigne-dibond-retroeclairage-plomberie-Longonienne.jpg","width":960,"height":960},{"@type":"BreadcrumbList","@id":"https:\/\/stage.septpublicite.fr\/septpublicite.fr\/product\/enseigne-caisson\/#breadcrumb","itemListElement":[{"@type":"ListItem","position":1,"name":"Accueil","item":"https:\/\/stage.septpublicite.fr\/septpublicite.fr\/"},{"@type":"ListItem","position":2,"name":"Boutique","item":"https:\/\/stage.septpublicite.fr\/septpublicite.fr\/shop\/"},{"@type":"ListItem","position":3,"name":"Enseigne caisson"}]},{"@type":"WebSite","@id":"https:\/\/stage.septpublicite.fr\/septpublicite.fr\/#website","url":"https:\/\/stage.septpublicite.fr\/septpublicite.fr\/","name":"septpublicite.fr","description":"Notre publicit\u00e9, c&#039;est vous","potentialAction":[{"@type":"SearchAction","target":{"@type":"EntryPoint","urlTemplate":"https:\/\/stage.septpublicite.fr\/septpublicite.fr\/?s={search_term_string}"},"query-input":{"@type":"PropertyValueSpecification","valueRequired":true,"valueName":"search_term_string"}}],"inLanguage":"fr-FR"}]}},"_links":{"self":[{"href":"https:\/\/stage.septpublicite.fr\/septpublicite.fr\/wp-json\/wp\/v2\/product\/614","targetHints":{"allow":["GET"]}}],"collection":[{"href":"https:\/\/stage.septpublicite.fr\/septpublicite.fr\/wp-json\/wp\/v2\/product"}],"about":[{"href":"https:\/\/stage.septpublicite.fr\/septpublicite.fr\/wp-json\/wp\/v2\/types\/product"}],"replies":[{"embeddable":true,"href":"https:\/\/stage.septpublicite.fr\/septpublicite.fr\/wp-json\/wp\/v2\/comments?post=614"}],"wp:featuredmedia":[{"embeddable":true,"href":"https:\/\/stage.septpublicite.fr\/septpublicite.fr\/wp-json\/wp\/v2\/media\/78"}],"wp:attachment":[{"href":"https:\/\/stage.septpublicite.fr\/septpublicite.fr\/wp-json\/wp\/v2\/media?parent=614"}],"wp:term":[{"taxonomy":"product_brand","embeddable":true,"href":"https:\/\/stage.septpublicite.fr\/septpublicite.fr\/wp-json\/wp\/v2\/product_brand?post=614"},{"taxonomy":"product_cat","embeddable":true,"href":"https:\/\/stage.septpublicite.fr\/septpublicite.fr\/wp-json\/wp\/v2\/product_cat?post=614"},{"taxonomy":"product_tag","embeddable":true,"href":"https:\/\/stage.septpublicite.fr\/septpublicite.fr\/wp-json\/wp\/v2\/product_tag?post=614"}],"curies":[{"name":"wp","href":"https:\/\/api.w.org\/{rel}","templated":true}]}}