{"id":605,"date":"2020-11-20T12:39:33","date_gmt":"2020-11-20T11:39:33","guid":{"rendered":"https:\/\/stage.septpublicite.fr\/septpublicite.fr\/?post_type=product&#038;p=605"},"modified":"2025-02-13T16:14:01","modified_gmt":"2025-02-13T15:14:01","slug":"enseigne-plane","status":"publish","type":"product","link":"https:\/\/stage.septpublicite.fr\/septpublicite.fr\/product\/enseigne-plane\/","title":{"rendered":"Enseigne plane"},"content":{"rendered":"<p data-start=\"53\" data-end=\"330\">L\u2019enseigne plane est une solution pour toutes personnes recherchant un affichage professionnel sans se ruiner. Gr\u00e2ce \u00e0 son impression haute d\u00e9finition et ses mat\u00e9riaux de qualit\u00e9, elle offre un rendu visuel impeccable, comparable \u00e0 des enseignes plus haut de gamme. Son excellent rapport qualit\u00e9-prix en fait un choix privil\u00e9gi\u00e9 pour les entreprises, commerces et \u00e9v\u00e9nements souhaitant une visibilit\u00e9 optimale \u00e0 moindre co\u00fbt.<\/p>\n<p>L\u2019enseigne plane est imprim\u00e9e en haute d\u00e9finition sur un vinyle de qualit\u00e9 sup\u00e9rieure. Ainsi, vous avez le choix entre deux options : le polym\u00e8re \u00e0 longue conservation et le monom\u00e8re \u00e0 conservation moyenne. En effet, le vinyle polym\u00e8re est id\u00e9al pour un usage ext\u00e9rieur durable. Tandis que, le vinyle monom\u00e8re convient parfaitement aux besoins \u00e9v\u00e9nementiels temporaires. De plus, une lamination anti-UV prot\u00e8ge l\u2019enseigne et prolonge sa dur\u00e9e de vie. Ce traitement pr\u00e9serve les couleurs et prot\u00e8ge efficacement contre les intemp\u00e9ries.<\/p>\n<p>Il est possible de personnaliser les dimensions, les formes, les couleurs, les logos et le texte, afin d\u2019adapter l\u2019enseigne \u00e0 l\u2019identit\u00e9 unique de votre entreprise.<\/p>\n<p>Plusieurs supports sont disponibles :<br \/>\n\u2022 DIBOND de 3 mm d\u2019\u00e9paisseur (l\u00e9ger, solide et r\u00e9sistant)<br \/>\n\u2022 PVC expans\u00e9 de 10 ou 19 mm d\u2019\u00e9paisseur (\u00e9pais, robuste et durable)<br \/>\nUne option suppl\u00e9mentaire permet de fraiser le logo \u00e0 la dimension souhait\u00e9e.<br \/>\nCela garantit une finition soign\u00e9e et personnalis\u00e9e \u00e0 chaque projet.<\/p>\n<p>Gr\u00e2ce \u00e0 ces mat\u00e9riaux r\u00e9sistants, l&rsquo;entretien est simple. Un nettoyage r\u00e9gulier pr\u00e9serve son \u00e9clat et garantit une apparence professionnelle.<\/p>\n<p>L\u2019enseigne plane s\u2019adapte \u00e0 de nombreux usages. Elle permet de signaler un point de vente, mettre en avant un produit ou afficher le nom et le logo de votre entreprise. Gr\u00e2ce \u00e0 sa polyvalence, elle r\u00e9pond efficacement \u00e0 divers besoins promotionnels.<\/p>\n<p data-start=\"1350\" data-end=\"1454\" data-is-last-node=\"\">L\u2019enseigne plane est une solution id\u00e9ale pour une communication visuelle efficace, durable et abordable.<\/p>\n","protected":false},"excerpt":{"rendered":"<p>L\u2019enseigne plane est une solution pour toutes personnes recherchant un affichage professionnel sans se ruiner. Gr\u00e2ce \u00e0 son impression haute d\u00e9finition et ses mat\u00e9riaux de qualit\u00e9, elle offre un rendu visuel impeccable, comparable \u00e0 des enseignes plus haut de gamme. Son excellent rapport qualit\u00e9-prix en fait un choix privil\u00e9gi\u00e9 pour les entreprises, commerces et \u00e9v\u00e9nements [&hellip;]<\/p>\n","protected":false},"featured_media":1072,"comment_status":"closed","ping_status":"closed","template":"","meta":{"_et_pb_use_builder":"off","_et_pb_old_content":"Enseigne plane avec une impression num\u00e9rique HD sur un vinyle (soit polym\u00e8re longue conservation ou monom\u00e8re moyenne conservation) avec une lamination de protection anti-UV. Plusieurs supports sont disponibles\u00a0:\r\n<ul>\r\n \t<li>Aluminium DIBOND de 3 mm d\u2019\u00e9paisseur<\/li>\r\n \t<li>Aluminium DILITE de 3 mm d\u2019\u00e9paisseur<\/li>\r\n \t<li>Aluminium KOMACEL de 10 mm d\u2019\u00e9paisseur<\/li>\r\n<\/ul>\r\nOption: Logo frais\u00e9 \u00e0 dimension","_et_gb_content_width":""},"product_brand":[],"product_cat":[18],"product_tag":[],"class_list":{"0":"post-605","1":"product","2":"type-product","3":"status-publish","4":"has-post-thumbnail","6":"product_cat-enseignes-signaletique-enseigne-drapeau-septpublicite","8":"first","9":"instock","10":"shipping-taxable","11":"product-type-simple"},"yoast_head":"<!-- This site is optimized with the Yoast SEO plugin v27.6 - https:\/\/yoast.com\/product\/yoast-seo-wordpress\/ -->\n<title>Enseigne plane - septpublicite.fr<\/title>\n<meta name=\"description\" content=\"Enseigne plane avec une impression num\u00e9rique HD. Une lamination de protection anti-UV garantit sa durabilit\u00e9. Plusieurs supports sont disponibles.\" \/>\n<meta name=\"robots\" content=\"index, follow, max-snippet:-1, max-image-preview:large, max-video-preview:-1\" \/>\n<link rel=\"canonical\" href=\"https:\/\/stage.septpublicite.fr\/septpublicite.fr\/product\/enseigne-plane\/\" \/>\n<meta property=\"og:locale\" content=\"fr_FR\" \/>\n<meta property=\"og:type\" content=\"article\" \/>\n<meta property=\"og:title\" content=\"Enseigne plane - septpublicite.fr\" \/>\n<meta property=\"og:description\" content=\"Enseigne plane avec une impression num\u00e9rique HD. Une lamination de protection anti-UV garantit sa durabilit\u00e9. Plusieurs supports sont disponibles.\" \/>\n<meta property=\"og:url\" content=\"https:\/\/stage.septpublicite.fr\/septpublicite.fr\/product\/enseigne-plane\/\" \/>\n<meta property=\"og:site_name\" content=\"septpublicite.fr\" \/>\n<meta property=\"article:modified_time\" content=\"2025-02-13T15:14:01+00:00\" \/>\n<meta property=\"og:image\" content=\"https:\/\/stage.septpublicite.fr\/septpublicite.fr\/wp-content\/uploads\/2020\/11\/enseigne-plane-biocoop-arconnay.jpg\" \/>\n\t<meta property=\"og:image:width\" content=\"500\" \/>\n\t<meta property=\"og:image:height\" content=\"375\" \/>\n\t<meta property=\"og:image:type\" content=\"image\/jpeg\" \/>\n<meta name=\"twitter:card\" content=\"summary_large_image\" \/>\n<meta name=\"twitter:label1\" content=\"Dur\u00e9e de lecture estim\u00e9e\" \/>\n\t<meta name=\"twitter:data1\" content=\"2 minutes\" \/>\n<script type=\"application\/ld+json\" class=\"yoast-schema-graph\">{\"@context\":\"https:\\\/\\\/schema.org\",\"@graph\":[{\"@type\":\"WebPage\",\"@id\":\"https:\\\/\\\/stage.septpublicite.fr\\\/septpublicite.fr\\\/product\\\/enseigne-plane\\\/\",\"url\":\"https:\\\/\\\/stage.septpublicite.fr\\\/septpublicite.fr\\\/product\\\/enseigne-plane\\\/\",\"name\":\"Enseigne plane - septpublicite.fr\",\"isPartOf\":{\"@id\":\"https:\\\/\\\/stage.septpublicite.fr\\\/septpublicite.fr\\\/#website\"},\"primaryImageOfPage\":{\"@id\":\"https:\\\/\\\/stage.septpublicite.fr\\\/septpublicite.fr\\\/product\\\/enseigne-plane\\\/#primaryimage\"},\"image\":{\"@id\":\"https:\\\/\\\/stage.septpublicite.fr\\\/septpublicite.fr\\\/product\\\/enseigne-plane\\\/#primaryimage\"},\"thumbnailUrl\":\"https:\\\/\\\/stage.septpublicite.fr\\\/septpublicite.fr\\\/wp-content\\\/uploads\\\/2020\\\/11\\\/enseigne-plane-biocoop-arconnay.jpg\",\"datePublished\":\"2020-11-20T11:39:33+00:00\",\"dateModified\":\"2025-02-13T15:14:01+00:00\",\"description\":\"Enseigne plane avec une impression num\u00e9rique HD. Une lamination de protection anti-UV garantit sa durabilit\u00e9. Plusieurs supports sont disponibles.\",\"breadcrumb\":{\"@id\":\"https:\\\/\\\/stage.septpublicite.fr\\\/septpublicite.fr\\\/product\\\/enseigne-plane\\\/#breadcrumb\"},\"inLanguage\":\"fr-FR\",\"potentialAction\":[{\"@type\":\"ReadAction\",\"target\":[\"https:\\\/\\\/stage.septpublicite.fr\\\/septpublicite.fr\\\/product\\\/enseigne-plane\\\/\"]}]},{\"@type\":\"ImageObject\",\"inLanguage\":\"fr-FR\",\"@id\":\"https:\\\/\\\/stage.septpublicite.fr\\\/septpublicite.fr\\\/product\\\/enseigne-plane\\\/#primaryimage\",\"url\":\"https:\\\/\\\/stage.septpublicite.fr\\\/septpublicite.fr\\\/wp-content\\\/uploads\\\/2020\\\/11\\\/enseigne-plane-biocoop-arconnay.jpg\",\"contentUrl\":\"https:\\\/\\\/stage.septpublicite.fr\\\/septpublicite.fr\\\/wp-content\\\/uploads\\\/2020\\\/11\\\/enseigne-plane-biocoop-arconnay.jpg\",\"width\":500,\"height\":375},{\"@type\":\"BreadcrumbList\",\"@id\":\"https:\\\/\\\/stage.septpublicite.fr\\\/septpublicite.fr\\\/product\\\/enseigne-plane\\\/#breadcrumb\",\"itemListElement\":[{\"@type\":\"ListItem\",\"position\":1,\"name\":\"Accueil\",\"item\":\"https:\\\/\\\/stage.septpublicite.fr\\\/septpublicite.fr\\\/\"},{\"@type\":\"ListItem\",\"position\":2,\"name\":\"Boutique\",\"item\":\"https:\\\/\\\/stage.septpublicite.fr\\\/septpublicite.fr\\\/shop\\\/\"},{\"@type\":\"ListItem\",\"position\":3,\"name\":\"Enseigne plane\"}]},{\"@type\":\"WebSite\",\"@id\":\"https:\\\/\\\/stage.septpublicite.fr\\\/septpublicite.fr\\\/#website\",\"url\":\"https:\\\/\\\/stage.septpublicite.fr\\\/septpublicite.fr\\\/\",\"name\":\"septpublicite.fr\",\"description\":\"Notre publicit\u00e9, c&#039;est vous\",\"potentialAction\":[{\"@type\":\"SearchAction\",\"target\":{\"@type\":\"EntryPoint\",\"urlTemplate\":\"https:\\\/\\\/stage.septpublicite.fr\\\/septpublicite.fr\\\/?s={search_term_string}\"},\"query-input\":{\"@type\":\"PropertyValueSpecification\",\"valueRequired\":true,\"valueName\":\"search_term_string\"}}],\"inLanguage\":\"fr-FR\"}]}<\/script>\n<!-- \/ Yoast SEO plugin. -->","yoast_head_json":{"title":"Enseigne plane - septpublicite.fr","description":"Enseigne plane avec une impression num\u00e9rique HD. Une lamination de protection anti-UV garantit sa durabilit\u00e9. Plusieurs supports sont disponibles.","robots":{"index":"index","follow":"follow","max-snippet":"max-snippet:-1","max-image-preview":"max-image-preview:large","max-video-preview":"max-video-preview:-1"},"canonical":"https:\/\/stage.septpublicite.fr\/septpublicite.fr\/product\/enseigne-plane\/","og_locale":"fr_FR","og_type":"article","og_title":"Enseigne plane - septpublicite.fr","og_description":"Enseigne plane avec une impression num\u00e9rique HD. Une lamination de protection anti-UV garantit sa durabilit\u00e9. Plusieurs supports sont disponibles.","og_url":"https:\/\/stage.septpublicite.fr\/septpublicite.fr\/product\/enseigne-plane\/","og_site_name":"septpublicite.fr","article_modified_time":"2025-02-13T15:14:01+00:00","og_image":[{"width":500,"height":375,"url":"https:\/\/stage.septpublicite.fr\/septpublicite.fr\/wp-content\/uploads\/2020\/11\/enseigne-plane-biocoop-arconnay.jpg","type":"image\/jpeg"}],"twitter_card":"summary_large_image","twitter_misc":{"Dur\u00e9e de lecture estim\u00e9e":"2 minutes"},"schema":{"@context":"https:\/\/schema.org","@graph":[{"@type":"WebPage","@id":"https:\/\/stage.septpublicite.fr\/septpublicite.fr\/product\/enseigne-plane\/","url":"https:\/\/stage.septpublicite.fr\/septpublicite.fr\/product\/enseigne-plane\/","name":"Enseigne plane - septpublicite.fr","isPartOf":{"@id":"https:\/\/stage.septpublicite.fr\/septpublicite.fr\/#website"},"primaryImageOfPage":{"@id":"https:\/\/stage.septpublicite.fr\/septpublicite.fr\/product\/enseigne-plane\/#primaryimage"},"image":{"@id":"https:\/\/stage.septpublicite.fr\/septpublicite.fr\/product\/enseigne-plane\/#primaryimage"},"thumbnailUrl":"https:\/\/stage.septpublicite.fr\/septpublicite.fr\/wp-content\/uploads\/2020\/11\/enseigne-plane-biocoop-arconnay.jpg","datePublished":"2020-11-20T11:39:33+00:00","dateModified":"2025-02-13T15:14:01+00:00","description":"Enseigne plane avec une impression num\u00e9rique HD. Une lamination de protection anti-UV garantit sa durabilit\u00e9. Plusieurs supports sont disponibles.","breadcrumb":{"@id":"https:\/\/stage.septpublicite.fr\/septpublicite.fr\/product\/enseigne-plane\/#breadcrumb"},"inLanguage":"fr-FR","potentialAction":[{"@type":"ReadAction","target":["https:\/\/stage.septpublicite.fr\/septpublicite.fr\/product\/enseigne-plane\/"]}]},{"@type":"ImageObject","inLanguage":"fr-FR","@id":"https:\/\/stage.septpublicite.fr\/septpublicite.fr\/product\/enseigne-plane\/#primaryimage","url":"https:\/\/stage.septpublicite.fr\/septpublicite.fr\/wp-content\/uploads\/2020\/11\/enseigne-plane-biocoop-arconnay.jpg","contentUrl":"https:\/\/stage.septpublicite.fr\/septpublicite.fr\/wp-content\/uploads\/2020\/11\/enseigne-plane-biocoop-arconnay.jpg","width":500,"height":375},{"@type":"BreadcrumbList","@id":"https:\/\/stage.septpublicite.fr\/septpublicite.fr\/product\/enseigne-plane\/#breadcrumb","itemListElement":[{"@type":"ListItem","position":1,"name":"Accueil","item":"https:\/\/stage.septpublicite.fr\/septpublicite.fr\/"},{"@type":"ListItem","position":2,"name":"Boutique","item":"https:\/\/stage.septpublicite.fr\/septpublicite.fr\/shop\/"},{"@type":"ListItem","position":3,"name":"Enseigne plane"}]},{"@type":"WebSite","@id":"https:\/\/stage.septpublicite.fr\/septpublicite.fr\/#website","url":"https:\/\/stage.septpublicite.fr\/septpublicite.fr\/","name":"septpublicite.fr","description":"Notre publicit\u00e9, c&#039;est vous","potentialAction":[{"@type":"SearchAction","target":{"@type":"EntryPoint","urlTemplate":"https:\/\/stage.septpublicite.fr\/septpublicite.fr\/?s={search_term_string}"},"query-input":{"@type":"PropertyValueSpecification","valueRequired":true,"valueName":"search_term_string"}}],"inLanguage":"fr-FR"}]}},"_links":{"self":[{"href":"https:\/\/stage.septpublicite.fr\/septpublicite.fr\/wp-json\/wp\/v2\/product\/605","targetHints":{"allow":["GET"]}}],"collection":[{"href":"https:\/\/stage.septpublicite.fr\/septpublicite.fr\/wp-json\/wp\/v2\/product"}],"about":[{"href":"https:\/\/stage.septpublicite.fr\/septpublicite.fr\/wp-json\/wp\/v2\/types\/product"}],"replies":[{"embeddable":true,"href":"https:\/\/stage.septpublicite.fr\/septpublicite.fr\/wp-json\/wp\/v2\/comments?post=605"}],"wp:featuredmedia":[{"embeddable":true,"href":"https:\/\/stage.septpublicite.fr\/septpublicite.fr\/wp-json\/wp\/v2\/media\/1072"}],"wp:attachment":[{"href":"https:\/\/stage.septpublicite.fr\/septpublicite.fr\/wp-json\/wp\/v2\/media?parent=605"}],"wp:term":[{"taxonomy":"product_brand","embeddable":true,"href":"https:\/\/stage.septpublicite.fr\/septpublicite.fr\/wp-json\/wp\/v2\/product_brand?post=605"},{"taxonomy":"product_cat","embeddable":true,"href":"https:\/\/stage.septpublicite.fr\/septpublicite.fr\/wp-json\/wp\/v2\/product_cat?post=605"},{"taxonomy":"product_tag","embeddable":true,"href":"https:\/\/stage.septpublicite.fr\/septpublicite.fr\/wp-json\/wp\/v2\/product_tag?post=605"}],"curies":[{"name":"wp","href":"https:\/\/api.w.org\/{rel}","templated":true}]}}