{"id":329071,"date":"2025-02-19T11:56:02","date_gmt":"2025-02-19T10:56:02","guid":{"rendered":"https:\/\/stage.septpublicite.fr\/septpublicite.fr\/?post_type=product&#038;p=329071"},"modified":"2025-02-19T12:15:45","modified_gmt":"2025-02-19T11:15:45","slug":"bouchon-personnalise","status":"publish","type":"product","link":"https:\/\/stage.septpublicite.fr\/septpublicite.fr\/product\/bouchon-personnalise\/","title":{"rendered":"Bouchon personnalis\u00e9"},"content":{"rendered":"<p class=\"wt-line-height-tight wt-break-word wt-text-body-01\" tabindex=\"0\" data-buy-box-listing-title=\"true\">Bouchons de li\u00e8ge personnalis\u00e9s | Bouchon de li\u00e8ge en bois personnalis\u00e9 | Bouchons de li\u00e8ge | Bouchons \u00e0 vin | Bouchon \u00e0 vin personnalis\u00e9<\/p>\n","protected":false},"excerpt":{"rendered":"<p>Bouchons de li\u00e8ge personnalis\u00e9s | Bouchon de li\u00e8ge en bois personnalis\u00e9 | Bouchons de li\u00e8ge | Bouchons \u00e0 vin | Bouchon \u00e0 vin personnalis\u00e9<\/p>\n","protected":false},"featured_media":329075,"comment_status":"closed","ping_status":"closed","template":"","meta":{"_et_pb_use_builder":"","_et_pb_old_content":"","_et_gb_content_width":""},"product_brand":[],"product_cat":[119],"product_tag":[],"class_list":{"0":"post-329071","1":"product","2":"type-product","3":"status-publish","4":"has-post-thumbnail","6":"product_cat-boutique-en-ligne-septpublicite","8":"first","9":"instock","10":"shipping-taxable","11":"product-type-simple"},"yoast_head":"<!-- This site is optimized with the Yoast SEO plugin v27.6 - https:\/\/yoast.com\/product\/yoast-seo-wordpress\/ -->\n<title>Bouchon personnalis\u00e9 - septpublicite.fr<\/title>\n<meta name=\"robots\" content=\"index, follow, max-snippet:-1, max-image-preview:large, max-video-preview:-1\" \/>\n<link rel=\"canonical\" href=\"https:\/\/stage.septpublicite.fr\/septpublicite.fr\/product\/bouchon-personnalise\/\" \/>\n<meta property=\"og:locale\" content=\"fr_FR\" \/>\n<meta property=\"og:type\" content=\"article\" \/>\n<meta property=\"og:title\" content=\"Bouchon personnalis\u00e9 - septpublicite.fr\" \/>\n<meta property=\"og:description\" content=\"Bouchons de li\u00e8ge personnalis\u00e9s | Bouchon de li\u00e8ge en bois personnalis\u00e9 | Bouchons de li\u00e8ge | Bouchons \u00e0 vin | Bouchon \u00e0 vin personnalis\u00e9\" \/>\n<meta property=\"og:url\" content=\"https:\/\/stage.septpublicite.fr\/septpublicite.fr\/product\/bouchon-personnalise\/\" \/>\n<meta property=\"og:site_name\" content=\"septpublicite.fr\" \/>\n<meta property=\"article:modified_time\" content=\"2025-02-19T11:15:45+00:00\" \/>\n<meta property=\"og:image\" content=\"https:\/\/stage.septpublicite.fr\/septpublicite.fr\/wp-content\/uploads\/2025\/02\/bouchon-a-vin-personnalisable-boutique-en-ligne-7publicite.jpg\" \/>\n\t<meta property=\"og:image:width\" content=\"800\" \/>\n\t<meta property=\"og:image:height\" content=\"800\" \/>\n\t<meta property=\"og:image:type\" content=\"image\/jpeg\" \/>\n<meta name=\"twitter:card\" content=\"summary_large_image\" \/>\n<meta name=\"twitter:label1\" content=\"Dur\u00e9e de lecture estim\u00e9e\" \/>\n\t<meta name=\"twitter:data1\" content=\"1 minute\" \/>\n<script type=\"application\/ld+json\" class=\"yoast-schema-graph\">{\"@context\":\"https:\\\/\\\/schema.org\",\"@graph\":[{\"@type\":\"WebPage\",\"@id\":\"https:\\\/\\\/stage.septpublicite.fr\\\/septpublicite.fr\\\/product\\\/bouchon-personnalise\\\/\",\"url\":\"https:\\\/\\\/stage.septpublicite.fr\\\/septpublicite.fr\\\/product\\\/bouchon-personnalise\\\/\",\"name\":\"Bouchon personnalis\u00e9 - septpublicite.fr\",\"isPartOf\":{\"@id\":\"https:\\\/\\\/stage.septpublicite.fr\\\/septpublicite.fr\\\/#website\"},\"primaryImageOfPage\":{\"@id\":\"https:\\\/\\\/stage.septpublicite.fr\\\/septpublicite.fr\\\/product\\\/bouchon-personnalise\\\/#primaryimage\"},\"image\":{\"@id\":\"https:\\\/\\\/stage.septpublicite.fr\\\/septpublicite.fr\\\/product\\\/bouchon-personnalise\\\/#primaryimage\"},\"thumbnailUrl\":\"https:\\\/\\\/stage.septpublicite.fr\\\/septpublicite.fr\\\/wp-content\\\/uploads\\\/2025\\\/02\\\/bouchon-a-vin-personnalisable-boutique-en-ligne-7publicite.jpg\",\"datePublished\":\"2025-02-19T10:56:02+00:00\",\"dateModified\":\"2025-02-19T11:15:45+00:00\",\"breadcrumb\":{\"@id\":\"https:\\\/\\\/stage.septpublicite.fr\\\/septpublicite.fr\\\/product\\\/bouchon-personnalise\\\/#breadcrumb\"},\"inLanguage\":\"fr-FR\",\"potentialAction\":[{\"@type\":\"ReadAction\",\"target\":[\"https:\\\/\\\/stage.septpublicite.fr\\\/septpublicite.fr\\\/product\\\/bouchon-personnalise\\\/\"]}]},{\"@type\":\"ImageObject\",\"inLanguage\":\"fr-FR\",\"@id\":\"https:\\\/\\\/stage.septpublicite.fr\\\/septpublicite.fr\\\/product\\\/bouchon-personnalise\\\/#primaryimage\",\"url\":\"https:\\\/\\\/stage.septpublicite.fr\\\/septpublicite.fr\\\/wp-content\\\/uploads\\\/2025\\\/02\\\/bouchon-a-vin-personnalisable-boutique-en-ligne-7publicite.jpg\",\"contentUrl\":\"https:\\\/\\\/stage.septpublicite.fr\\\/septpublicite.fr\\\/wp-content\\\/uploads\\\/2025\\\/02\\\/bouchon-a-vin-personnalisable-boutique-en-ligne-7publicite.jpg\",\"width\":800,\"height\":800},{\"@type\":\"BreadcrumbList\",\"@id\":\"https:\\\/\\\/stage.septpublicite.fr\\\/septpublicite.fr\\\/product\\\/bouchon-personnalise\\\/#breadcrumb\",\"itemListElement\":[{\"@type\":\"ListItem\",\"position\":1,\"name\":\"Accueil\",\"item\":\"https:\\\/\\\/stage.septpublicite.fr\\\/septpublicite.fr\\\/\"},{\"@type\":\"ListItem\",\"position\":2,\"name\":\"Boutique\",\"item\":\"https:\\\/\\\/stage.septpublicite.fr\\\/septpublicite.fr\\\/shop\\\/\"},{\"@type\":\"ListItem\",\"position\":3,\"name\":\"Bouchon personnalis\u00e9\"}]},{\"@type\":\"WebSite\",\"@id\":\"https:\\\/\\\/stage.septpublicite.fr\\\/septpublicite.fr\\\/#website\",\"url\":\"https:\\\/\\\/stage.septpublicite.fr\\\/septpublicite.fr\\\/\",\"name\":\"septpublicite.fr\",\"description\":\"Notre publicit\u00e9, c&#039;est vous\",\"potentialAction\":[{\"@type\":\"SearchAction\",\"target\":{\"@type\":\"EntryPoint\",\"urlTemplate\":\"https:\\\/\\\/stage.septpublicite.fr\\\/septpublicite.fr\\\/?s={search_term_string}\"},\"query-input\":{\"@type\":\"PropertyValueSpecification\",\"valueRequired\":true,\"valueName\":\"search_term_string\"}}],\"inLanguage\":\"fr-FR\"}]}<\/script>\n<!-- \/ Yoast SEO plugin. -->","yoast_head_json":{"title":"Bouchon personnalis\u00e9 - septpublicite.fr","robots":{"index":"index","follow":"follow","max-snippet":"max-snippet:-1","max-image-preview":"max-image-preview:large","max-video-preview":"max-video-preview:-1"},"canonical":"https:\/\/stage.septpublicite.fr\/septpublicite.fr\/product\/bouchon-personnalise\/","og_locale":"fr_FR","og_type":"article","og_title":"Bouchon personnalis\u00e9 - septpublicite.fr","og_description":"Bouchons de li\u00e8ge personnalis\u00e9s | Bouchon de li\u00e8ge en bois personnalis\u00e9 | Bouchons de li\u00e8ge | Bouchons \u00e0 vin | Bouchon \u00e0 vin personnalis\u00e9","og_url":"https:\/\/stage.septpublicite.fr\/septpublicite.fr\/product\/bouchon-personnalise\/","og_site_name":"septpublicite.fr","article_modified_time":"2025-02-19T11:15:45+00:00","og_image":[{"width":800,"height":800,"url":"https:\/\/stage.septpublicite.fr\/septpublicite.fr\/wp-content\/uploads\/2025\/02\/bouchon-a-vin-personnalisable-boutique-en-ligne-7publicite.jpg","type":"image\/jpeg"}],"twitter_card":"summary_large_image","twitter_misc":{"Dur\u00e9e de lecture estim\u00e9e":"1 minute"},"schema":{"@context":"https:\/\/schema.org","@graph":[{"@type":"WebPage","@id":"https:\/\/stage.septpublicite.fr\/septpublicite.fr\/product\/bouchon-personnalise\/","url":"https:\/\/stage.septpublicite.fr\/septpublicite.fr\/product\/bouchon-personnalise\/","name":"Bouchon personnalis\u00e9 - septpublicite.fr","isPartOf":{"@id":"https:\/\/stage.septpublicite.fr\/septpublicite.fr\/#website"},"primaryImageOfPage":{"@id":"https:\/\/stage.septpublicite.fr\/septpublicite.fr\/product\/bouchon-personnalise\/#primaryimage"},"image":{"@id":"https:\/\/stage.septpublicite.fr\/septpublicite.fr\/product\/bouchon-personnalise\/#primaryimage"},"thumbnailUrl":"https:\/\/stage.septpublicite.fr\/septpublicite.fr\/wp-content\/uploads\/2025\/02\/bouchon-a-vin-personnalisable-boutique-en-ligne-7publicite.jpg","datePublished":"2025-02-19T10:56:02+00:00","dateModified":"2025-02-19T11:15:45+00:00","breadcrumb":{"@id":"https:\/\/stage.septpublicite.fr\/septpublicite.fr\/product\/bouchon-personnalise\/#breadcrumb"},"inLanguage":"fr-FR","potentialAction":[{"@type":"ReadAction","target":["https:\/\/stage.septpublicite.fr\/septpublicite.fr\/product\/bouchon-personnalise\/"]}]},{"@type":"ImageObject","inLanguage":"fr-FR","@id":"https:\/\/stage.septpublicite.fr\/septpublicite.fr\/product\/bouchon-personnalise\/#primaryimage","url":"https:\/\/stage.septpublicite.fr\/septpublicite.fr\/wp-content\/uploads\/2025\/02\/bouchon-a-vin-personnalisable-boutique-en-ligne-7publicite.jpg","contentUrl":"https:\/\/stage.septpublicite.fr\/septpublicite.fr\/wp-content\/uploads\/2025\/02\/bouchon-a-vin-personnalisable-boutique-en-ligne-7publicite.jpg","width":800,"height":800},{"@type":"BreadcrumbList","@id":"https:\/\/stage.septpublicite.fr\/septpublicite.fr\/product\/bouchon-personnalise\/#breadcrumb","itemListElement":[{"@type":"ListItem","position":1,"name":"Accueil","item":"https:\/\/stage.septpublicite.fr\/septpublicite.fr\/"},{"@type":"ListItem","position":2,"name":"Boutique","item":"https:\/\/stage.septpublicite.fr\/septpublicite.fr\/shop\/"},{"@type":"ListItem","position":3,"name":"Bouchon personnalis\u00e9"}]},{"@type":"WebSite","@id":"https:\/\/stage.septpublicite.fr\/septpublicite.fr\/#website","url":"https:\/\/stage.septpublicite.fr\/septpublicite.fr\/","name":"septpublicite.fr","description":"Notre publicit\u00e9, c&#039;est vous","potentialAction":[{"@type":"SearchAction","target":{"@type":"EntryPoint","urlTemplate":"https:\/\/stage.septpublicite.fr\/septpublicite.fr\/?s={search_term_string}"},"query-input":{"@type":"PropertyValueSpecification","valueRequired":true,"valueName":"search_term_string"}}],"inLanguage":"fr-FR"}]}},"_links":{"self":[{"href":"https:\/\/stage.septpublicite.fr\/septpublicite.fr\/wp-json\/wp\/v2\/product\/329071","targetHints":{"allow":["GET"]}}],"collection":[{"href":"https:\/\/stage.septpublicite.fr\/septpublicite.fr\/wp-json\/wp\/v2\/product"}],"about":[{"href":"https:\/\/stage.septpublicite.fr\/septpublicite.fr\/wp-json\/wp\/v2\/types\/product"}],"replies":[{"embeddable":true,"href":"https:\/\/stage.septpublicite.fr\/septpublicite.fr\/wp-json\/wp\/v2\/comments?post=329071"}],"wp:featuredmedia":[{"embeddable":true,"href":"https:\/\/stage.septpublicite.fr\/septpublicite.fr\/wp-json\/wp\/v2\/media\/329075"}],"wp:attachment":[{"href":"https:\/\/stage.septpublicite.fr\/septpublicite.fr\/wp-json\/wp\/v2\/media?parent=329071"}],"wp:term":[{"taxonomy":"product_brand","embeddable":true,"href":"https:\/\/stage.septpublicite.fr\/septpublicite.fr\/wp-json\/wp\/v2\/product_brand?post=329071"},{"taxonomy":"product_cat","embeddable":true,"href":"https:\/\/stage.septpublicite.fr\/septpublicite.fr\/wp-json\/wp\/v2\/product_cat?post=329071"},{"taxonomy":"product_tag","embeddable":true,"href":"https:\/\/stage.septpublicite.fr\/septpublicite.fr\/wp-json\/wp\/v2\/product_tag?post=329071"}],"curies":[{"name":"wp","href":"https:\/\/api.w.org\/{rel}","templated":true}]}}