{"id":329060,"date":"2025-02-18T20:18:21","date_gmt":"2025-02-18T19:18:21","guid":{"rendered":"https:\/\/stage.septpublicite.fr\/septpublicite.fr\/?post_type=product&#038;p=329060"},"modified":"2025-02-19T20:32:47","modified_gmt":"2025-02-19T19:32:47","slug":"kit-decoration-decoration-de-vehicule-7publicite","status":"publish","type":"product","link":"https:\/\/stage.septpublicite.fr\/septpublicite.fr\/product\/kit-decoration-decoration-de-vehicule-7publicite\/","title":{"rendered":"Kit d\u00e9coration"},"content":{"rendered":"<p>Un kit de d\u00e9coration vous permet de personnaliser l&rsquo;apparence de votre v\u00e9hicule. Il peut contenir divers \u00e9l\u00e9ments comme des autocollants, des bandes adh\u00e9sives, ou des films vinyles. Ils existent en plusieurs styles, du sobre et \u00e9l\u00e9gant au plus extravagant et color\u00e9. Les kits peuvent \u00e9galement contenir des autocollants r\u00e9fl\u00e9chissants pour am\u00e9liorer la visibilit\u00e9 du v\u00e9hicule la nuit. Il est possible de choisir entre des finitions mates, brillantes ou m\u00e9talliques selon le rendu souhait\u00e9.<\/p>\n<p>Pour un r\u00e9sultat optimal, il est conseill\u00e9 de nettoyer soigneusement la surface avant l&rsquo;application.<\/p>\n","protected":false},"excerpt":{"rendered":"<p>Un kit de d\u00e9coration vous permet de personnaliser l&rsquo;apparence de votre v\u00e9hicule. Il peut contenir divers \u00e9l\u00e9ments comme des autocollants, des bandes adh\u00e9sives, ou des films vinyles. Ils existent en plusieurs styles, du sobre et \u00e9l\u00e9gant au plus extravagant et color\u00e9. Les kits peuvent \u00e9galement contenir des autocollants r\u00e9fl\u00e9chissants pour am\u00e9liorer la visibilit\u00e9 du v\u00e9hicule [&hellip;]<\/p>\n","protected":false},"featured_media":2054,"comment_status":"closed","ping_status":"closed","template":"","meta":{"_et_pb_use_builder":"","_et_pb_old_content":"","_et_gb_content_width":""},"product_brand":[],"product_cat":[119,103],"product_tag":[],"class_list":{"0":"post-329060","1":"product","2":"type-product","3":"status-publish","4":"has-post-thumbnail","6":"product_cat-boutique-en-ligne-septpublicite","7":"product_cat-decoration-de-vehicule","9":"first","10":"instock","11":"shipping-taxable","12":"product-type-simple"},"yoast_head":"<!-- This site is optimized with the Yoast SEO plugin v27.6 - https:\/\/yoast.com\/product\/yoast-seo-wordpress\/ -->\n<title>Kit d\u00e9coration - septpublicite.fr<\/title>\n<meta name=\"description\" content=\"Un kit de d\u00e9coration vous permet de personnaliser l&#039;apparence de votre v\u00e9hicule. Il peut contenir divers \u00e9l\u00e9ments comme des autocollants, des bandes adh\u00e9sives, ou des films vinyles\" \/>\n<meta name=\"robots\" content=\"index, follow, max-snippet:-1, max-image-preview:large, max-video-preview:-1\" \/>\n<link rel=\"canonical\" href=\"https:\/\/stage.septpublicite.fr\/septpublicite.fr\/product\/kit-decoration-decoration-de-vehicule-7publicite\/\" \/>\n<meta property=\"og:locale\" content=\"fr_FR\" \/>\n<meta property=\"og:type\" content=\"article\" \/>\n<meta property=\"og:title\" content=\"Kit d\u00e9coration - septpublicite.fr\" \/>\n<meta property=\"og:description\" content=\"Un kit de d\u00e9coration vous permet de personnaliser l&#039;apparence de votre v\u00e9hicule. Il peut contenir divers \u00e9l\u00e9ments comme des autocollants, des bandes adh\u00e9sives, ou des films vinyles\" \/>\n<meta property=\"og:url\" content=\"https:\/\/stage.septpublicite.fr\/septpublicite.fr\/product\/kit-decoration-decoration-de-vehicule-7publicite\/\" \/>\n<meta property=\"og:site_name\" content=\"septpublicite.fr\" \/>\n<meta property=\"article:modified_time\" content=\"2025-02-19T19:32:47+00:00\" \/>\n<meta property=\"og:image\" content=\"https:\/\/stage.septpublicite.fr\/septpublicite.fr\/wp-content\/uploads\/2022\/03\/kit-de\u0301co-pictogramme-juin-2021-09.png\" \/>\n\t<meta property=\"og:image:width\" content=\"233\" \/>\n\t<meta property=\"og:image:height\" content=\"238\" \/>\n\t<meta property=\"og:image:type\" content=\"image\/png\" \/>\n<meta name=\"twitter:card\" content=\"summary_large_image\" \/>\n<meta name=\"twitter:label1\" content=\"Dur\u00e9e de lecture estim\u00e9e\" \/>\n\t<meta name=\"twitter:data1\" content=\"1 minute\" \/>\n<script type=\"application\/ld+json\" class=\"yoast-schema-graph\">{\"@context\":\"https:\\\/\\\/schema.org\",\"@graph\":[{\"@type\":\"WebPage\",\"@id\":\"https:\\\/\\\/stage.septpublicite.fr\\\/septpublicite.fr\\\/product\\\/kit-decoration-decoration-de-vehicule-7publicite\\\/\",\"url\":\"https:\\\/\\\/stage.septpublicite.fr\\\/septpublicite.fr\\\/product\\\/kit-decoration-decoration-de-vehicule-7publicite\\\/\",\"name\":\"Kit d\u00e9coration - septpublicite.fr\",\"isPartOf\":{\"@id\":\"https:\\\/\\\/stage.septpublicite.fr\\\/septpublicite.fr\\\/#website\"},\"primaryImageOfPage\":{\"@id\":\"https:\\\/\\\/stage.septpublicite.fr\\\/septpublicite.fr\\\/product\\\/kit-decoration-decoration-de-vehicule-7publicite\\\/#primaryimage\"},\"image\":{\"@id\":\"https:\\\/\\\/stage.septpublicite.fr\\\/septpublicite.fr\\\/product\\\/kit-decoration-decoration-de-vehicule-7publicite\\\/#primaryimage\"},\"thumbnailUrl\":\"https:\\\/\\\/stage.septpublicite.fr\\\/septpublicite.fr\\\/wp-content\\\/uploads\\\/2022\\\/03\\\/kit-de\u0301co-pictogramme-juin-2021-09.png\",\"datePublished\":\"2025-02-18T19:18:21+00:00\",\"dateModified\":\"2025-02-19T19:32:47+00:00\",\"description\":\"Un kit de d\u00e9coration vous permet de personnaliser l'apparence de votre v\u00e9hicule. Il peut contenir divers \u00e9l\u00e9ments comme des autocollants, des bandes adh\u00e9sives, ou des films vinyles\",\"breadcrumb\":{\"@id\":\"https:\\\/\\\/stage.septpublicite.fr\\\/septpublicite.fr\\\/product\\\/kit-decoration-decoration-de-vehicule-7publicite\\\/#breadcrumb\"},\"inLanguage\":\"fr-FR\",\"potentialAction\":[{\"@type\":\"ReadAction\",\"target\":[\"https:\\\/\\\/stage.septpublicite.fr\\\/septpublicite.fr\\\/product\\\/kit-decoration-decoration-de-vehicule-7publicite\\\/\"]}]},{\"@type\":\"ImageObject\",\"inLanguage\":\"fr-FR\",\"@id\":\"https:\\\/\\\/stage.septpublicite.fr\\\/septpublicite.fr\\\/product\\\/kit-decoration-decoration-de-vehicule-7publicite\\\/#primaryimage\",\"url\":\"https:\\\/\\\/stage.septpublicite.fr\\\/septpublicite.fr\\\/wp-content\\\/uploads\\\/2022\\\/03\\\/kit-de\u0301co-pictogramme-juin-2021-09.png\",\"contentUrl\":\"https:\\\/\\\/stage.septpublicite.fr\\\/septpublicite.fr\\\/wp-content\\\/uploads\\\/2022\\\/03\\\/kit-de\u0301co-pictogramme-juin-2021-09.png\",\"width\":233,\"height\":238},{\"@type\":\"BreadcrumbList\",\"@id\":\"https:\\\/\\\/stage.septpublicite.fr\\\/septpublicite.fr\\\/product\\\/kit-decoration-decoration-de-vehicule-7publicite\\\/#breadcrumb\",\"itemListElement\":[{\"@type\":\"ListItem\",\"position\":1,\"name\":\"Accueil\",\"item\":\"https:\\\/\\\/stage.septpublicite.fr\\\/septpublicite.fr\\\/\"},{\"@type\":\"ListItem\",\"position\":2,\"name\":\"Boutique\",\"item\":\"https:\\\/\\\/stage.septpublicite.fr\\\/septpublicite.fr\\\/shop\\\/\"},{\"@type\":\"ListItem\",\"position\":3,\"name\":\"Kit d\u00e9coration\"}]},{\"@type\":\"WebSite\",\"@id\":\"https:\\\/\\\/stage.septpublicite.fr\\\/septpublicite.fr\\\/#website\",\"url\":\"https:\\\/\\\/stage.septpublicite.fr\\\/septpublicite.fr\\\/\",\"name\":\"septpublicite.fr\",\"description\":\"Notre publicit\u00e9, c&#039;est vous\",\"potentialAction\":[{\"@type\":\"SearchAction\",\"target\":{\"@type\":\"EntryPoint\",\"urlTemplate\":\"https:\\\/\\\/stage.septpublicite.fr\\\/septpublicite.fr\\\/?s={search_term_string}\"},\"query-input\":{\"@type\":\"PropertyValueSpecification\",\"valueRequired\":true,\"valueName\":\"search_term_string\"}}],\"inLanguage\":\"fr-FR\"}]}<\/script>\n<!-- \/ Yoast SEO plugin. -->","yoast_head_json":{"title":"Kit d\u00e9coration - septpublicite.fr","description":"Un kit de d\u00e9coration vous permet de personnaliser l'apparence de votre v\u00e9hicule. Il peut contenir divers \u00e9l\u00e9ments comme des autocollants, des bandes adh\u00e9sives, ou des films vinyles","robots":{"index":"index","follow":"follow","max-snippet":"max-snippet:-1","max-image-preview":"max-image-preview:large","max-video-preview":"max-video-preview:-1"},"canonical":"https:\/\/stage.septpublicite.fr\/septpublicite.fr\/product\/kit-decoration-decoration-de-vehicule-7publicite\/","og_locale":"fr_FR","og_type":"article","og_title":"Kit d\u00e9coration - septpublicite.fr","og_description":"Un kit de d\u00e9coration vous permet de personnaliser l'apparence de votre v\u00e9hicule. Il peut contenir divers \u00e9l\u00e9ments comme des autocollants, des bandes adh\u00e9sives, ou des films vinyles","og_url":"https:\/\/stage.septpublicite.fr\/septpublicite.fr\/product\/kit-decoration-decoration-de-vehicule-7publicite\/","og_site_name":"septpublicite.fr","article_modified_time":"2025-02-19T19:32:47+00:00","og_image":[{"width":233,"height":238,"url":"https:\/\/stage.septpublicite.fr\/septpublicite.fr\/wp-content\/uploads\/2022\/03\/kit-de\u0301co-pictogramme-juin-2021-09.png","type":"image\/png"}],"twitter_card":"summary_large_image","twitter_misc":{"Dur\u00e9e de lecture estim\u00e9e":"1 minute"},"schema":{"@context":"https:\/\/schema.org","@graph":[{"@type":"WebPage","@id":"https:\/\/stage.septpublicite.fr\/septpublicite.fr\/product\/kit-decoration-decoration-de-vehicule-7publicite\/","url":"https:\/\/stage.septpublicite.fr\/septpublicite.fr\/product\/kit-decoration-decoration-de-vehicule-7publicite\/","name":"Kit d\u00e9coration - septpublicite.fr","isPartOf":{"@id":"https:\/\/stage.septpublicite.fr\/septpublicite.fr\/#website"},"primaryImageOfPage":{"@id":"https:\/\/stage.septpublicite.fr\/septpublicite.fr\/product\/kit-decoration-decoration-de-vehicule-7publicite\/#primaryimage"},"image":{"@id":"https:\/\/stage.septpublicite.fr\/septpublicite.fr\/product\/kit-decoration-decoration-de-vehicule-7publicite\/#primaryimage"},"thumbnailUrl":"https:\/\/stage.septpublicite.fr\/septpublicite.fr\/wp-content\/uploads\/2022\/03\/kit-de\u0301co-pictogramme-juin-2021-09.png","datePublished":"2025-02-18T19:18:21+00:00","dateModified":"2025-02-19T19:32:47+00:00","description":"Un kit de d\u00e9coration vous permet de personnaliser l'apparence de votre v\u00e9hicule. Il peut contenir divers \u00e9l\u00e9ments comme des autocollants, des bandes adh\u00e9sives, ou des films vinyles","breadcrumb":{"@id":"https:\/\/stage.septpublicite.fr\/septpublicite.fr\/product\/kit-decoration-decoration-de-vehicule-7publicite\/#breadcrumb"},"inLanguage":"fr-FR","potentialAction":[{"@type":"ReadAction","target":["https:\/\/stage.septpublicite.fr\/septpublicite.fr\/product\/kit-decoration-decoration-de-vehicule-7publicite\/"]}]},{"@type":"ImageObject","inLanguage":"fr-FR","@id":"https:\/\/stage.septpublicite.fr\/septpublicite.fr\/product\/kit-decoration-decoration-de-vehicule-7publicite\/#primaryimage","url":"https:\/\/stage.septpublicite.fr\/septpublicite.fr\/wp-content\/uploads\/2022\/03\/kit-de\u0301co-pictogramme-juin-2021-09.png","contentUrl":"https:\/\/stage.septpublicite.fr\/septpublicite.fr\/wp-content\/uploads\/2022\/03\/kit-de\u0301co-pictogramme-juin-2021-09.png","width":233,"height":238},{"@type":"BreadcrumbList","@id":"https:\/\/stage.septpublicite.fr\/septpublicite.fr\/product\/kit-decoration-decoration-de-vehicule-7publicite\/#breadcrumb","itemListElement":[{"@type":"ListItem","position":1,"name":"Accueil","item":"https:\/\/stage.septpublicite.fr\/septpublicite.fr\/"},{"@type":"ListItem","position":2,"name":"Boutique","item":"https:\/\/stage.septpublicite.fr\/septpublicite.fr\/shop\/"},{"@type":"ListItem","position":3,"name":"Kit d\u00e9coration"}]},{"@type":"WebSite","@id":"https:\/\/stage.septpublicite.fr\/septpublicite.fr\/#website","url":"https:\/\/stage.septpublicite.fr\/septpublicite.fr\/","name":"septpublicite.fr","description":"Notre publicit\u00e9, c&#039;est vous","potentialAction":[{"@type":"SearchAction","target":{"@type":"EntryPoint","urlTemplate":"https:\/\/stage.septpublicite.fr\/septpublicite.fr\/?s={search_term_string}"},"query-input":{"@type":"PropertyValueSpecification","valueRequired":true,"valueName":"search_term_string"}}],"inLanguage":"fr-FR"}]}},"_links":{"self":[{"href":"https:\/\/stage.septpublicite.fr\/septpublicite.fr\/wp-json\/wp\/v2\/product\/329060","targetHints":{"allow":["GET"]}}],"collection":[{"href":"https:\/\/stage.septpublicite.fr\/septpublicite.fr\/wp-json\/wp\/v2\/product"}],"about":[{"href":"https:\/\/stage.septpublicite.fr\/septpublicite.fr\/wp-json\/wp\/v2\/types\/product"}],"replies":[{"embeddable":true,"href":"https:\/\/stage.septpublicite.fr\/septpublicite.fr\/wp-json\/wp\/v2\/comments?post=329060"}],"wp:featuredmedia":[{"embeddable":true,"href":"https:\/\/stage.septpublicite.fr\/septpublicite.fr\/wp-json\/wp\/v2\/media\/2054"}],"wp:attachment":[{"href":"https:\/\/stage.septpublicite.fr\/septpublicite.fr\/wp-json\/wp\/v2\/media?parent=329060"}],"wp:term":[{"taxonomy":"product_brand","embeddable":true,"href":"https:\/\/stage.septpublicite.fr\/septpublicite.fr\/wp-json\/wp\/v2\/product_brand?post=329060"},{"taxonomy":"product_cat","embeddable":true,"href":"https:\/\/stage.septpublicite.fr\/septpublicite.fr\/wp-json\/wp\/v2\/product_cat?post=329060"},{"taxonomy":"product_tag","embeddable":true,"href":"https:\/\/stage.septpublicite.fr\/septpublicite.fr\/wp-json\/wp\/v2\/product_tag?post=329060"}],"curies":[{"name":"wp","href":"https:\/\/api.w.org\/{rel}","templated":true}]}}