{"id":329025,"date":"2025-02-18T15:02:26","date_gmt":"2025-02-18T14:02:26","guid":{"rendered":"https:\/\/stage.septpublicite.fr\/septpublicite.fr\/?post_type=product&#038;p=329025"},"modified":"2025-02-18T15:02:38","modified_gmt":"2025-02-18T14:02:38","slug":"metallerie-et-ferronnerie-dart-7publicite","status":"publish","type":"product","link":"https:\/\/stage.septpublicite.fr\/septpublicite.fr\/product\/metallerie-et-ferronnerie-dart-7publicite\/","title":{"rendered":"M\u00e9tallerie et ferronnerie d&rsquo;art"},"content":{"rendered":"<p>La m\u00e9tallerie et ferronnerie d\u2019art transforme le m\u00e9tal en des cr\u00e9ations qui allient beaut\u00e9 et fonctionnalit\u00e9. Avec notre expertise, nous donnons vie \u00e0 vos id\u00e9es les plus cr\u00e9atives, offrant des pi\u00e8ces sur-mesure qui ajoutent une touche artisanale et authentique.<\/p>\n","protected":false},"excerpt":{"rendered":"<p>La m\u00e9tallerie et ferronnerie d\u2019art transforme le m\u00e9tal en des cr\u00e9ations qui allient beaut\u00e9 et fonctionnalit\u00e9. Avec notre expertise, nous donnons vie \u00e0 vos id\u00e9es les plus cr\u00e9atives, offrant des pi\u00e8ces sur-mesure qui ajoutent une touche artisanale et authentique.<\/p>\n","protected":false},"featured_media":329026,"comment_status":"closed","ping_status":"closed","template":"","meta":{"_et_pb_use_builder":"","_et_pb_old_content":"","_et_gb_content_width":""},"product_brand":[],"product_cat":[48,66],"product_tag":[],"class_list":{"0":"post-329025","1":"product","2":"type-product","3":"status-publish","4":"has-post-thumbnail","6":"product_cat-chaudronnerie-ferronnerie-serrurerie","7":"product_cat-metallerie-et-ferronnerie-dart","9":"first","10":"instock","11":"shipping-taxable","12":"product-type-simple"},"yoast_head":"<!-- This site is optimized with the Yoast SEO plugin v27.6 - https:\/\/yoast.com\/product\/yoast-seo-wordpress\/ -->\n<title>M\u00e9tallerie et ferronnerie d&#039;art - septpublicite.fr<\/title>\n<meta name=\"description\" content=\"La m\u00e9tallerie et ferronnerie d\u2019art transforme le m\u00e9tal en des cr\u00e9ations qui allient beaut\u00e9 et fonctionnalit\u00e9.\" \/>\n<meta name=\"robots\" content=\"index, follow, max-snippet:-1, max-image-preview:large, max-video-preview:-1\" \/>\n<link rel=\"canonical\" href=\"https:\/\/stage.septpublicite.fr\/septpublicite.fr\/product\/metallerie-et-ferronnerie-dart-7publicite\/\" \/>\n<meta property=\"og:locale\" content=\"fr_FR\" \/>\n<meta property=\"og:type\" content=\"article\" \/>\n<meta property=\"og:title\" content=\"M\u00e9tallerie et ferronnerie d&#039;art - septpublicite.fr\" \/>\n<meta property=\"og:description\" content=\"La m\u00e9tallerie et ferronnerie d\u2019art transforme le m\u00e9tal en des cr\u00e9ations qui allient beaut\u00e9 et fonctionnalit\u00e9.\" \/>\n<meta property=\"og:url\" content=\"https:\/\/stage.septpublicite.fr\/septpublicite.fr\/product\/metallerie-et-ferronnerie-dart-7publicite\/\" \/>\n<meta property=\"og:site_name\" content=\"septpublicite.fr\" \/>\n<meta property=\"article:modified_time\" content=\"2025-02-18T14:02:38+00:00\" \/>\n<meta property=\"og:image\" content=\"https:\/\/stage.septpublicite.fr\/septpublicite.fr\/wp-content\/uploads\/2025\/02\/garde-corps-metallerie-et-ferronnerie-d-art-ATELIER-7publicite-IMG_7168-2.jpg\" \/>\n\t<meta property=\"og:image:width\" content=\"1537\" \/>\n\t<meta property=\"og:image:height\" content=\"2049\" \/>\n\t<meta property=\"og:image:type\" content=\"image\/jpeg\" \/>\n<meta name=\"twitter:card\" content=\"summary_large_image\" \/>\n<meta name=\"twitter:label1\" content=\"Dur\u00e9e de lecture estim\u00e9e\" \/>\n\t<meta name=\"twitter:data1\" content=\"1 minute\" \/>\n<script type=\"application\/ld+json\" class=\"yoast-schema-graph\">{\"@context\":\"https:\\\/\\\/schema.org\",\"@graph\":[{\"@type\":\"WebPage\",\"@id\":\"https:\\\/\\\/stage.septpublicite.fr\\\/septpublicite.fr\\\/product\\\/metallerie-et-ferronnerie-dart-7publicite\\\/\",\"url\":\"https:\\\/\\\/stage.septpublicite.fr\\\/septpublicite.fr\\\/product\\\/metallerie-et-ferronnerie-dart-7publicite\\\/\",\"name\":\"M\u00e9tallerie et ferronnerie d'art - septpublicite.fr\",\"isPartOf\":{\"@id\":\"https:\\\/\\\/stage.septpublicite.fr\\\/septpublicite.fr\\\/#website\"},\"primaryImageOfPage\":{\"@id\":\"https:\\\/\\\/stage.septpublicite.fr\\\/septpublicite.fr\\\/product\\\/metallerie-et-ferronnerie-dart-7publicite\\\/#primaryimage\"},\"image\":{\"@id\":\"https:\\\/\\\/stage.septpublicite.fr\\\/septpublicite.fr\\\/product\\\/metallerie-et-ferronnerie-dart-7publicite\\\/#primaryimage\"},\"thumbnailUrl\":\"https:\\\/\\\/stage.septpublicite.fr\\\/septpublicite.fr\\\/wp-content\\\/uploads\\\/2025\\\/02\\\/garde-corps-metallerie-et-ferronnerie-d-art-ATELIER-7publicite-IMG_7168-2.jpg\",\"datePublished\":\"2025-02-18T14:02:26+00:00\",\"dateModified\":\"2025-02-18T14:02:38+00:00\",\"description\":\"La m\u00e9tallerie et ferronnerie d\u2019art transforme le m\u00e9tal en des cr\u00e9ations qui allient beaut\u00e9 et fonctionnalit\u00e9.\",\"breadcrumb\":{\"@id\":\"https:\\\/\\\/stage.septpublicite.fr\\\/septpublicite.fr\\\/product\\\/metallerie-et-ferronnerie-dart-7publicite\\\/#breadcrumb\"},\"inLanguage\":\"fr-FR\",\"potentialAction\":[{\"@type\":\"ReadAction\",\"target\":[\"https:\\\/\\\/stage.septpublicite.fr\\\/septpublicite.fr\\\/product\\\/metallerie-et-ferronnerie-dart-7publicite\\\/\"]}]},{\"@type\":\"ImageObject\",\"inLanguage\":\"fr-FR\",\"@id\":\"https:\\\/\\\/stage.septpublicite.fr\\\/septpublicite.fr\\\/product\\\/metallerie-et-ferronnerie-dart-7publicite\\\/#primaryimage\",\"url\":\"https:\\\/\\\/stage.septpublicite.fr\\\/septpublicite.fr\\\/wp-content\\\/uploads\\\/2025\\\/02\\\/garde-corps-metallerie-et-ferronnerie-d-art-ATELIER-7publicite-IMG_7168-2.jpg\",\"contentUrl\":\"https:\\\/\\\/stage.septpublicite.fr\\\/septpublicite.fr\\\/wp-content\\\/uploads\\\/2025\\\/02\\\/garde-corps-metallerie-et-ferronnerie-d-art-ATELIER-7publicite-IMG_7168-2.jpg\",\"width\":1537,\"height\":2049},{\"@type\":\"BreadcrumbList\",\"@id\":\"https:\\\/\\\/stage.septpublicite.fr\\\/septpublicite.fr\\\/product\\\/metallerie-et-ferronnerie-dart-7publicite\\\/#breadcrumb\",\"itemListElement\":[{\"@type\":\"ListItem\",\"position\":1,\"name\":\"Accueil\",\"item\":\"https:\\\/\\\/stage.septpublicite.fr\\\/septpublicite.fr\\\/\"},{\"@type\":\"ListItem\",\"position\":2,\"name\":\"Boutique\",\"item\":\"https:\\\/\\\/stage.septpublicite.fr\\\/septpublicite.fr\\\/shop\\\/\"},{\"@type\":\"ListItem\",\"position\":3,\"name\":\"M\u00e9tallerie et ferronnerie d&rsquo;art\"}]},{\"@type\":\"WebSite\",\"@id\":\"https:\\\/\\\/stage.septpublicite.fr\\\/septpublicite.fr\\\/#website\",\"url\":\"https:\\\/\\\/stage.septpublicite.fr\\\/septpublicite.fr\\\/\",\"name\":\"septpublicite.fr\",\"description\":\"Notre publicit\u00e9, c&#039;est vous\",\"potentialAction\":[{\"@type\":\"SearchAction\",\"target\":{\"@type\":\"EntryPoint\",\"urlTemplate\":\"https:\\\/\\\/stage.septpublicite.fr\\\/septpublicite.fr\\\/?s={search_term_string}\"},\"query-input\":{\"@type\":\"PropertyValueSpecification\",\"valueRequired\":true,\"valueName\":\"search_term_string\"}}],\"inLanguage\":\"fr-FR\"}]}<\/script>\n<!-- \/ Yoast SEO plugin. -->","yoast_head_json":{"title":"M\u00e9tallerie et ferronnerie d'art - septpublicite.fr","description":"La m\u00e9tallerie et ferronnerie d\u2019art transforme le m\u00e9tal en des cr\u00e9ations qui allient beaut\u00e9 et fonctionnalit\u00e9.","robots":{"index":"index","follow":"follow","max-snippet":"max-snippet:-1","max-image-preview":"max-image-preview:large","max-video-preview":"max-video-preview:-1"},"canonical":"https:\/\/stage.septpublicite.fr\/septpublicite.fr\/product\/metallerie-et-ferronnerie-dart-7publicite\/","og_locale":"fr_FR","og_type":"article","og_title":"M\u00e9tallerie et ferronnerie d'art - septpublicite.fr","og_description":"La m\u00e9tallerie et ferronnerie d\u2019art transforme le m\u00e9tal en des cr\u00e9ations qui allient beaut\u00e9 et fonctionnalit\u00e9.","og_url":"https:\/\/stage.septpublicite.fr\/septpublicite.fr\/product\/metallerie-et-ferronnerie-dart-7publicite\/","og_site_name":"septpublicite.fr","article_modified_time":"2025-02-18T14:02:38+00:00","og_image":[{"width":1537,"height":2049,"url":"https:\/\/stage.septpublicite.fr\/septpublicite.fr\/wp-content\/uploads\/2025\/02\/garde-corps-metallerie-et-ferronnerie-d-art-ATELIER-7publicite-IMG_7168-2.jpg","type":"image\/jpeg"}],"twitter_card":"summary_large_image","twitter_misc":{"Dur\u00e9e de lecture estim\u00e9e":"1 minute"},"schema":{"@context":"https:\/\/schema.org","@graph":[{"@type":"WebPage","@id":"https:\/\/stage.septpublicite.fr\/septpublicite.fr\/product\/metallerie-et-ferronnerie-dart-7publicite\/","url":"https:\/\/stage.septpublicite.fr\/septpublicite.fr\/product\/metallerie-et-ferronnerie-dart-7publicite\/","name":"M\u00e9tallerie et ferronnerie d'art - septpublicite.fr","isPartOf":{"@id":"https:\/\/stage.septpublicite.fr\/septpublicite.fr\/#website"},"primaryImageOfPage":{"@id":"https:\/\/stage.septpublicite.fr\/septpublicite.fr\/product\/metallerie-et-ferronnerie-dart-7publicite\/#primaryimage"},"image":{"@id":"https:\/\/stage.septpublicite.fr\/septpublicite.fr\/product\/metallerie-et-ferronnerie-dart-7publicite\/#primaryimage"},"thumbnailUrl":"https:\/\/stage.septpublicite.fr\/septpublicite.fr\/wp-content\/uploads\/2025\/02\/garde-corps-metallerie-et-ferronnerie-d-art-ATELIER-7publicite-IMG_7168-2.jpg","datePublished":"2025-02-18T14:02:26+00:00","dateModified":"2025-02-18T14:02:38+00:00","description":"La m\u00e9tallerie et ferronnerie d\u2019art transforme le m\u00e9tal en des cr\u00e9ations qui allient beaut\u00e9 et fonctionnalit\u00e9.","breadcrumb":{"@id":"https:\/\/stage.septpublicite.fr\/septpublicite.fr\/product\/metallerie-et-ferronnerie-dart-7publicite\/#breadcrumb"},"inLanguage":"fr-FR","potentialAction":[{"@type":"ReadAction","target":["https:\/\/stage.septpublicite.fr\/septpublicite.fr\/product\/metallerie-et-ferronnerie-dart-7publicite\/"]}]},{"@type":"ImageObject","inLanguage":"fr-FR","@id":"https:\/\/stage.septpublicite.fr\/septpublicite.fr\/product\/metallerie-et-ferronnerie-dart-7publicite\/#primaryimage","url":"https:\/\/stage.septpublicite.fr\/septpublicite.fr\/wp-content\/uploads\/2025\/02\/garde-corps-metallerie-et-ferronnerie-d-art-ATELIER-7publicite-IMG_7168-2.jpg","contentUrl":"https:\/\/stage.septpublicite.fr\/septpublicite.fr\/wp-content\/uploads\/2025\/02\/garde-corps-metallerie-et-ferronnerie-d-art-ATELIER-7publicite-IMG_7168-2.jpg","width":1537,"height":2049},{"@type":"BreadcrumbList","@id":"https:\/\/stage.septpublicite.fr\/septpublicite.fr\/product\/metallerie-et-ferronnerie-dart-7publicite\/#breadcrumb","itemListElement":[{"@type":"ListItem","position":1,"name":"Accueil","item":"https:\/\/stage.septpublicite.fr\/septpublicite.fr\/"},{"@type":"ListItem","position":2,"name":"Boutique","item":"https:\/\/stage.septpublicite.fr\/septpublicite.fr\/shop\/"},{"@type":"ListItem","position":3,"name":"M\u00e9tallerie et ferronnerie d&rsquo;art"}]},{"@type":"WebSite","@id":"https:\/\/stage.septpublicite.fr\/septpublicite.fr\/#website","url":"https:\/\/stage.septpublicite.fr\/septpublicite.fr\/","name":"septpublicite.fr","description":"Notre publicit\u00e9, c&#039;est vous","potentialAction":[{"@type":"SearchAction","target":{"@type":"EntryPoint","urlTemplate":"https:\/\/stage.septpublicite.fr\/septpublicite.fr\/?s={search_term_string}"},"query-input":{"@type":"PropertyValueSpecification","valueRequired":true,"valueName":"search_term_string"}}],"inLanguage":"fr-FR"}]}},"_links":{"self":[{"href":"https:\/\/stage.septpublicite.fr\/septpublicite.fr\/wp-json\/wp\/v2\/product\/329025","targetHints":{"allow":["GET"]}}],"collection":[{"href":"https:\/\/stage.septpublicite.fr\/septpublicite.fr\/wp-json\/wp\/v2\/product"}],"about":[{"href":"https:\/\/stage.septpublicite.fr\/septpublicite.fr\/wp-json\/wp\/v2\/types\/product"}],"replies":[{"embeddable":true,"href":"https:\/\/stage.septpublicite.fr\/septpublicite.fr\/wp-json\/wp\/v2\/comments?post=329025"}],"wp:featuredmedia":[{"embeddable":true,"href":"https:\/\/stage.septpublicite.fr\/septpublicite.fr\/wp-json\/wp\/v2\/media\/329026"}],"wp:attachment":[{"href":"https:\/\/stage.septpublicite.fr\/septpublicite.fr\/wp-json\/wp\/v2\/media?parent=329025"}],"wp:term":[{"taxonomy":"product_brand","embeddable":true,"href":"https:\/\/stage.septpublicite.fr\/septpublicite.fr\/wp-json\/wp\/v2\/product_brand?post=329025"},{"taxonomy":"product_cat","embeddable":true,"href":"https:\/\/stage.septpublicite.fr\/septpublicite.fr\/wp-json\/wp\/v2\/product_cat?post=329025"},{"taxonomy":"product_tag","embeddable":true,"href":"https:\/\/stage.septpublicite.fr\/septpublicite.fr\/wp-json\/wp\/v2\/product_tag?post=329025"}],"curies":[{"name":"wp","href":"https:\/\/api.w.org\/{rel}","templated":true}]}}