{"id":329021,"date":"2025-02-18T14:56:53","date_gmt":"2025-02-18T13:56:53","guid":{"rendered":"https:\/\/stage.septpublicite.fr\/septpublicite.fr\/?post_type=product&#038;p=329021"},"modified":"2025-02-18T14:58:56","modified_gmt":"2025-02-18T13:58:56","slug":"porte-et-grille-sur-mesure-7publicite","status":"publish","type":"product","link":"https:\/\/stage.septpublicite.fr\/septpublicite.fr\/product\/porte-et-grille-sur-mesure-7publicite\/","title":{"rendered":"Porte et grille sur mesure"},"content":{"rendered":"<p>Nous concevons des portes et grilles sur mesure avec un savoir-faire artisanal garantissant \u00e0 la fois robustesse et esth\u00e9tique. Chaque cr\u00e9ation est r\u00e9alis\u00e9e en fonction de la demande de nos clients. Cela offre ainsi une parfaite adaptation \u00e0 leur environnement.<\/p>\n<p>Gr\u00e2ce \u00e0 des mat\u00e9riaux de qualit\u00e9 et des techniques de fabrication pr\u00e9cises, nos portails assurent une s\u00e9curit\u00e9 optimale tout en apportant une touche unique \u00e0 chaque espace. Ils sont enti\u00e8rement personnalisables, tant au niveau du design que des finitions et des dimensions. Cela permet de r\u00e9pondre \u00e0 toutes les exigences, qu\u2019elles soient fonctionnelles ou d\u00e9coratives.<\/p>\n<p>Que ce soit pour une r\u00e9sidence, un commerce ou un site industriel, nos solutions sur mesure allient durabilit\u00e9, performance et \u00e9l\u00e9gance.<\/p>\n<p>Portail, portillon, grille.<\/p>\n<p>&nbsp;<\/p>\n","protected":false},"excerpt":{"rendered":"<p>Nous concevons des portes et grilles sur mesure avec un savoir-faire artisanal garantissant \u00e0 la fois robustesse et esth\u00e9tique. Chaque cr\u00e9ation est r\u00e9alis\u00e9e en fonction de la demande de nos clients. Cela offre ainsi une parfaite adaptation \u00e0 leur environnement. Gr\u00e2ce \u00e0 des mat\u00e9riaux de qualit\u00e9 et des techniques de fabrication pr\u00e9cises, nos portails assurent [&hellip;]<\/p>\n","protected":false},"featured_media":329024,"comment_status":"closed","ping_status":"closed","template":"","meta":{"_et_pb_use_builder":"","_et_pb_old_content":"","_et_gb_content_width":""},"product_brand":[],"product_cat":[48,65],"product_tag":[],"class_list":{"0":"post-329021","1":"product","2":"type-product","3":"status-publish","4":"has-post-thumbnail","6":"product_cat-chaudronnerie-ferronnerie-serrurerie","7":"product_cat-portails-sur-mesure","9":"first","10":"instock","11":"shipping-taxable","12":"product-type-simple"},"yoast_head":"<!-- This site is optimized with the Yoast SEO plugin v27.6 - https:\/\/yoast.com\/product\/yoast-seo-wordpress\/ -->\n<title>Porte et grille sur mesure - septpublicite.fr<\/title>\n<meta name=\"description\" content=\"Nous concevons des portes et grilles sur mesure avec un savoir-faire artisanal garantissant \u00e0 la fois robustesse et esth\u00e9tique\" \/>\n<meta name=\"robots\" content=\"index, follow, max-snippet:-1, max-image-preview:large, max-video-preview:-1\" \/>\n<link rel=\"canonical\" href=\"https:\/\/stage.septpublicite.fr\/septpublicite.fr\/product\/porte-et-grille-sur-mesure-7publicite\/\" \/>\n<meta property=\"og:locale\" content=\"fr_FR\" \/>\n<meta property=\"og:type\" content=\"article\" \/>\n<meta property=\"og:title\" content=\"Porte et grille sur mesure - septpublicite.fr\" \/>\n<meta property=\"og:description\" content=\"Nous concevons des portes et grilles sur mesure avec un savoir-faire artisanal garantissant \u00e0 la fois robustesse et esth\u00e9tique\" \/>\n<meta property=\"og:url\" content=\"https:\/\/stage.septpublicite.fr\/septpublicite.fr\/product\/porte-et-grille-sur-mesure-7publicite\/\" \/>\n<meta property=\"og:site_name\" content=\"septpublicite.fr\" \/>\n<meta property=\"article:modified_time\" content=\"2025-02-18T13:58:56+00:00\" \/>\n<meta property=\"og:image\" content=\"https:\/\/stage.septpublicite.fr\/septpublicite.fr\/wp-content\/uploads\/2025\/02\/grille-de-protection-porte-et-grille-sur-mesure-ATELIER-7publicite-IMG_6906.jpg\" \/>\n\t<meta property=\"og:image:width\" content=\"2049\" \/>\n\t<meta property=\"og:image:height\" content=\"1537\" \/>\n\t<meta property=\"og:image:type\" content=\"image\/jpeg\" \/>\n<meta name=\"twitter:card\" content=\"summary_large_image\" \/>\n<meta name=\"twitter:label1\" content=\"Dur\u00e9e de lecture estim\u00e9e\" \/>\n\t<meta name=\"twitter:data1\" content=\"1 minute\" \/>\n<script type=\"application\/ld+json\" class=\"yoast-schema-graph\">{\"@context\":\"https:\\\/\\\/schema.org\",\"@graph\":[{\"@type\":\"WebPage\",\"@id\":\"https:\\\/\\\/stage.septpublicite.fr\\\/septpublicite.fr\\\/product\\\/porte-et-grille-sur-mesure-7publicite\\\/\",\"url\":\"https:\\\/\\\/stage.septpublicite.fr\\\/septpublicite.fr\\\/product\\\/porte-et-grille-sur-mesure-7publicite\\\/\",\"name\":\"Porte et grille sur mesure - septpublicite.fr\",\"isPartOf\":{\"@id\":\"https:\\\/\\\/stage.septpublicite.fr\\\/septpublicite.fr\\\/#website\"},\"primaryImageOfPage\":{\"@id\":\"https:\\\/\\\/stage.septpublicite.fr\\\/septpublicite.fr\\\/product\\\/porte-et-grille-sur-mesure-7publicite\\\/#primaryimage\"},\"image\":{\"@id\":\"https:\\\/\\\/stage.septpublicite.fr\\\/septpublicite.fr\\\/product\\\/porte-et-grille-sur-mesure-7publicite\\\/#primaryimage\"},\"thumbnailUrl\":\"https:\\\/\\\/stage.septpublicite.fr\\\/septpublicite.fr\\\/wp-content\\\/uploads\\\/2025\\\/02\\\/grille-de-protection-porte-et-grille-sur-mesure-ATELIER-7publicite-IMG_6906.jpg\",\"datePublished\":\"2025-02-18T13:56:53+00:00\",\"dateModified\":\"2025-02-18T13:58:56+00:00\",\"description\":\"Nous concevons des portes et grilles sur mesure avec un savoir-faire artisanal garantissant \u00e0 la fois robustesse et esth\u00e9tique\",\"breadcrumb\":{\"@id\":\"https:\\\/\\\/stage.septpublicite.fr\\\/septpublicite.fr\\\/product\\\/porte-et-grille-sur-mesure-7publicite\\\/#breadcrumb\"},\"inLanguage\":\"fr-FR\",\"potentialAction\":[{\"@type\":\"ReadAction\",\"target\":[\"https:\\\/\\\/stage.septpublicite.fr\\\/septpublicite.fr\\\/product\\\/porte-et-grille-sur-mesure-7publicite\\\/\"]}]},{\"@type\":\"ImageObject\",\"inLanguage\":\"fr-FR\",\"@id\":\"https:\\\/\\\/stage.septpublicite.fr\\\/septpublicite.fr\\\/product\\\/porte-et-grille-sur-mesure-7publicite\\\/#primaryimage\",\"url\":\"https:\\\/\\\/stage.septpublicite.fr\\\/septpublicite.fr\\\/wp-content\\\/uploads\\\/2025\\\/02\\\/grille-de-protection-porte-et-grille-sur-mesure-ATELIER-7publicite-IMG_6906.jpg\",\"contentUrl\":\"https:\\\/\\\/stage.septpublicite.fr\\\/septpublicite.fr\\\/wp-content\\\/uploads\\\/2025\\\/02\\\/grille-de-protection-porte-et-grille-sur-mesure-ATELIER-7publicite-IMG_6906.jpg\",\"width\":2049,\"height\":1537},{\"@type\":\"BreadcrumbList\",\"@id\":\"https:\\\/\\\/stage.septpublicite.fr\\\/septpublicite.fr\\\/product\\\/porte-et-grille-sur-mesure-7publicite\\\/#breadcrumb\",\"itemListElement\":[{\"@type\":\"ListItem\",\"position\":1,\"name\":\"Accueil\",\"item\":\"https:\\\/\\\/stage.septpublicite.fr\\\/septpublicite.fr\\\/\"},{\"@type\":\"ListItem\",\"position\":2,\"name\":\"Boutique\",\"item\":\"https:\\\/\\\/stage.septpublicite.fr\\\/septpublicite.fr\\\/shop\\\/\"},{\"@type\":\"ListItem\",\"position\":3,\"name\":\"Porte et grille sur mesure\"}]},{\"@type\":\"WebSite\",\"@id\":\"https:\\\/\\\/stage.septpublicite.fr\\\/septpublicite.fr\\\/#website\",\"url\":\"https:\\\/\\\/stage.septpublicite.fr\\\/septpublicite.fr\\\/\",\"name\":\"septpublicite.fr\",\"description\":\"Notre publicit\u00e9, c&#039;est vous\",\"potentialAction\":[{\"@type\":\"SearchAction\",\"target\":{\"@type\":\"EntryPoint\",\"urlTemplate\":\"https:\\\/\\\/stage.septpublicite.fr\\\/septpublicite.fr\\\/?s={search_term_string}\"},\"query-input\":{\"@type\":\"PropertyValueSpecification\",\"valueRequired\":true,\"valueName\":\"search_term_string\"}}],\"inLanguage\":\"fr-FR\"}]}<\/script>\n<!-- \/ Yoast SEO plugin. -->","yoast_head_json":{"title":"Porte et grille sur mesure - septpublicite.fr","description":"Nous concevons des portes et grilles sur mesure avec un savoir-faire artisanal garantissant \u00e0 la fois robustesse et esth\u00e9tique","robots":{"index":"index","follow":"follow","max-snippet":"max-snippet:-1","max-image-preview":"max-image-preview:large","max-video-preview":"max-video-preview:-1"},"canonical":"https:\/\/stage.septpublicite.fr\/septpublicite.fr\/product\/porte-et-grille-sur-mesure-7publicite\/","og_locale":"fr_FR","og_type":"article","og_title":"Porte et grille sur mesure - septpublicite.fr","og_description":"Nous concevons des portes et grilles sur mesure avec un savoir-faire artisanal garantissant \u00e0 la fois robustesse et esth\u00e9tique","og_url":"https:\/\/stage.septpublicite.fr\/septpublicite.fr\/product\/porte-et-grille-sur-mesure-7publicite\/","og_site_name":"septpublicite.fr","article_modified_time":"2025-02-18T13:58:56+00:00","og_image":[{"width":2049,"height":1537,"url":"https:\/\/stage.septpublicite.fr\/septpublicite.fr\/wp-content\/uploads\/2025\/02\/grille-de-protection-porte-et-grille-sur-mesure-ATELIER-7publicite-IMG_6906.jpg","type":"image\/jpeg"}],"twitter_card":"summary_large_image","twitter_misc":{"Dur\u00e9e de lecture estim\u00e9e":"1 minute"},"schema":{"@context":"https:\/\/schema.org","@graph":[{"@type":"WebPage","@id":"https:\/\/stage.septpublicite.fr\/septpublicite.fr\/product\/porte-et-grille-sur-mesure-7publicite\/","url":"https:\/\/stage.septpublicite.fr\/septpublicite.fr\/product\/porte-et-grille-sur-mesure-7publicite\/","name":"Porte et grille sur mesure - septpublicite.fr","isPartOf":{"@id":"https:\/\/stage.septpublicite.fr\/septpublicite.fr\/#website"},"primaryImageOfPage":{"@id":"https:\/\/stage.septpublicite.fr\/septpublicite.fr\/product\/porte-et-grille-sur-mesure-7publicite\/#primaryimage"},"image":{"@id":"https:\/\/stage.septpublicite.fr\/septpublicite.fr\/product\/porte-et-grille-sur-mesure-7publicite\/#primaryimage"},"thumbnailUrl":"https:\/\/stage.septpublicite.fr\/septpublicite.fr\/wp-content\/uploads\/2025\/02\/grille-de-protection-porte-et-grille-sur-mesure-ATELIER-7publicite-IMG_6906.jpg","datePublished":"2025-02-18T13:56:53+00:00","dateModified":"2025-02-18T13:58:56+00:00","description":"Nous concevons des portes et grilles sur mesure avec un savoir-faire artisanal garantissant \u00e0 la fois robustesse et esth\u00e9tique","breadcrumb":{"@id":"https:\/\/stage.septpublicite.fr\/septpublicite.fr\/product\/porte-et-grille-sur-mesure-7publicite\/#breadcrumb"},"inLanguage":"fr-FR","potentialAction":[{"@type":"ReadAction","target":["https:\/\/stage.septpublicite.fr\/septpublicite.fr\/product\/porte-et-grille-sur-mesure-7publicite\/"]}]},{"@type":"ImageObject","inLanguage":"fr-FR","@id":"https:\/\/stage.septpublicite.fr\/septpublicite.fr\/product\/porte-et-grille-sur-mesure-7publicite\/#primaryimage","url":"https:\/\/stage.septpublicite.fr\/septpublicite.fr\/wp-content\/uploads\/2025\/02\/grille-de-protection-porte-et-grille-sur-mesure-ATELIER-7publicite-IMG_6906.jpg","contentUrl":"https:\/\/stage.septpublicite.fr\/septpublicite.fr\/wp-content\/uploads\/2025\/02\/grille-de-protection-porte-et-grille-sur-mesure-ATELIER-7publicite-IMG_6906.jpg","width":2049,"height":1537},{"@type":"BreadcrumbList","@id":"https:\/\/stage.septpublicite.fr\/septpublicite.fr\/product\/porte-et-grille-sur-mesure-7publicite\/#breadcrumb","itemListElement":[{"@type":"ListItem","position":1,"name":"Accueil","item":"https:\/\/stage.septpublicite.fr\/septpublicite.fr\/"},{"@type":"ListItem","position":2,"name":"Boutique","item":"https:\/\/stage.septpublicite.fr\/septpublicite.fr\/shop\/"},{"@type":"ListItem","position":3,"name":"Porte et grille sur mesure"}]},{"@type":"WebSite","@id":"https:\/\/stage.septpublicite.fr\/septpublicite.fr\/#website","url":"https:\/\/stage.septpublicite.fr\/septpublicite.fr\/","name":"septpublicite.fr","description":"Notre publicit\u00e9, c&#039;est vous","potentialAction":[{"@type":"SearchAction","target":{"@type":"EntryPoint","urlTemplate":"https:\/\/stage.septpublicite.fr\/septpublicite.fr\/?s={search_term_string}"},"query-input":{"@type":"PropertyValueSpecification","valueRequired":true,"valueName":"search_term_string"}}],"inLanguage":"fr-FR"}]}},"_links":{"self":[{"href":"https:\/\/stage.septpublicite.fr\/septpublicite.fr\/wp-json\/wp\/v2\/product\/329021","targetHints":{"allow":["GET"]}}],"collection":[{"href":"https:\/\/stage.septpublicite.fr\/septpublicite.fr\/wp-json\/wp\/v2\/product"}],"about":[{"href":"https:\/\/stage.septpublicite.fr\/septpublicite.fr\/wp-json\/wp\/v2\/types\/product"}],"replies":[{"embeddable":true,"href":"https:\/\/stage.septpublicite.fr\/septpublicite.fr\/wp-json\/wp\/v2\/comments?post=329021"}],"wp:featuredmedia":[{"embeddable":true,"href":"https:\/\/stage.septpublicite.fr\/septpublicite.fr\/wp-json\/wp\/v2\/media\/329024"}],"wp:attachment":[{"href":"https:\/\/stage.septpublicite.fr\/septpublicite.fr\/wp-json\/wp\/v2\/media?parent=329021"}],"wp:term":[{"taxonomy":"product_brand","embeddable":true,"href":"https:\/\/stage.septpublicite.fr\/septpublicite.fr\/wp-json\/wp\/v2\/product_brand?post=329021"},{"taxonomy":"product_cat","embeddable":true,"href":"https:\/\/stage.septpublicite.fr\/septpublicite.fr\/wp-json\/wp\/v2\/product_cat?post=329021"},{"taxonomy":"product_tag","embeddable":true,"href":"https:\/\/stage.septpublicite.fr\/septpublicite.fr\/wp-json\/wp\/v2\/product_tag?post=329021"}],"curies":[{"name":"wp","href":"https:\/\/api.w.org\/{rel}","templated":true}]}}