{"id":1038,"date":"2020-11-23T21:11:49","date_gmt":"2020-11-23T20:11:49","guid":{"rendered":"https:\/\/stage.septpublicite.fr\/septpublicite.fr\/?post_type=product&#038;p=1038"},"modified":"2025-02-13T15:03:46","modified_gmt":"2025-02-13T14:03:46","slug":"enseigne-en-fer-forge","status":"publish","type":"product","link":"https:\/\/stage.septpublicite.fr\/septpublicite.fr\/product\/enseigne-en-fer-forge\/","title":{"rendered":"Enseigne en fer forg\u00e9"},"content":{"rendered":"<p>L&rsquo;<strong>enseigne en fer forg\u00e9<\/strong> est un v\u00e9ritable travail de ferronnerie d\u2019art. Ces enseignes sont uniques, faites sur mesures \u00e0 la main, selon votre go\u00fbt.<\/p>\n<p>Cette enseigne en fer forg\u00e9 incarne <strong>l&rsquo;artisanat traditionnel<\/strong> tout en apportant une touche moderne \u00e0 l&rsquo;image de votre commerce. Son design \u00e9l\u00e9gant et raffin\u00e9 attire l&rsquo;attention tout en respectant l&rsquo;authenticit\u00e9 des mat\u00e9riaux et des techniques. Le fer forg\u00e9 est un mat\u00e9riau noble et durable, garantissant une <strong>durabilit\u00e9 exceptionnelle<\/strong> et une <strong>r\u00e9sistance aux intemp\u00e9ries.<\/strong><\/p>\n<p>Elles sont enti\u00e8rement r\u00e9alis\u00e9es dans notre <a href=\"https:\/\/stage.septpublicite.fr\/septpublicite.fr\/product-category\/chaudronnerie-ferronnerie-serrurerie\/\">atelier<\/a>.<\/p>\n<p>Nous pouvons gr\u00e2ce \u00e0 un proc\u00e9d\u00e9 exclusif de fabrication rendre ces derni\u00e8res lumineuses (sans spot, ni rampe d\u2019\u00e9clairage), en gardant la finesse de la structure, <strong>moins de 15mm d\u2019\u00e9paisseur pour le plateau !<\/strong><\/p>\n<p>Son esth\u00e9tique en fait un choix id\u00e9al pour les centres-villes historiques, o\u00f9 elle se marie parfaitement avec l&rsquo;architecture ancienne et pr\u00e9serve le charme de ces lieux. L&rsquo;enseigne se distingue par sa forme \u00e9l\u00e9gante et ses finitions soign\u00e9es. Elle permet \u00e0 votre \u00e9tablissement de se d\u00e9marquer tout en respectant l&rsquo;environnement et les standards urbains.<\/p>\n<p>L&rsquo;enseigne \u00e9clair\u00e9e <strong>consomme moins de 30 watts<\/strong> d&rsquo;\u00e9nergie, ce qui la rend particuli\u00e8rement \u00e9conomique. De plus, son \u00e9clairage doux et diffus\u00e9 cr\u00e9e une ambiance agr\u00e9able, tout en restant respectueux de l&rsquo;environnement. Ces avantages font de l&rsquo;enseigne en fer forg\u00e9 une option particuli\u00e8rement \u00e9conomique et durable pour les commer\u00e7ants soucieux de leur impact \u00e9cologique.<\/p>\n<p>La fabrication artisanale permet \u00e9galement une <strong>personnalisation compl\u00e8te<\/strong> de l&rsquo;enseigne, avec des possibilit\u00e9s infinies de designs et de motifs pour mieux refl\u00e9ter l&rsquo;identit\u00e9 de votre entreprise; ainsi que ses sp\u00e9cificit\u00e9s comme son \u00e9clairage, la forme de son plateau&#8230; Que vous soyez un restaurant, une boutique ou un salon de coiffure, Cette enseigne en fer forg\u00e9 ajoutera une valeur esth\u00e9tique \u00e0 votre communication visuelle.<\/p>\n<p>&nbsp;<\/p>\n","protected":false},"excerpt":{"rendered":"<p>L&rsquo;enseigne en fer forg\u00e9 est un v\u00e9ritable travail de ferronnerie d\u2019art. Ces enseignes sont uniques, faites sur mesures \u00e0 la main, selon votre go\u00fbt. Cette enseigne en fer forg\u00e9 incarne l&rsquo;artisanat traditionnel tout en apportant une touche moderne \u00e0 l&rsquo;image de votre commerce. Son design \u00e9l\u00e9gant et raffin\u00e9 attire l&rsquo;attention tout en respectant l&rsquo;authenticit\u00e9 des [&hellip;]<\/p>\n","protected":false},"featured_media":122,"comment_status":"closed","ping_status":"closed","template":"","meta":{"_et_pb_use_builder":"off","_et_pb_old_content":"V\u00e9ritable travail de ferronnerie d\u2019art, nos enseignes sont uniques, faites sur mesures en fer forg\u00e9 \u00e0 la main, selon votre go\u00fbt.\r\n\r\nElles sont enti\u00e8rement r\u00e9alis\u00e9es dans nos ateliers\r\n\r\nNous pouvons gr\u00e2ce \u00e0 un proc\u00e9d\u00e9 exclusif de fabrication rendre ces derni\u00e8res lumineuses (sans spot, ni rampe d\u2019\u00e9clairage), en gardant la finesse de la structure,\u00a0<strong>moins de 15mm d\u2019\u00e9paisseur pour le plateau !<\/strong>\r\n\r\nAvantages: respectueuses de l\u2019environnement elles d\u00e9gagent une faible pollution lumineuse, esth\u00e9tique id\u00e9ale pour les centres-villes anciens, \u00e9conomiques pour votre budget avec une faible consommation \u00e9nerg\u00e9tique (< 30 watts).","_et_gb_content_width":""},"product_brand":[],"product_cat":[18],"product_tag":[],"class_list":{"0":"post-1038","1":"product","2":"type-product","3":"status-publish","4":"has-post-thumbnail","6":"product_cat-enseignes-signaletique-enseigne-drapeau-septpublicite","8":"first","9":"instock","10":"shipping-taxable","11":"product-type-simple"},"yoast_head":"<!-- This site is optimized with the Yoast SEO plugin v27.6 - https:\/\/yoast.com\/product\/yoast-seo-wordpress\/ -->\n<title>Enseigne en fer forg\u00e9 - septpublicite.fr<\/title>\n<meta name=\"description\" content=\"V\u00e9ritable travail de ferronnerie d\u2019art, nos enseignes sont uniques, faites sur mesures en fer forg\u00e9 \u00e0 la main, selon votre go\u00fbt.\" \/>\n<meta name=\"robots\" content=\"index, follow, max-snippet:-1, max-image-preview:large, max-video-preview:-1\" \/>\n<link rel=\"canonical\" href=\"https:\/\/stage.septpublicite.fr\/septpublicite.fr\/product\/enseigne-en-fer-forge\/\" \/>\n<meta property=\"og:locale\" content=\"fr_FR\" \/>\n<meta property=\"og:type\" content=\"article\" \/>\n<meta property=\"og:title\" content=\"Enseigne en fer forg\u00e9 - septpublicite.fr\" \/>\n<meta property=\"og:description\" content=\"V\u00e9ritable travail de ferronnerie d\u2019art, nos enseignes sont uniques, faites sur mesures en fer forg\u00e9 \u00e0 la main, selon votre go\u00fbt.\" \/>\n<meta property=\"og:url\" content=\"https:\/\/stage.septpublicite.fr\/septpublicite.fr\/product\/enseigne-en-fer-forge\/\" \/>\n<meta property=\"og:site_name\" content=\"septpublicite.fr\" \/>\n<meta property=\"article:modified_time\" content=\"2025-02-13T14:03:46+00:00\" \/>\n<meta property=\"og:image\" content=\"https:\/\/stage.septpublicite.fr\/septpublicite.fr\/wp-content\/uploads\/2020\/11\/enseigne-drapeau-fer-forge-la-belleme-bleue-redimensionnee-922x1024.png\" \/>\n\t<meta property=\"og:image:width\" content=\"922\" \/>\n\t<meta property=\"og:image:height\" content=\"1024\" \/>\n\t<meta property=\"og:image:type\" content=\"image\/png\" \/>\n<meta name=\"twitter:card\" content=\"summary_large_image\" \/>\n<meta name=\"twitter:label1\" content=\"Dur\u00e9e de lecture estim\u00e9e\" \/>\n\t<meta name=\"twitter:data1\" content=\"2 minutes\" \/>\n<script type=\"application\/ld+json\" class=\"yoast-schema-graph\">{\"@context\":\"https:\\\/\\\/schema.org\",\"@graph\":[{\"@type\":\"WebPage\",\"@id\":\"https:\\\/\\\/stage.septpublicite.fr\\\/septpublicite.fr\\\/product\\\/enseigne-en-fer-forge\\\/\",\"url\":\"https:\\\/\\\/stage.septpublicite.fr\\\/septpublicite.fr\\\/product\\\/enseigne-en-fer-forge\\\/\",\"name\":\"Enseigne en fer forg\u00e9 - septpublicite.fr\",\"isPartOf\":{\"@id\":\"https:\\\/\\\/stage.septpublicite.fr\\\/septpublicite.fr\\\/#website\"},\"primaryImageOfPage\":{\"@id\":\"https:\\\/\\\/stage.septpublicite.fr\\\/septpublicite.fr\\\/product\\\/enseigne-en-fer-forge\\\/#primaryimage\"},\"image\":{\"@id\":\"https:\\\/\\\/stage.septpublicite.fr\\\/septpublicite.fr\\\/product\\\/enseigne-en-fer-forge\\\/#primaryimage\"},\"thumbnailUrl\":\"https:\\\/\\\/stage.septpublicite.fr\\\/septpublicite.fr\\\/wp-content\\\/uploads\\\/2020\\\/11\\\/enseigne-drapeau-fer-forge-la-belleme-bleue-redimensionnee.png\",\"datePublished\":\"2020-11-23T20:11:49+00:00\",\"dateModified\":\"2025-02-13T14:03:46+00:00\",\"description\":\"V\u00e9ritable travail de ferronnerie d\u2019art, nos enseignes sont uniques, faites sur mesures en fer forg\u00e9 \u00e0 la main, selon votre go\u00fbt.\",\"breadcrumb\":{\"@id\":\"https:\\\/\\\/stage.septpublicite.fr\\\/septpublicite.fr\\\/product\\\/enseigne-en-fer-forge\\\/#breadcrumb\"},\"inLanguage\":\"fr-FR\",\"potentialAction\":[{\"@type\":\"ReadAction\",\"target\":[\"https:\\\/\\\/stage.septpublicite.fr\\\/septpublicite.fr\\\/product\\\/enseigne-en-fer-forge\\\/\"]}]},{\"@type\":\"ImageObject\",\"inLanguage\":\"fr-FR\",\"@id\":\"https:\\\/\\\/stage.septpublicite.fr\\\/septpublicite.fr\\\/product\\\/enseigne-en-fer-forge\\\/#primaryimage\",\"url\":\"https:\\\/\\\/stage.septpublicite.fr\\\/septpublicite.fr\\\/wp-content\\\/uploads\\\/2020\\\/11\\\/enseigne-drapeau-fer-forge-la-belleme-bleue-redimensionnee.png\",\"contentUrl\":\"https:\\\/\\\/stage.septpublicite.fr\\\/septpublicite.fr\\\/wp-content\\\/uploads\\\/2020\\\/11\\\/enseigne-drapeau-fer-forge-la-belleme-bleue-redimensionnee.png\",\"width\":2281,\"height\":2533,\"caption\":\"enseigne drapeau fer forg\u00e9 la bell\u00eame bleue redimensionn\u00e9e\"},{\"@type\":\"BreadcrumbList\",\"@id\":\"https:\\\/\\\/stage.septpublicite.fr\\\/septpublicite.fr\\\/product\\\/enseigne-en-fer-forge\\\/#breadcrumb\",\"itemListElement\":[{\"@type\":\"ListItem\",\"position\":1,\"name\":\"Accueil\",\"item\":\"https:\\\/\\\/stage.septpublicite.fr\\\/septpublicite.fr\\\/\"},{\"@type\":\"ListItem\",\"position\":2,\"name\":\"Boutique\",\"item\":\"https:\\\/\\\/stage.septpublicite.fr\\\/septpublicite.fr\\\/shop\\\/\"},{\"@type\":\"ListItem\",\"position\":3,\"name\":\"Enseigne en fer forg\u00e9\"}]},{\"@type\":\"WebSite\",\"@id\":\"https:\\\/\\\/stage.septpublicite.fr\\\/septpublicite.fr\\\/#website\",\"url\":\"https:\\\/\\\/stage.septpublicite.fr\\\/septpublicite.fr\\\/\",\"name\":\"septpublicite.fr\",\"description\":\"Notre publicit\u00e9, c&#039;est vous\",\"potentialAction\":[{\"@type\":\"SearchAction\",\"target\":{\"@type\":\"EntryPoint\",\"urlTemplate\":\"https:\\\/\\\/stage.septpublicite.fr\\\/septpublicite.fr\\\/?s={search_term_string}\"},\"query-input\":{\"@type\":\"PropertyValueSpecification\",\"valueRequired\":true,\"valueName\":\"search_term_string\"}}],\"inLanguage\":\"fr-FR\"}]}<\/script>\n<!-- \/ Yoast SEO plugin. -->","yoast_head_json":{"title":"Enseigne en fer forg\u00e9 - septpublicite.fr","description":"V\u00e9ritable travail de ferronnerie d\u2019art, nos enseignes sont uniques, faites sur mesures en fer forg\u00e9 \u00e0 la main, selon votre go\u00fbt.","robots":{"index":"index","follow":"follow","max-snippet":"max-snippet:-1","max-image-preview":"max-image-preview:large","max-video-preview":"max-video-preview:-1"},"canonical":"https:\/\/stage.septpublicite.fr\/septpublicite.fr\/product\/enseigne-en-fer-forge\/","og_locale":"fr_FR","og_type":"article","og_title":"Enseigne en fer forg\u00e9 - septpublicite.fr","og_description":"V\u00e9ritable travail de ferronnerie d\u2019art, nos enseignes sont uniques, faites sur mesures en fer forg\u00e9 \u00e0 la main, selon votre go\u00fbt.","og_url":"https:\/\/stage.septpublicite.fr\/septpublicite.fr\/product\/enseigne-en-fer-forge\/","og_site_name":"septpublicite.fr","article_modified_time":"2025-02-13T14:03:46+00:00","og_image":[{"width":922,"height":1024,"url":"https:\/\/stage.septpublicite.fr\/septpublicite.fr\/wp-content\/uploads\/2020\/11\/enseigne-drapeau-fer-forge-la-belleme-bleue-redimensionnee-922x1024.png","type":"image\/png"}],"twitter_card":"summary_large_image","twitter_misc":{"Dur\u00e9e de lecture estim\u00e9e":"2 minutes"},"schema":{"@context":"https:\/\/schema.org","@graph":[{"@type":"WebPage","@id":"https:\/\/stage.septpublicite.fr\/septpublicite.fr\/product\/enseigne-en-fer-forge\/","url":"https:\/\/stage.septpublicite.fr\/septpublicite.fr\/product\/enseigne-en-fer-forge\/","name":"Enseigne en fer forg\u00e9 - septpublicite.fr","isPartOf":{"@id":"https:\/\/stage.septpublicite.fr\/septpublicite.fr\/#website"},"primaryImageOfPage":{"@id":"https:\/\/stage.septpublicite.fr\/septpublicite.fr\/product\/enseigne-en-fer-forge\/#primaryimage"},"image":{"@id":"https:\/\/stage.septpublicite.fr\/septpublicite.fr\/product\/enseigne-en-fer-forge\/#primaryimage"},"thumbnailUrl":"https:\/\/stage.septpublicite.fr\/septpublicite.fr\/wp-content\/uploads\/2020\/11\/enseigne-drapeau-fer-forge-la-belleme-bleue-redimensionnee.png","datePublished":"2020-11-23T20:11:49+00:00","dateModified":"2025-02-13T14:03:46+00:00","description":"V\u00e9ritable travail de ferronnerie d\u2019art, nos enseignes sont uniques, faites sur mesures en fer forg\u00e9 \u00e0 la main, selon votre go\u00fbt.","breadcrumb":{"@id":"https:\/\/stage.septpublicite.fr\/septpublicite.fr\/product\/enseigne-en-fer-forge\/#breadcrumb"},"inLanguage":"fr-FR","potentialAction":[{"@type":"ReadAction","target":["https:\/\/stage.septpublicite.fr\/septpublicite.fr\/product\/enseigne-en-fer-forge\/"]}]},{"@type":"ImageObject","inLanguage":"fr-FR","@id":"https:\/\/stage.septpublicite.fr\/septpublicite.fr\/product\/enseigne-en-fer-forge\/#primaryimage","url":"https:\/\/stage.septpublicite.fr\/septpublicite.fr\/wp-content\/uploads\/2020\/11\/enseigne-drapeau-fer-forge-la-belleme-bleue-redimensionnee.png","contentUrl":"https:\/\/stage.septpublicite.fr\/septpublicite.fr\/wp-content\/uploads\/2020\/11\/enseigne-drapeau-fer-forge-la-belleme-bleue-redimensionnee.png","width":2281,"height":2533,"caption":"enseigne drapeau fer forg\u00e9 la bell\u00eame bleue redimensionn\u00e9e"},{"@type":"BreadcrumbList","@id":"https:\/\/stage.septpublicite.fr\/septpublicite.fr\/product\/enseigne-en-fer-forge\/#breadcrumb","itemListElement":[{"@type":"ListItem","position":1,"name":"Accueil","item":"https:\/\/stage.septpublicite.fr\/septpublicite.fr\/"},{"@type":"ListItem","position":2,"name":"Boutique","item":"https:\/\/stage.septpublicite.fr\/septpublicite.fr\/shop\/"},{"@type":"ListItem","position":3,"name":"Enseigne en fer forg\u00e9"}]},{"@type":"WebSite","@id":"https:\/\/stage.septpublicite.fr\/septpublicite.fr\/#website","url":"https:\/\/stage.septpublicite.fr\/septpublicite.fr\/","name":"septpublicite.fr","description":"Notre publicit\u00e9, c&#039;est vous","potentialAction":[{"@type":"SearchAction","target":{"@type":"EntryPoint","urlTemplate":"https:\/\/stage.septpublicite.fr\/septpublicite.fr\/?s={search_term_string}"},"query-input":{"@type":"PropertyValueSpecification","valueRequired":true,"valueName":"search_term_string"}}],"inLanguage":"fr-FR"}]}},"_links":{"self":[{"href":"https:\/\/stage.septpublicite.fr\/septpublicite.fr\/wp-json\/wp\/v2\/product\/1038","targetHints":{"allow":["GET"]}}],"collection":[{"href":"https:\/\/stage.septpublicite.fr\/septpublicite.fr\/wp-json\/wp\/v2\/product"}],"about":[{"href":"https:\/\/stage.septpublicite.fr\/septpublicite.fr\/wp-json\/wp\/v2\/types\/product"}],"replies":[{"embeddable":true,"href":"https:\/\/stage.septpublicite.fr\/septpublicite.fr\/wp-json\/wp\/v2\/comments?post=1038"}],"wp:featuredmedia":[{"embeddable":true,"href":"https:\/\/stage.septpublicite.fr\/septpublicite.fr\/wp-json\/wp\/v2\/media\/122"}],"wp:attachment":[{"href":"https:\/\/stage.septpublicite.fr\/septpublicite.fr\/wp-json\/wp\/v2\/media?parent=1038"}],"wp:term":[{"taxonomy":"product_brand","embeddable":true,"href":"https:\/\/stage.septpublicite.fr\/septpublicite.fr\/wp-json\/wp\/v2\/product_brand?post=1038"},{"taxonomy":"product_cat","embeddable":true,"href":"https:\/\/stage.septpublicite.fr\/septpublicite.fr\/wp-json\/wp\/v2\/product_cat?post=1038"},{"taxonomy":"product_tag","embeddable":true,"href":"https:\/\/stage.septpublicite.fr\/septpublicite.fr\/wp-json\/wp\/v2\/product_tag?post=1038"}],"curies":[{"name":"wp","href":"https:\/\/api.w.org\/{rel}","templated":true}]}}