{"id":1035,"date":"2020-11-23T21:07:13","date_gmt":"2020-11-23T20:07:13","guid":{"rendered":"https:\/\/stage.septpublicite.fr\/septpublicite.fr\/?post_type=product&#038;p=1035"},"modified":"2025-02-14T12:16:52","modified_gmt":"2025-02-14T11:16:52","slug":"enseignes-specifiques","status":"publish","type":"product","link":"https:\/\/stage.septpublicite.fr\/septpublicite.fr\/product\/enseignes-specifiques\/","title":{"rendered":"Enseignes sp\u00e9cifiques"},"content":{"rendered":"<p>Les enseignes sp\u00e9cifiques ou enseignes m\u00e9tiers sont con\u00e7ues pour capter l&rsquo;attention de jour comme de nuit, renfor\u00e7ant ainsi l&rsquo;identit\u00e9 des commerces. Elles am\u00e9liorent la visibilit\u00e9 et facilitent le rep\u00e9rage des \u00e9tablissements. Fiables et esth\u00e9tiques, elles s\u2019adaptent aux besoins sp\u00e9cifiques de chaque client. Nos ateliers fabriquent des enseignes comme des croix de pharmacie et des carottes de tabac. Nous allions savoir-faire et technologie pour offrir des produits de qualit\u00e9. Gr\u00e2ce \u00e0 des mat\u00e9riaux durables et une fabrication soign\u00e9e, nos enseignes assurent une visibilit\u00e9 optimale et une longue dur\u00e9e de vie.<\/p>\n<p>Dans nos ateliers, nous fabriquons des enseignes sp\u00e9cifiques, comme les croix de pharmacie et les carottes de tabac. Nous allions savoir-faire et technologie pour garantir des produits de qualit\u00e9. Nos mat\u00e9riaux assurent une bonne visibilit\u00e9 et une longue dur\u00e9e de vie. Chaque enseigne est con\u00e7ue avec soin pour r\u00e9sister aux intemp\u00e9ries et rester efficace dans le temps.<\/p>\n<ul>\n<li data-start=\"112\" data-end=\"162\">Enseigne boulangerie (\u00e9pi de bl\u00e9 lumineux)<\/li>\n<li data-start=\"163\" data-end=\"220\">Enseigne bar\/tabac (enseigne PMU, boule de tabac)<\/li>\n<li data-start=\"221\" data-end=\"288\">Enseigne h\u00f4tel (panneau H lumineux, \u00e9toiles r\u00e9tro\u00e9clair\u00e9es)<\/li>\n<li data-start=\"289\" data-end=\"358\">Enseigne presse (enseigne en forme de losange jaune \u00ab\u00a0Presse\u00a0\u00bb)<\/li>\n<li data-start=\"359\" data-end=\"413\">Enseigne coiffeur (poteau de barbier tournant)<\/li>\n<li data-start=\"414\" data-end=\"461\">Enseigne opticien (lunettes lumineuses)<\/li>\n<li data-start=\"462\" data-end=\"531\">Enseigne boucherie (enseigne en forme de vache ou de couteau)<\/li>\n<li data-start=\"532\" data-end=\"597\">Enseigne v\u00e9t\u00e9rinaire (croix bleue avec symbole animalier)<\/li>\n<li data-start=\"598\" data-end=\"670\">Enseigne station-service (totem lumineux avec prix du carburant)<\/li>\n<\/ul>\n<p>Chaque enseigne que nous fabriquons est pens\u00e9e pour r\u00e9pondre aux attentes des clients, tout en s\u2019adaptant aux particularit\u00e9s de leur secteur d\u2019activit\u00e9. Gr\u00e2ce \u00e0 une fabrication soign\u00e9e et une attention particuli\u00e8re aux d\u00e9tails, nos produits assurent une signal\u00e9tique claire, pratique et durable. Ainsi, nous garantissons non seulement une esth\u00e9tique irr\u00e9prochable, mais aussi une enseigne qui r\u00e9siste aux \u00e9preuves du temps et des conditions ext\u00e9rieures.<\/p>\n","protected":false},"excerpt":{"rendered":"<p>Les enseignes sp\u00e9cifiques ou enseignes m\u00e9tiers sont con\u00e7ues pour capter l&rsquo;attention de jour comme de nuit, renfor\u00e7ant ainsi l&rsquo;identit\u00e9 des commerces. Elles am\u00e9liorent la visibilit\u00e9 et facilitent le rep\u00e9rage des \u00e9tablissements. Fiables et esth\u00e9tiques, elles s\u2019adaptent aux besoins sp\u00e9cifiques de chaque client. Nos ateliers fabriquent des enseignes comme des croix de pharmacie et des carottes [&hellip;]<\/p>\n","protected":false},"featured_media":1036,"comment_status":"closed","ping_status":"closed","template":"","meta":{"_et_pb_use_builder":"","_et_pb_old_content":"","_et_gb_content_width":""},"product_brand":[],"product_cat":[18,60],"product_tag":[],"class_list":{"0":"post-1035","1":"product","2":"type-product","3":"status-publish","4":"has-post-thumbnail","6":"product_cat-enseignes-signaletique-enseigne-drapeau-septpublicite","7":"product_cat-enseignes-specifiques","9":"first","10":"instock","11":"shipping-taxable","12":"product-type-simple"},"yoast_head":"<!-- This site is optimized with the Yoast SEO plugin v27.6 - https:\/\/yoast.com\/product\/yoast-seo-wordpress\/ -->\n<title>Enseignes sp\u00e9cifiques - septpublicite.fr<\/title>\n<meta name=\"description\" content=\"Ces enseignes sp\u00e9cifiques sont con\u00e7ues pour repr\u00e9senter un secteur d\u2019activit\u00e9 pr\u00e9cis et sont souvent lumineuses pour une meilleure visibilit\u00e9.\" \/>\n<meta name=\"robots\" content=\"index, follow, max-snippet:-1, max-image-preview:large, max-video-preview:-1\" \/>\n<link rel=\"canonical\" href=\"https:\/\/stage.septpublicite.fr\/septpublicite.fr\/product\/enseignes-specifiques\/\" \/>\n<meta property=\"og:locale\" content=\"fr_FR\" \/>\n<meta property=\"og:type\" content=\"article\" \/>\n<meta property=\"og:title\" content=\"Enseignes sp\u00e9cifiques - septpublicite.fr\" \/>\n<meta property=\"og:description\" content=\"Ces enseignes sp\u00e9cifiques sont con\u00e7ues pour repr\u00e9senter un secteur d\u2019activit\u00e9 pr\u00e9cis et sont souvent lumineuses pour une meilleure visibilit\u00e9.\" \/>\n<meta property=\"og:url\" content=\"https:\/\/stage.septpublicite.fr\/septpublicite.fr\/product\/enseignes-specifiques\/\" \/>\n<meta property=\"og:site_name\" content=\"septpublicite.fr\" \/>\n<meta property=\"article:modified_time\" content=\"2025-02-14T11:16:52+00:00\" \/>\n<meta property=\"og:image\" content=\"https:\/\/stage.septpublicite.fr\/septpublicite.fr\/wp-content\/uploads\/2020\/11\/enseigne-specifique-pharmacie.jpg\" \/>\n\t<meta property=\"og:image:width\" content=\"1080\" \/>\n\t<meta property=\"og:image:height\" content=\"1080\" \/>\n\t<meta property=\"og:image:type\" content=\"image\/jpeg\" \/>\n<meta name=\"twitter:card\" content=\"summary_large_image\" \/>\n<meta name=\"twitter:label1\" content=\"Dur\u00e9e de lecture estim\u00e9e\" \/>\n\t<meta name=\"twitter:data1\" content=\"2 minutes\" \/>\n<script type=\"application\/ld+json\" class=\"yoast-schema-graph\">{\"@context\":\"https:\\\/\\\/schema.org\",\"@graph\":[{\"@type\":\"WebPage\",\"@id\":\"https:\\\/\\\/stage.septpublicite.fr\\\/septpublicite.fr\\\/product\\\/enseignes-specifiques\\\/\",\"url\":\"https:\\\/\\\/stage.septpublicite.fr\\\/septpublicite.fr\\\/product\\\/enseignes-specifiques\\\/\",\"name\":\"Enseignes sp\u00e9cifiques - septpublicite.fr\",\"isPartOf\":{\"@id\":\"https:\\\/\\\/stage.septpublicite.fr\\\/septpublicite.fr\\\/#website\"},\"primaryImageOfPage\":{\"@id\":\"https:\\\/\\\/stage.septpublicite.fr\\\/septpublicite.fr\\\/product\\\/enseignes-specifiques\\\/#primaryimage\"},\"image\":{\"@id\":\"https:\\\/\\\/stage.septpublicite.fr\\\/septpublicite.fr\\\/product\\\/enseignes-specifiques\\\/#primaryimage\"},\"thumbnailUrl\":\"https:\\\/\\\/stage.septpublicite.fr\\\/septpublicite.fr\\\/wp-content\\\/uploads\\\/2020\\\/11\\\/enseigne-specifique-pharmacie.jpg\",\"datePublished\":\"2020-11-23T20:07:13+00:00\",\"dateModified\":\"2025-02-14T11:16:52+00:00\",\"description\":\"Ces enseignes sp\u00e9cifiques sont con\u00e7ues pour repr\u00e9senter un secteur d\u2019activit\u00e9 pr\u00e9cis et sont souvent lumineuses pour une meilleure visibilit\u00e9.\",\"breadcrumb\":{\"@id\":\"https:\\\/\\\/stage.septpublicite.fr\\\/septpublicite.fr\\\/product\\\/enseignes-specifiques\\\/#breadcrumb\"},\"inLanguage\":\"fr-FR\",\"potentialAction\":[{\"@type\":\"ReadAction\",\"target\":[\"https:\\\/\\\/stage.septpublicite.fr\\\/septpublicite.fr\\\/product\\\/enseignes-specifiques\\\/\"]}]},{\"@type\":\"ImageObject\",\"inLanguage\":\"fr-FR\",\"@id\":\"https:\\\/\\\/stage.septpublicite.fr\\\/septpublicite.fr\\\/product\\\/enseignes-specifiques\\\/#primaryimage\",\"url\":\"https:\\\/\\\/stage.septpublicite.fr\\\/septpublicite.fr\\\/wp-content\\\/uploads\\\/2020\\\/11\\\/enseigne-specifique-pharmacie.jpg\",\"contentUrl\":\"https:\\\/\\\/stage.septpublicite.fr\\\/septpublicite.fr\\\/wp-content\\\/uploads\\\/2020\\\/11\\\/enseigne-specifique-pharmacie.jpg\",\"width\":1080,\"height\":1080},{\"@type\":\"BreadcrumbList\",\"@id\":\"https:\\\/\\\/stage.septpublicite.fr\\\/septpublicite.fr\\\/product\\\/enseignes-specifiques\\\/#breadcrumb\",\"itemListElement\":[{\"@type\":\"ListItem\",\"position\":1,\"name\":\"Accueil\",\"item\":\"https:\\\/\\\/stage.septpublicite.fr\\\/septpublicite.fr\\\/\"},{\"@type\":\"ListItem\",\"position\":2,\"name\":\"Boutique\",\"item\":\"https:\\\/\\\/stage.septpublicite.fr\\\/septpublicite.fr\\\/shop\\\/\"},{\"@type\":\"ListItem\",\"position\":3,\"name\":\"Enseignes sp\u00e9cifiques\"}]},{\"@type\":\"WebSite\",\"@id\":\"https:\\\/\\\/stage.septpublicite.fr\\\/septpublicite.fr\\\/#website\",\"url\":\"https:\\\/\\\/stage.septpublicite.fr\\\/septpublicite.fr\\\/\",\"name\":\"septpublicite.fr\",\"description\":\"Notre publicit\u00e9, c&#039;est vous\",\"potentialAction\":[{\"@type\":\"SearchAction\",\"target\":{\"@type\":\"EntryPoint\",\"urlTemplate\":\"https:\\\/\\\/stage.septpublicite.fr\\\/septpublicite.fr\\\/?s={search_term_string}\"},\"query-input\":{\"@type\":\"PropertyValueSpecification\",\"valueRequired\":true,\"valueName\":\"search_term_string\"}}],\"inLanguage\":\"fr-FR\"}]}<\/script>\n<!-- \/ Yoast SEO plugin. -->","yoast_head_json":{"title":"Enseignes sp\u00e9cifiques - septpublicite.fr","description":"Ces enseignes sp\u00e9cifiques sont con\u00e7ues pour repr\u00e9senter un secteur d\u2019activit\u00e9 pr\u00e9cis et sont souvent lumineuses pour une meilleure visibilit\u00e9.","robots":{"index":"index","follow":"follow","max-snippet":"max-snippet:-1","max-image-preview":"max-image-preview:large","max-video-preview":"max-video-preview:-1"},"canonical":"https:\/\/stage.septpublicite.fr\/septpublicite.fr\/product\/enseignes-specifiques\/","og_locale":"fr_FR","og_type":"article","og_title":"Enseignes sp\u00e9cifiques - septpublicite.fr","og_description":"Ces enseignes sp\u00e9cifiques sont con\u00e7ues pour repr\u00e9senter un secteur d\u2019activit\u00e9 pr\u00e9cis et sont souvent lumineuses pour une meilleure visibilit\u00e9.","og_url":"https:\/\/stage.septpublicite.fr\/septpublicite.fr\/product\/enseignes-specifiques\/","og_site_name":"septpublicite.fr","article_modified_time":"2025-02-14T11:16:52+00:00","og_image":[{"width":1080,"height":1080,"url":"https:\/\/stage.septpublicite.fr\/septpublicite.fr\/wp-content\/uploads\/2020\/11\/enseigne-specifique-pharmacie.jpg","type":"image\/jpeg"}],"twitter_card":"summary_large_image","twitter_misc":{"Dur\u00e9e de lecture estim\u00e9e":"2 minutes"},"schema":{"@context":"https:\/\/schema.org","@graph":[{"@type":"WebPage","@id":"https:\/\/stage.septpublicite.fr\/septpublicite.fr\/product\/enseignes-specifiques\/","url":"https:\/\/stage.septpublicite.fr\/septpublicite.fr\/product\/enseignes-specifiques\/","name":"Enseignes sp\u00e9cifiques - septpublicite.fr","isPartOf":{"@id":"https:\/\/stage.septpublicite.fr\/septpublicite.fr\/#website"},"primaryImageOfPage":{"@id":"https:\/\/stage.septpublicite.fr\/septpublicite.fr\/product\/enseignes-specifiques\/#primaryimage"},"image":{"@id":"https:\/\/stage.septpublicite.fr\/septpublicite.fr\/product\/enseignes-specifiques\/#primaryimage"},"thumbnailUrl":"https:\/\/stage.septpublicite.fr\/septpublicite.fr\/wp-content\/uploads\/2020\/11\/enseigne-specifique-pharmacie.jpg","datePublished":"2020-11-23T20:07:13+00:00","dateModified":"2025-02-14T11:16:52+00:00","description":"Ces enseignes sp\u00e9cifiques sont con\u00e7ues pour repr\u00e9senter un secteur d\u2019activit\u00e9 pr\u00e9cis et sont souvent lumineuses pour une meilleure visibilit\u00e9.","breadcrumb":{"@id":"https:\/\/stage.septpublicite.fr\/septpublicite.fr\/product\/enseignes-specifiques\/#breadcrumb"},"inLanguage":"fr-FR","potentialAction":[{"@type":"ReadAction","target":["https:\/\/stage.septpublicite.fr\/septpublicite.fr\/product\/enseignes-specifiques\/"]}]},{"@type":"ImageObject","inLanguage":"fr-FR","@id":"https:\/\/stage.septpublicite.fr\/septpublicite.fr\/product\/enseignes-specifiques\/#primaryimage","url":"https:\/\/stage.septpublicite.fr\/septpublicite.fr\/wp-content\/uploads\/2020\/11\/enseigne-specifique-pharmacie.jpg","contentUrl":"https:\/\/stage.septpublicite.fr\/septpublicite.fr\/wp-content\/uploads\/2020\/11\/enseigne-specifique-pharmacie.jpg","width":1080,"height":1080},{"@type":"BreadcrumbList","@id":"https:\/\/stage.septpublicite.fr\/septpublicite.fr\/product\/enseignes-specifiques\/#breadcrumb","itemListElement":[{"@type":"ListItem","position":1,"name":"Accueil","item":"https:\/\/stage.septpublicite.fr\/septpublicite.fr\/"},{"@type":"ListItem","position":2,"name":"Boutique","item":"https:\/\/stage.septpublicite.fr\/septpublicite.fr\/shop\/"},{"@type":"ListItem","position":3,"name":"Enseignes sp\u00e9cifiques"}]},{"@type":"WebSite","@id":"https:\/\/stage.septpublicite.fr\/septpublicite.fr\/#website","url":"https:\/\/stage.septpublicite.fr\/septpublicite.fr\/","name":"septpublicite.fr","description":"Notre publicit\u00e9, c&#039;est vous","potentialAction":[{"@type":"SearchAction","target":{"@type":"EntryPoint","urlTemplate":"https:\/\/stage.septpublicite.fr\/septpublicite.fr\/?s={search_term_string}"},"query-input":{"@type":"PropertyValueSpecification","valueRequired":true,"valueName":"search_term_string"}}],"inLanguage":"fr-FR"}]}},"_links":{"self":[{"href":"https:\/\/stage.septpublicite.fr\/septpublicite.fr\/wp-json\/wp\/v2\/product\/1035","targetHints":{"allow":["GET"]}}],"collection":[{"href":"https:\/\/stage.septpublicite.fr\/septpublicite.fr\/wp-json\/wp\/v2\/product"}],"about":[{"href":"https:\/\/stage.septpublicite.fr\/septpublicite.fr\/wp-json\/wp\/v2\/types\/product"}],"replies":[{"embeddable":true,"href":"https:\/\/stage.septpublicite.fr\/septpublicite.fr\/wp-json\/wp\/v2\/comments?post=1035"}],"wp:featuredmedia":[{"embeddable":true,"href":"https:\/\/stage.septpublicite.fr\/septpublicite.fr\/wp-json\/wp\/v2\/media\/1036"}],"wp:attachment":[{"href":"https:\/\/stage.septpublicite.fr\/septpublicite.fr\/wp-json\/wp\/v2\/media?parent=1035"}],"wp:term":[{"taxonomy":"product_brand","embeddable":true,"href":"https:\/\/stage.septpublicite.fr\/septpublicite.fr\/wp-json\/wp\/v2\/product_brand?post=1035"},{"taxonomy":"product_cat","embeddable":true,"href":"https:\/\/stage.septpublicite.fr\/septpublicite.fr\/wp-json\/wp\/v2\/product_cat?post=1035"},{"taxonomy":"product_tag","embeddable":true,"href":"https:\/\/stage.septpublicite.fr\/septpublicite.fr\/wp-json\/wp\/v2\/product_tag?post=1035"}],"curies":[{"name":"wp","href":"https:\/\/api.w.org\/{rel}","templated":true}]}}