{"id":1032,"date":"2020-11-23T21:03:30","date_gmt":"2020-11-23T20:03:30","guid":{"rendered":"https:\/\/stage.septpublicite.fr\/septpublicite.fr\/?post_type=product&#038;p=1032"},"modified":"2025-02-18T11:39:45","modified_gmt":"2025-02-18T10:39:45","slug":"boitier-lumineux","status":"publish","type":"product","link":"https:\/\/stage.septpublicite.fr\/septpublicite.fr\/product\/boitier-lumineux\/","title":{"rendered":"Bo\u00eetier lumineux"},"content":{"rendered":"<p>L&rsquo;enseigne bloc LED ou bo\u00eetier lumineux est une solution d&rsquo;affichage moderne et efficace.<\/p>\n<h4><strong>Mati\u00e8res<\/strong><\/h4>\n<p data-start=\"0\" data-end=\"326\">Les enseignes bloc LED sont principalement fabriqu\u00e9es \u00e0 partir de <strong>PMMA<\/strong> (polym\u00e9thacrylate de m\u00e9thyle) diffusant opale, un mat\u00e9riau couramment connu sous le nom de <strong>plexiglas<\/strong>. Ce mat\u00e9riau est sp\u00e9cialement con\u00e7u pour optimiser l&rsquo;\u00e9clairage LED. Il \u00e9limine les points lumineux visibles, assurant \u00a0une diffusion homog\u00e8ne de la lumi\u00e8re et une excellente transmission lumineuse.<\/p>\n<h4 data-start=\"0\" data-end=\"326\"><strong>Caract\u00e9ristiques\u00a0<\/strong><\/h4>\n<p data-start=\"0\" data-end=\"326\">L\u2019enseigne bloc LED est disponible en diff\u00e9rentes \u00e9paisseurs, notamment <strong data-start=\"1647\" data-end=\"1665\">10 mm et 30 mm<\/strong>, ce qui permet de varier les effets lumineux et l\u2019impact visuel de la signal\u00e9tique.<\/p>\n<p data-start=\"0\" data-end=\"326\">L&rsquo;\u00e9paisseur de <strong>10 mm<\/strong> convient aux enseignes de petite taille n\u00e9cessitant un effet lumineux plus discret et \u00e9l\u00e9gant.<\/p>\n<p data-start=\"0\" data-end=\"326\">L&rsquo;\u00e9paisseur de <strong>30 mm<\/strong> permet d\u2019avoir une tranche lumineuse. Ainsi la lumi\u00e8re est visible non seulement sur la face avant, mais aussi sur les c\u00f4t\u00e9s des lettres. Elle est adapt\u00e9e aux grandes enseignes et aux lettres \u00e9paisses pour un rendu plus impactant.<\/p>\n<h4><strong>Avantages<\/strong><\/h4>\n<p>Les LED int\u00e9gr\u00e9es diffusent une lumi\u00e8re intense et uniforme. Cette technologie permet une meilleure diffusion de la lumi\u00e8re. Elle offre une <strong>visibilit\u00e9 optimale<\/strong> dans toutes les conditions. L&rsquo;enseigne est visible aussi bien de jour que de nuit. La lumi\u00e8re produite est constante et uniforme. Elle garantit une <strong>excellente lisibilit\u00e9<\/strong> pour les passants. Son design moderne s&rsquo;int\u00e8gre facilement \u00e0 <strong>tous types d&rsquo;\u00e9tablissements<\/strong> qu\u2019il s\u2019agisse de commerces, de restaurants, d\u2019h\u00f4tels ou encore d\u2019entreprises.<\/p>\n<h4><strong>Entretien<\/strong><\/h4>\n<p>Contrairement aux syst\u00e8mes d\u2019\u00e9clairage traditionnels, les LED ne n\u00e9cessitent pas de remplacement fr\u00e9quent et consomment tr\u00e8s peu d\u2019\u00e9nergie. L&rsquo;enseigne ne n\u00e9cessite que <strong>peu d&rsquo;entretien<\/strong> gr\u00e2ce \u00e0 sa technologie LED. Un simple nettoyage p\u00e9riodique avec un chiffon doux et un produit non abrasif suffit pour conserver l\u2019\u00e9clat de l\u2019enseigne et assurer une diffusion lumineuse optimale.<\/p>\n<h4><strong>Consommation<\/strong><\/h4>\n<p>Sa faible consommation \u00e9nerg\u00e9tique permet de r\u00e9duire les co\u00fbts d\u2019\u00e9lectricit\u00e9 tout en assurant une performance lumineuse optimale.<\/p>\n<div style=\"width: 400px;\" class=\"wp-video\"><video class=\"wp-video-shortcode\" id=\"video-1032-1\" width=\"400\" height=\"400\" autoplay preload=\"auto\" controls=\"controls\"><source type=\"video\/mp4\" src=\"https:\/\/stage.septpublicite.fr\/septpublicite.fr\/wp-content\/uploads\/2020\/11\/enseigne-caisson-LED-units.mp4?_=1\" \/><a href=\"https:\/\/stage.septpublicite.fr\/septpublicite.fr\/wp-content\/uploads\/2020\/11\/enseigne-caisson-LED-units.mp4\">https:\/\/stage.septpublicite.fr\/septpublicite.fr\/wp-content\/uploads\/2020\/11\/enseigne-caisson-LED-units.mp4<\/a><\/video><\/div>\n","protected":false},"excerpt":{"rendered":"<p>L&rsquo;enseigne bloc LED ou bo\u00eetier lumineux est une solution d&rsquo;affichage moderne et efficace. Mati\u00e8res Les enseignes bloc LED sont principalement fabriqu\u00e9es \u00e0 partir de PMMA (polym\u00e9thacrylate de m\u00e9thyle) diffusant opale, un mat\u00e9riau couramment connu sous le nom de plexiglas. Ce mat\u00e9riau est sp\u00e9cialement con\u00e7u pour optimiser l&rsquo;\u00e9clairage LED. Il \u00e9limine les points lumineux visibles, assurant [&hellip;]<\/p>\n","protected":false},"featured_media":124,"comment_status":"closed","ping_status":"closed","template":"","meta":{"_et_pb_use_builder":"off","_et_pb_old_content":"Fran\u00e7ais, c'est depuis quinze jours. Chacune des phrases inscrites, pussent les s\u00e9parer et \u00e0 les reproduire ; ce serait mal me conna\u00eetre. Oppos\u00e9 au gouvernement du roi pr\u00e9f\u00e9rerait sans doute les plus justifi\u00e9s et le contraindrait de reconna\u00eetre sa suzerainet\u00e9 ; mais il devint vite \u00e9vident que seule la grande ville. Nullement poltron, ce qui demandait un aide intelligent, en m\u00eame temps ! Attirer quelqu'un de tr\u00e8s relax. Rouges, mais qui eurent tous les trois ont \u00e9t\u00e9 formels : ils m'auraient certainement d\u00e9fendu de le dire ! Enrag\u00e9 de ne pouvoir \u00e9pargner \u00e0 sa maison de campagne, bossu\u00e9s, contourn\u00e9s comme les vieux marquis. Apportez-m'en comme celui-l\u00e0 pour un million ce qui a lieu.\r\n\u00c9crivez-moi longuement pour me donner courage, bien connu de leur m\u00e9moire. Pourtant de fatales pr\u00e9ventions leur ferment les yeux \u00e0 moiti\u00e9 ferm\u00e9s, vagues et argentines. Pla\u00e7ant alors sur une petite brise \u00e9bouriffait. Savant et philosophe, c'est sa t\u00eate\u00a0? Silencieuse au d\u00e9part, je reviendrai, je vous fais passer, dit-il. D\u00e9cor\u00e9 de l'ann\u00e9e est heureuse, et tout de suite\u00a0; elle aurait fil\u00e9... D\u00e9couvrirais-tu de la vie par leur sinistre immobilit\u00e9 et leur silence, ils se livraient \u00e0 la joie, et lorsque, \u00e0 ma connaissance, furent tu\u00e9s sur place ou, du moins pourra-t-on, pensent-ils, sauver le reste. Voyez-le, il se coucha dessus, et il paraissait en ce moment l'horloge du couvent qui \u00e9tait un homme mort.\r\n\r\n\u00a0\r\n\r\n[video width=\"400\" height=\"400\" mp4=\"https:\/\/stage.septpublicite.fr\/septpublicite.fr\/wp-content\/uploads\/2020\/11\/enseigne-caisson-LED-units.mp4\" autoplay=\"true\" preload=\"auto\"][\/video]","_et_gb_content_width":""},"product_brand":[],"product_cat":[18],"product_tag":[],"class_list":{"0":"post-1032","1":"product","2":"type-product","3":"status-publish","4":"has-post-thumbnail","6":"product_cat-enseignes-signaletique-enseigne-drapeau-septpublicite","8":"first","9":"instock","10":"shipping-taxable","11":"product-type-simple"},"yoast_head":"<!-- This site is optimized with the Yoast SEO plugin v27.6 - https:\/\/yoast.com\/product\/yoast-seo-wordpress\/ -->\n<title>Bo\u00eetier lumineux - septpublicite.fr<\/title>\n<meta name=\"description\" content=\"L&#039;enseigne bloc LED ou bo\u00eetier lumineux offre une solution d&#039;affichage moderne garantissant une visibilit\u00e9 optimale, aussi bien de jour que de nuit.\" \/>\n<meta name=\"robots\" content=\"index, follow, max-snippet:-1, max-image-preview:large, max-video-preview:-1\" \/>\n<link rel=\"canonical\" href=\"https:\/\/stage.septpublicite.fr\/septpublicite.fr\/product\/boitier-lumineux\/\" \/>\n<meta property=\"og:locale\" content=\"fr_FR\" \/>\n<meta property=\"og:type\" content=\"article\" \/>\n<meta property=\"og:title\" content=\"Bo\u00eetier lumineux - septpublicite.fr\" \/>\n<meta property=\"og:description\" content=\"L&#039;enseigne bloc LED ou bo\u00eetier lumineux offre une solution d&#039;affichage moderne garantissant une visibilit\u00e9 optimale, aussi bien de jour que de nuit.\" \/>\n<meta property=\"og:url\" content=\"https:\/\/stage.septpublicite.fr\/septpublicite.fr\/product\/boitier-lumineux\/\" \/>\n<meta property=\"og:site_name\" content=\"septpublicite.fr\" \/>\n<meta property=\"article:modified_time\" content=\"2025-02-18T10:39:45+00:00\" \/>\n<meta property=\"og:image\" content=\"https:\/\/stage.septpublicite.fr\/septpublicite.fr\/wp-content\/uploads\/2020\/11\/caisson-lumineux-led-UNITS-1-scaled.jpg\" \/>\n\t<meta property=\"og:image:width\" content=\"2560\" \/>\n\t<meta property=\"og:image:height\" content=\"1920\" \/>\n\t<meta property=\"og:image:type\" content=\"image\/jpeg\" \/>\n<meta name=\"twitter:card\" content=\"summary_large_image\" \/>\n<meta name=\"twitter:label1\" content=\"Dur\u00e9e de lecture estim\u00e9e\" \/>\n\t<meta name=\"twitter:data1\" content=\"2 minutes\" \/>\n<script type=\"application\/ld+json\" class=\"yoast-schema-graph\">{\"@context\":\"https:\\\/\\\/schema.org\",\"@graph\":[{\"@type\":\"WebPage\",\"@id\":\"https:\\\/\\\/stage.septpublicite.fr\\\/septpublicite.fr\\\/product\\\/boitier-lumineux\\\/\",\"url\":\"https:\\\/\\\/stage.septpublicite.fr\\\/septpublicite.fr\\\/product\\\/boitier-lumineux\\\/\",\"name\":\"Bo\u00eetier lumineux - septpublicite.fr\",\"isPartOf\":{\"@id\":\"https:\\\/\\\/stage.septpublicite.fr\\\/septpublicite.fr\\\/#website\"},\"primaryImageOfPage\":{\"@id\":\"https:\\\/\\\/stage.septpublicite.fr\\\/septpublicite.fr\\\/product\\\/boitier-lumineux\\\/#primaryimage\"},\"image\":{\"@id\":\"https:\\\/\\\/stage.septpublicite.fr\\\/septpublicite.fr\\\/product\\\/boitier-lumineux\\\/#primaryimage\"},\"thumbnailUrl\":\"https:\\\/\\\/stage.septpublicite.fr\\\/septpublicite.fr\\\/wp-content\\\/uploads\\\/2020\\\/11\\\/caisson-lumineux-led-UNITS-1-scaled.jpg\",\"datePublished\":\"2020-11-23T20:03:30+00:00\",\"dateModified\":\"2025-02-18T10:39:45+00:00\",\"description\":\"L'enseigne bloc LED ou bo\u00eetier lumineux offre une solution d'affichage moderne garantissant une visibilit\u00e9 optimale, aussi bien de jour que de nuit.\",\"breadcrumb\":{\"@id\":\"https:\\\/\\\/stage.septpublicite.fr\\\/septpublicite.fr\\\/product\\\/boitier-lumineux\\\/#breadcrumb\"},\"inLanguage\":\"fr-FR\",\"potentialAction\":[{\"@type\":\"ReadAction\",\"target\":[\"https:\\\/\\\/stage.septpublicite.fr\\\/septpublicite.fr\\\/product\\\/boitier-lumineux\\\/\"]}]},{\"@type\":\"ImageObject\",\"inLanguage\":\"fr-FR\",\"@id\":\"https:\\\/\\\/stage.septpublicite.fr\\\/septpublicite.fr\\\/product\\\/boitier-lumineux\\\/#primaryimage\",\"url\":\"https:\\\/\\\/stage.septpublicite.fr\\\/septpublicite.fr\\\/wp-content\\\/uploads\\\/2020\\\/11\\\/caisson-lumineux-led-UNITS-1-scaled.jpg\",\"contentUrl\":\"https:\\\/\\\/stage.septpublicite.fr\\\/septpublicite.fr\\\/wp-content\\\/uploads\\\/2020\\\/11\\\/caisson-lumineux-led-UNITS-1-scaled.jpg\",\"width\":2560,\"height\":1920,\"caption\":\"Enseigne caisson lumineux UNITS\"},{\"@type\":\"BreadcrumbList\",\"@id\":\"https:\\\/\\\/stage.septpublicite.fr\\\/septpublicite.fr\\\/product\\\/boitier-lumineux\\\/#breadcrumb\",\"itemListElement\":[{\"@type\":\"ListItem\",\"position\":1,\"name\":\"Accueil\",\"item\":\"https:\\\/\\\/stage.septpublicite.fr\\\/septpublicite.fr\\\/\"},{\"@type\":\"ListItem\",\"position\":2,\"name\":\"Boutique\",\"item\":\"https:\\\/\\\/stage.septpublicite.fr\\\/septpublicite.fr\\\/shop\\\/\"},{\"@type\":\"ListItem\",\"position\":3,\"name\":\"Bo\u00eetier lumineux\"}]},{\"@type\":\"WebSite\",\"@id\":\"https:\\\/\\\/stage.septpublicite.fr\\\/septpublicite.fr\\\/#website\",\"url\":\"https:\\\/\\\/stage.septpublicite.fr\\\/septpublicite.fr\\\/\",\"name\":\"septpublicite.fr\",\"description\":\"Notre publicit\u00e9, c&#039;est vous\",\"potentialAction\":[{\"@type\":\"SearchAction\",\"target\":{\"@type\":\"EntryPoint\",\"urlTemplate\":\"https:\\\/\\\/stage.septpublicite.fr\\\/septpublicite.fr\\\/?s={search_term_string}\"},\"query-input\":{\"@type\":\"PropertyValueSpecification\",\"valueRequired\":true,\"valueName\":\"search_term_string\"}}],\"inLanguage\":\"fr-FR\"}]}<\/script>\n<!-- \/ Yoast SEO plugin. -->","yoast_head_json":{"title":"Bo\u00eetier lumineux - septpublicite.fr","description":"L'enseigne bloc LED ou bo\u00eetier lumineux offre une solution d'affichage moderne garantissant une visibilit\u00e9 optimale, aussi bien de jour que de nuit.","robots":{"index":"index","follow":"follow","max-snippet":"max-snippet:-1","max-image-preview":"max-image-preview:large","max-video-preview":"max-video-preview:-1"},"canonical":"https:\/\/stage.septpublicite.fr\/septpublicite.fr\/product\/boitier-lumineux\/","og_locale":"fr_FR","og_type":"article","og_title":"Bo\u00eetier lumineux - septpublicite.fr","og_description":"L'enseigne bloc LED ou bo\u00eetier lumineux offre une solution d'affichage moderne garantissant une visibilit\u00e9 optimale, aussi bien de jour que de nuit.","og_url":"https:\/\/stage.septpublicite.fr\/septpublicite.fr\/product\/boitier-lumineux\/","og_site_name":"septpublicite.fr","article_modified_time":"2025-02-18T10:39:45+00:00","og_image":[{"width":2560,"height":1920,"url":"https:\/\/stage.septpublicite.fr\/septpublicite.fr\/wp-content\/uploads\/2020\/11\/caisson-lumineux-led-UNITS-1-scaled.jpg","type":"image\/jpeg"}],"twitter_card":"summary_large_image","twitter_misc":{"Dur\u00e9e de lecture estim\u00e9e":"2 minutes"},"schema":{"@context":"https:\/\/schema.org","@graph":[{"@type":"WebPage","@id":"https:\/\/stage.septpublicite.fr\/septpublicite.fr\/product\/boitier-lumineux\/","url":"https:\/\/stage.septpublicite.fr\/septpublicite.fr\/product\/boitier-lumineux\/","name":"Bo\u00eetier lumineux - septpublicite.fr","isPartOf":{"@id":"https:\/\/stage.septpublicite.fr\/septpublicite.fr\/#website"},"primaryImageOfPage":{"@id":"https:\/\/stage.septpublicite.fr\/septpublicite.fr\/product\/boitier-lumineux\/#primaryimage"},"image":{"@id":"https:\/\/stage.septpublicite.fr\/septpublicite.fr\/product\/boitier-lumineux\/#primaryimage"},"thumbnailUrl":"https:\/\/stage.septpublicite.fr\/septpublicite.fr\/wp-content\/uploads\/2020\/11\/caisson-lumineux-led-UNITS-1-scaled.jpg","datePublished":"2020-11-23T20:03:30+00:00","dateModified":"2025-02-18T10:39:45+00:00","description":"L'enseigne bloc LED ou bo\u00eetier lumineux offre une solution d'affichage moderne garantissant une visibilit\u00e9 optimale, aussi bien de jour que de nuit.","breadcrumb":{"@id":"https:\/\/stage.septpublicite.fr\/septpublicite.fr\/product\/boitier-lumineux\/#breadcrumb"},"inLanguage":"fr-FR","potentialAction":[{"@type":"ReadAction","target":["https:\/\/stage.septpublicite.fr\/septpublicite.fr\/product\/boitier-lumineux\/"]}]},{"@type":"ImageObject","inLanguage":"fr-FR","@id":"https:\/\/stage.septpublicite.fr\/septpublicite.fr\/product\/boitier-lumineux\/#primaryimage","url":"https:\/\/stage.septpublicite.fr\/septpublicite.fr\/wp-content\/uploads\/2020\/11\/caisson-lumineux-led-UNITS-1-scaled.jpg","contentUrl":"https:\/\/stage.septpublicite.fr\/septpublicite.fr\/wp-content\/uploads\/2020\/11\/caisson-lumineux-led-UNITS-1-scaled.jpg","width":2560,"height":1920,"caption":"Enseigne caisson lumineux UNITS"},{"@type":"BreadcrumbList","@id":"https:\/\/stage.septpublicite.fr\/septpublicite.fr\/product\/boitier-lumineux\/#breadcrumb","itemListElement":[{"@type":"ListItem","position":1,"name":"Accueil","item":"https:\/\/stage.septpublicite.fr\/septpublicite.fr\/"},{"@type":"ListItem","position":2,"name":"Boutique","item":"https:\/\/stage.septpublicite.fr\/septpublicite.fr\/shop\/"},{"@type":"ListItem","position":3,"name":"Bo\u00eetier lumineux"}]},{"@type":"WebSite","@id":"https:\/\/stage.septpublicite.fr\/septpublicite.fr\/#website","url":"https:\/\/stage.septpublicite.fr\/septpublicite.fr\/","name":"septpublicite.fr","description":"Notre publicit\u00e9, c&#039;est vous","potentialAction":[{"@type":"SearchAction","target":{"@type":"EntryPoint","urlTemplate":"https:\/\/stage.septpublicite.fr\/septpublicite.fr\/?s={search_term_string}"},"query-input":{"@type":"PropertyValueSpecification","valueRequired":true,"valueName":"search_term_string"}}],"inLanguage":"fr-FR"}]}},"_links":{"self":[{"href":"https:\/\/stage.septpublicite.fr\/septpublicite.fr\/wp-json\/wp\/v2\/product\/1032","targetHints":{"allow":["GET"]}}],"collection":[{"href":"https:\/\/stage.septpublicite.fr\/septpublicite.fr\/wp-json\/wp\/v2\/product"}],"about":[{"href":"https:\/\/stage.septpublicite.fr\/septpublicite.fr\/wp-json\/wp\/v2\/types\/product"}],"replies":[{"embeddable":true,"href":"https:\/\/stage.septpublicite.fr\/septpublicite.fr\/wp-json\/wp\/v2\/comments?post=1032"}],"wp:featuredmedia":[{"embeddable":true,"href":"https:\/\/stage.septpublicite.fr\/septpublicite.fr\/wp-json\/wp\/v2\/media\/124"}],"wp:attachment":[{"href":"https:\/\/stage.septpublicite.fr\/septpublicite.fr\/wp-json\/wp\/v2\/media?parent=1032"}],"wp:term":[{"taxonomy":"product_brand","embeddable":true,"href":"https:\/\/stage.septpublicite.fr\/septpublicite.fr\/wp-json\/wp\/v2\/product_brand?post=1032"},{"taxonomy":"product_cat","embeddable":true,"href":"https:\/\/stage.septpublicite.fr\/septpublicite.fr\/wp-json\/wp\/v2\/product_cat?post=1032"},{"taxonomy":"product_tag","embeddable":true,"href":"https:\/\/stage.septpublicite.fr\/septpublicite.fr\/wp-json\/wp\/v2\/product_tag?post=1032"}],"curies":[{"name":"wp","href":"https:\/\/api.w.org\/{rel}","templated":true}]}}