{"id":1031,"date":"2020-11-23T20:37:43","date_gmt":"2020-11-23T19:37:43","guid":{"rendered":"https:\/\/stage.septpublicite.fr\/septpublicite.fr\/?post_type=product&#038;p=1031"},"modified":"2025-02-13T12:13:20","modified_gmt":"2025-02-13T11:13:20","slug":"enseigne-bloc-led","status":"publish","type":"product","link":"https:\/\/stage.septpublicite.fr\/septpublicite.fr\/product\/enseigne-bloc-led\/","title":{"rendered":"Enseigne bloc LED"},"content":{"rendered":"<p>Cette enseigne est une solution d\u2019affichage innovante o\u00f9 chaque lettre ou logo est con\u00e7u comme un bloc individuel illumin\u00e9 par des LEDS. Elle offre une luminosit\u00e9 intense et uniforme, assurant une visibilit\u00e9 exceptionnelle de jour comme de nuit.<\/p>\n<p>Enseigne bloc LED PMMA diffusant opale sp\u00e9cialement \u00e9tudier pour \u00e9clairage LED.<\/p>\n<p>Epaisseur en 10mm ou 30mm permet d&rsquo;avoir la tranche lettre lumineuse.<\/p>\n","protected":false},"excerpt":{"rendered":"<p>Cette enseigne est une solution d\u2019affichage innovante o\u00f9 chaque lettre ou logo est con\u00e7u comme un bloc individuel illumin\u00e9 par des LEDS. Elle offre une luminosit\u00e9 intense et uniforme, assurant une visibilit\u00e9 exceptionnelle de jour comme de nuit. Enseigne bloc LED PMMA diffusant opale sp\u00e9cialement \u00e9tudier pour \u00e9clairage LED. Epaisseur en 10mm ou 30mm permet [&hellip;]<\/p>\n","protected":false},"featured_media":328818,"comment_status":"closed","ping_status":"closed","template":"","meta":{"_et_pb_use_builder":"","_et_pb_old_content":"","_et_gb_content_width":""},"product_brand":[],"product_cat":[58,18],"product_tag":[],"class_list":{"0":"post-1031","1":"product","2":"type-product","3":"status-publish","4":"has-post-thumbnail","6":"product_cat-enseigne-bloc-led-septpublicite","7":"product_cat-enseignes-signaletique-enseigne-drapeau-septpublicite","9":"first","10":"instock","11":"shipping-taxable","12":"product-type-simple"},"yoast_head":"<!-- This site is optimized with the Yoast SEO plugin v27.6 - https:\/\/yoast.com\/product\/yoast-seo-wordpress\/ -->\n<title>Enseigne bloc LED - septpublicite.fr<\/title>\n<meta name=\"description\" content=\"Enseigne bloc LED PMMA diffusant opale sp\u00e9cialement \u00e9tudier pour \u00e9clairage LED.\u00a0Epaisseur en 10mm ou 30mm permet d&#039;avoir la tranche lettre lumineuse.\" \/>\n<meta name=\"robots\" content=\"index, follow, max-snippet:-1, max-image-preview:large, max-video-preview:-1\" \/>\n<link rel=\"canonical\" href=\"https:\/\/stage.septpublicite.fr\/septpublicite.fr\/product\/enseigne-bloc-led\/\" \/>\n<meta property=\"og:locale\" content=\"fr_FR\" \/>\n<meta property=\"og:type\" content=\"article\" \/>\n<meta property=\"og:title\" content=\"Enseigne bloc LED - septpublicite.fr\" \/>\n<meta property=\"og:description\" content=\"Enseigne bloc LED PMMA diffusant opale sp\u00e9cialement \u00e9tudier pour \u00e9clairage LED.\u00a0Epaisseur en 10mm ou 30mm permet d&#039;avoir la tranche lettre lumineuse.\" \/>\n<meta property=\"og:url\" content=\"https:\/\/stage.septpublicite.fr\/septpublicite.fr\/product\/enseigne-bloc-led\/\" \/>\n<meta property=\"og:site_name\" content=\"septpublicite.fr\" \/>\n<meta property=\"article:modified_time\" content=\"2025-02-13T11:13:20+00:00\" \/>\n<meta property=\"og:image\" content=\"https:\/\/stage.septpublicite.fr\/septpublicite.fr\/wp-content\/uploads\/2020\/11\/enseigne-de-jour-retro-eclairage-02-1.jpg\" \/>\n\t<meta property=\"og:image:width\" content=\"2172\" \/>\n\t<meta property=\"og:image:height\" content=\"1586\" \/>\n\t<meta property=\"og:image:type\" content=\"image\/jpeg\" \/>\n<meta name=\"twitter:card\" content=\"summary_large_image\" \/>\n<meta name=\"twitter:label1\" content=\"Dur\u00e9e de lecture estim\u00e9e\" \/>\n\t<meta name=\"twitter:data1\" content=\"1 minute\" \/>\n<script type=\"application\/ld+json\" class=\"yoast-schema-graph\">{\"@context\":\"https:\\\/\\\/schema.org\",\"@graph\":[{\"@type\":\"WebPage\",\"@id\":\"https:\\\/\\\/stage.septpublicite.fr\\\/septpublicite.fr\\\/product\\\/enseigne-bloc-led\\\/\",\"url\":\"https:\\\/\\\/stage.septpublicite.fr\\\/septpublicite.fr\\\/product\\\/enseigne-bloc-led\\\/\",\"name\":\"Enseigne bloc LED - septpublicite.fr\",\"isPartOf\":{\"@id\":\"https:\\\/\\\/stage.septpublicite.fr\\\/septpublicite.fr\\\/#website\"},\"primaryImageOfPage\":{\"@id\":\"https:\\\/\\\/stage.septpublicite.fr\\\/septpublicite.fr\\\/product\\\/enseigne-bloc-led\\\/#primaryimage\"},\"image\":{\"@id\":\"https:\\\/\\\/stage.septpublicite.fr\\\/septpublicite.fr\\\/product\\\/enseigne-bloc-led\\\/#primaryimage\"},\"thumbnailUrl\":\"https:\\\/\\\/stage.septpublicite.fr\\\/septpublicite.fr\\\/wp-content\\\/uploads\\\/2020\\\/11\\\/enseigne-de-jour-retro-eclairage-02-1.jpg\",\"datePublished\":\"2020-11-23T19:37:43+00:00\",\"dateModified\":\"2025-02-13T11:13:20+00:00\",\"description\":\"Enseigne bloc LED PMMA diffusant opale sp\u00e9cialement \u00e9tudier pour \u00e9clairage LED.\u00a0Epaisseur en 10mm ou 30mm permet d'avoir la tranche lettre lumineuse.\",\"breadcrumb\":{\"@id\":\"https:\\\/\\\/stage.septpublicite.fr\\\/septpublicite.fr\\\/product\\\/enseigne-bloc-led\\\/#breadcrumb\"},\"inLanguage\":\"fr-FR\",\"potentialAction\":[{\"@type\":\"ReadAction\",\"target\":[\"https:\\\/\\\/stage.septpublicite.fr\\\/septpublicite.fr\\\/product\\\/enseigne-bloc-led\\\/\"]}]},{\"@type\":\"ImageObject\",\"inLanguage\":\"fr-FR\",\"@id\":\"https:\\\/\\\/stage.septpublicite.fr\\\/septpublicite.fr\\\/product\\\/enseigne-bloc-led\\\/#primaryimage\",\"url\":\"https:\\\/\\\/stage.septpublicite.fr\\\/septpublicite.fr\\\/wp-content\\\/uploads\\\/2020\\\/11\\\/enseigne-de-jour-retro-eclairage-02-1.jpg\",\"contentUrl\":\"https:\\\/\\\/stage.septpublicite.fr\\\/septpublicite.fr\\\/wp-content\\\/uploads\\\/2020\\\/11\\\/enseigne-de-jour-retro-eclairage-02-1.jpg\",\"width\":2172,\"height\":1586},{\"@type\":\"BreadcrumbList\",\"@id\":\"https:\\\/\\\/stage.septpublicite.fr\\\/septpublicite.fr\\\/product\\\/enseigne-bloc-led\\\/#breadcrumb\",\"itemListElement\":[{\"@type\":\"ListItem\",\"position\":1,\"name\":\"Accueil\",\"item\":\"https:\\\/\\\/stage.septpublicite.fr\\\/septpublicite.fr\\\/\"},{\"@type\":\"ListItem\",\"position\":2,\"name\":\"Boutique\",\"item\":\"https:\\\/\\\/stage.septpublicite.fr\\\/septpublicite.fr\\\/shop\\\/\"},{\"@type\":\"ListItem\",\"position\":3,\"name\":\"Enseigne bloc LED\"}]},{\"@type\":\"WebSite\",\"@id\":\"https:\\\/\\\/stage.septpublicite.fr\\\/septpublicite.fr\\\/#website\",\"url\":\"https:\\\/\\\/stage.septpublicite.fr\\\/septpublicite.fr\\\/\",\"name\":\"septpublicite.fr\",\"description\":\"Notre publicit\u00e9, c&#039;est vous\",\"potentialAction\":[{\"@type\":\"SearchAction\",\"target\":{\"@type\":\"EntryPoint\",\"urlTemplate\":\"https:\\\/\\\/stage.septpublicite.fr\\\/septpublicite.fr\\\/?s={search_term_string}\"},\"query-input\":{\"@type\":\"PropertyValueSpecification\",\"valueRequired\":true,\"valueName\":\"search_term_string\"}}],\"inLanguage\":\"fr-FR\"}]}<\/script>\n<!-- \/ Yoast SEO plugin. -->","yoast_head_json":{"title":"Enseigne bloc LED - septpublicite.fr","description":"Enseigne bloc LED PMMA diffusant opale sp\u00e9cialement \u00e9tudier pour \u00e9clairage LED.\u00a0Epaisseur en 10mm ou 30mm permet d'avoir la tranche lettre lumineuse.","robots":{"index":"index","follow":"follow","max-snippet":"max-snippet:-1","max-image-preview":"max-image-preview:large","max-video-preview":"max-video-preview:-1"},"canonical":"https:\/\/stage.septpublicite.fr\/septpublicite.fr\/product\/enseigne-bloc-led\/","og_locale":"fr_FR","og_type":"article","og_title":"Enseigne bloc LED - septpublicite.fr","og_description":"Enseigne bloc LED PMMA diffusant opale sp\u00e9cialement \u00e9tudier pour \u00e9clairage LED.\u00a0Epaisseur en 10mm ou 30mm permet d'avoir la tranche lettre lumineuse.","og_url":"https:\/\/stage.septpublicite.fr\/septpublicite.fr\/product\/enseigne-bloc-led\/","og_site_name":"septpublicite.fr","article_modified_time":"2025-02-13T11:13:20+00:00","og_image":[{"width":2172,"height":1586,"url":"https:\/\/stage.septpublicite.fr\/septpublicite.fr\/wp-content\/uploads\/2020\/11\/enseigne-de-jour-retro-eclairage-02-1.jpg","type":"image\/jpeg"}],"twitter_card":"summary_large_image","twitter_misc":{"Dur\u00e9e de lecture estim\u00e9e":"1 minute"},"schema":{"@context":"https:\/\/schema.org","@graph":[{"@type":"WebPage","@id":"https:\/\/stage.septpublicite.fr\/septpublicite.fr\/product\/enseigne-bloc-led\/","url":"https:\/\/stage.septpublicite.fr\/septpublicite.fr\/product\/enseigne-bloc-led\/","name":"Enseigne bloc LED - septpublicite.fr","isPartOf":{"@id":"https:\/\/stage.septpublicite.fr\/septpublicite.fr\/#website"},"primaryImageOfPage":{"@id":"https:\/\/stage.septpublicite.fr\/septpublicite.fr\/product\/enseigne-bloc-led\/#primaryimage"},"image":{"@id":"https:\/\/stage.septpublicite.fr\/septpublicite.fr\/product\/enseigne-bloc-led\/#primaryimage"},"thumbnailUrl":"https:\/\/stage.septpublicite.fr\/septpublicite.fr\/wp-content\/uploads\/2020\/11\/enseigne-de-jour-retro-eclairage-02-1.jpg","datePublished":"2020-11-23T19:37:43+00:00","dateModified":"2025-02-13T11:13:20+00:00","description":"Enseigne bloc LED PMMA diffusant opale sp\u00e9cialement \u00e9tudier pour \u00e9clairage LED.\u00a0Epaisseur en 10mm ou 30mm permet d'avoir la tranche lettre lumineuse.","breadcrumb":{"@id":"https:\/\/stage.septpublicite.fr\/septpublicite.fr\/product\/enseigne-bloc-led\/#breadcrumb"},"inLanguage":"fr-FR","potentialAction":[{"@type":"ReadAction","target":["https:\/\/stage.septpublicite.fr\/septpublicite.fr\/product\/enseigne-bloc-led\/"]}]},{"@type":"ImageObject","inLanguage":"fr-FR","@id":"https:\/\/stage.septpublicite.fr\/septpublicite.fr\/product\/enseigne-bloc-led\/#primaryimage","url":"https:\/\/stage.septpublicite.fr\/septpublicite.fr\/wp-content\/uploads\/2020\/11\/enseigne-de-jour-retro-eclairage-02-1.jpg","contentUrl":"https:\/\/stage.septpublicite.fr\/septpublicite.fr\/wp-content\/uploads\/2020\/11\/enseigne-de-jour-retro-eclairage-02-1.jpg","width":2172,"height":1586},{"@type":"BreadcrumbList","@id":"https:\/\/stage.septpublicite.fr\/septpublicite.fr\/product\/enseigne-bloc-led\/#breadcrumb","itemListElement":[{"@type":"ListItem","position":1,"name":"Accueil","item":"https:\/\/stage.septpublicite.fr\/septpublicite.fr\/"},{"@type":"ListItem","position":2,"name":"Boutique","item":"https:\/\/stage.septpublicite.fr\/septpublicite.fr\/shop\/"},{"@type":"ListItem","position":3,"name":"Enseigne bloc LED"}]},{"@type":"WebSite","@id":"https:\/\/stage.septpublicite.fr\/septpublicite.fr\/#website","url":"https:\/\/stage.septpublicite.fr\/septpublicite.fr\/","name":"septpublicite.fr","description":"Notre publicit\u00e9, c&#039;est vous","potentialAction":[{"@type":"SearchAction","target":{"@type":"EntryPoint","urlTemplate":"https:\/\/stage.septpublicite.fr\/septpublicite.fr\/?s={search_term_string}"},"query-input":{"@type":"PropertyValueSpecification","valueRequired":true,"valueName":"search_term_string"}}],"inLanguage":"fr-FR"}]}},"_links":{"self":[{"href":"https:\/\/stage.septpublicite.fr\/septpublicite.fr\/wp-json\/wp\/v2\/product\/1031","targetHints":{"allow":["GET"]}}],"collection":[{"href":"https:\/\/stage.septpublicite.fr\/septpublicite.fr\/wp-json\/wp\/v2\/product"}],"about":[{"href":"https:\/\/stage.septpublicite.fr\/septpublicite.fr\/wp-json\/wp\/v2\/types\/product"}],"replies":[{"embeddable":true,"href":"https:\/\/stage.septpublicite.fr\/septpublicite.fr\/wp-json\/wp\/v2\/comments?post=1031"}],"wp:featuredmedia":[{"embeddable":true,"href":"https:\/\/stage.septpublicite.fr\/septpublicite.fr\/wp-json\/wp\/v2\/media\/328818"}],"wp:attachment":[{"href":"https:\/\/stage.septpublicite.fr\/septpublicite.fr\/wp-json\/wp\/v2\/media?parent=1031"}],"wp:term":[{"taxonomy":"product_brand","embeddable":true,"href":"https:\/\/stage.septpublicite.fr\/septpublicite.fr\/wp-json\/wp\/v2\/product_brand?post=1031"},{"taxonomy":"product_cat","embeddable":true,"href":"https:\/\/stage.septpublicite.fr\/septpublicite.fr\/wp-json\/wp\/v2\/product_cat?post=1031"},{"taxonomy":"product_tag","embeddable":true,"href":"https:\/\/stage.septpublicite.fr\/septpublicite.fr\/wp-json\/wp\/v2\/product_tag?post=1031"}],"curies":[{"name":"wp","href":"https:\/\/api.w.org\/{rel}","templated":true}]}}