{"id":1001,"date":"2020-11-23T18:21:14","date_gmt":"2020-11-23T17:21:14","guid":{"rendered":"https:\/\/stage.septpublicite.fr\/septpublicite.fr\/?post_type=product&#038;p=1001"},"modified":"2025-02-19T20:32:11","modified_gmt":"2025-02-19T19:32:11","slug":"banderole-7publicite","status":"publish","type":"product","link":"https:\/\/stage.septpublicite.fr\/septpublicite.fr\/product\/banderole-7publicite\/","title":{"rendered":"Banderole"},"content":{"rendered":"<p>Cr\u00e9ez\u00a0<strong>sur-mesure<\/strong>\u00a0votre banderole \u00e9v\u00e9nementielle.<\/p>\n<ul>\n<li>Durabilit\u00e9 pour du court-terme ou du moyen-terme<\/li>\n<li>Peut \u00eatre positionn\u00e9e soit en ext\u00e9rieur ou en int\u00e9rieur (classement feu)<\/li>\n<li>Impression num\u00e9rique HD ou lettres d\u00e9coup\u00e9es<\/li>\n<li>Fixation par \u0153illets ou par b\u00e2tons<\/li>\n<\/ul>\n<p><strong>Toutes dimensions.<\/strong><\/p>\n","protected":false},"excerpt":{"rendered":"<p>Cr\u00e9ez\u00a0sur-mesure\u00a0votre banderole \u00e9v\u00e9nementielle. Durabilit\u00e9 pour du court-terme ou du moyen-terme Peut \u00eatre positionn\u00e9e soit en ext\u00e9rieur ou en int\u00e9rieur (classement feu) Impression num\u00e9rique HD ou lettres d\u00e9coup\u00e9es Fixation par \u0153illets ou par b\u00e2tons Toutes dimensions.<\/p>\n","protected":false},"featured_media":329179,"comment_status":"closed","ping_status":"closed","template":"","meta":{"_et_pb_use_builder":"","_et_pb_old_content":"","_et_gb_content_width":""},"product_brand":[],"product_cat":[89,119,52],"product_tag":[],"class_list":{"0":"post-1001","1":"product","2":"type-product","3":"status-publish","4":"has-post-thumbnail","6":"product_cat-banderole-personnalisee","7":"product_cat-boutique-en-ligne-septpublicite","8":"product_cat-plv-evenementiel","10":"first","11":"instock","12":"shipping-taxable","13":"product-type-simple"},"yoast_head":"<!-- This site is optimized with the Yoast SEO plugin v27.6 - https:\/\/yoast.com\/product\/yoast-seo-wordpress\/ -->\n<title>Banderole - septpublicite.fr<\/title>\n<meta name=\"description\" content=\"Cr\u00e9ez\u00a0sur-mesure\u00a0votre banderole \u00e9v\u00e9nementielle.\" \/>\n<meta name=\"robots\" content=\"index, follow, max-snippet:-1, max-image-preview:large, max-video-preview:-1\" \/>\n<link rel=\"canonical\" href=\"https:\/\/stage.septpublicite.fr\/septpublicite.fr\/product\/banderole-7publicite\/\" \/>\n<meta property=\"og:locale\" content=\"fr_FR\" \/>\n<meta property=\"og:type\" content=\"article\" \/>\n<meta property=\"og:title\" content=\"Banderole - septpublicite.fr\" \/>\n<meta property=\"og:description\" content=\"Cr\u00e9ez\u00a0sur-mesure\u00a0votre banderole \u00e9v\u00e9nementielle.\" \/>\n<meta property=\"og:url\" content=\"https:\/\/stage.septpublicite.fr\/septpublicite.fr\/product\/banderole-7publicite\/\" \/>\n<meta property=\"og:site_name\" content=\"septpublicite.fr\" \/>\n<meta property=\"article:modified_time\" content=\"2025-02-19T19:32:11+00:00\" \/>\n<meta property=\"og:image\" content=\"https:\/\/stage.septpublicite.fr\/septpublicite.fr\/wp-content\/uploads\/2020\/11\/IMG_8918.jpg\" \/>\n\t<meta property=\"og:image:width\" content=\"949\" \/>\n\t<meta property=\"og:image:height\" content=\"711\" \/>\n\t<meta property=\"og:image:type\" content=\"image\/jpeg\" \/>\n<meta name=\"twitter:card\" content=\"summary_large_image\" \/>\n<meta name=\"twitter:label1\" content=\"Dur\u00e9e de lecture estim\u00e9e\" \/>\n\t<meta name=\"twitter:data1\" content=\"1 minute\" \/>\n<script type=\"application\/ld+json\" class=\"yoast-schema-graph\">{\"@context\":\"https:\\\/\\\/schema.org\",\"@graph\":[{\"@type\":\"WebPage\",\"@id\":\"https:\\\/\\\/stage.septpublicite.fr\\\/septpublicite.fr\\\/product\\\/banderole-7publicite\\\/\",\"url\":\"https:\\\/\\\/stage.septpublicite.fr\\\/septpublicite.fr\\\/product\\\/banderole-7publicite\\\/\",\"name\":\"Banderole - septpublicite.fr\",\"isPartOf\":{\"@id\":\"https:\\\/\\\/stage.septpublicite.fr\\\/septpublicite.fr\\\/#website\"},\"primaryImageOfPage\":{\"@id\":\"https:\\\/\\\/stage.septpublicite.fr\\\/septpublicite.fr\\\/product\\\/banderole-7publicite\\\/#primaryimage\"},\"image\":{\"@id\":\"https:\\\/\\\/stage.septpublicite.fr\\\/septpublicite.fr\\\/product\\\/banderole-7publicite\\\/#primaryimage\"},\"thumbnailUrl\":\"https:\\\/\\\/stage.septpublicite.fr\\\/septpublicite.fr\\\/wp-content\\\/uploads\\\/2020\\\/11\\\/IMG_8918.jpg\",\"datePublished\":\"2020-11-23T17:21:14+00:00\",\"dateModified\":\"2025-02-19T19:32:11+00:00\",\"description\":\"Cr\u00e9ez\u00a0sur-mesure\u00a0votre banderole \u00e9v\u00e9nementielle.\",\"breadcrumb\":{\"@id\":\"https:\\\/\\\/stage.septpublicite.fr\\\/septpublicite.fr\\\/product\\\/banderole-7publicite\\\/#breadcrumb\"},\"inLanguage\":\"fr-FR\",\"potentialAction\":[{\"@type\":\"ReadAction\",\"target\":[\"https:\\\/\\\/stage.septpublicite.fr\\\/septpublicite.fr\\\/product\\\/banderole-7publicite\\\/\"]}]},{\"@type\":\"ImageObject\",\"inLanguage\":\"fr-FR\",\"@id\":\"https:\\\/\\\/stage.septpublicite.fr\\\/septpublicite.fr\\\/product\\\/banderole-7publicite\\\/#primaryimage\",\"url\":\"https:\\\/\\\/stage.septpublicite.fr\\\/septpublicite.fr\\\/wp-content\\\/uploads\\\/2020\\\/11\\\/IMG_8918.jpg\",\"contentUrl\":\"https:\\\/\\\/stage.septpublicite.fr\\\/septpublicite.fr\\\/wp-content\\\/uploads\\\/2020\\\/11\\\/IMG_8918.jpg\",\"width\":949,\"height\":711},{\"@type\":\"BreadcrumbList\",\"@id\":\"https:\\\/\\\/stage.septpublicite.fr\\\/septpublicite.fr\\\/product\\\/banderole-7publicite\\\/#breadcrumb\",\"itemListElement\":[{\"@type\":\"ListItem\",\"position\":1,\"name\":\"Accueil\",\"item\":\"https:\\\/\\\/stage.septpublicite.fr\\\/septpublicite.fr\\\/\"},{\"@type\":\"ListItem\",\"position\":2,\"name\":\"Boutique\",\"item\":\"https:\\\/\\\/stage.septpublicite.fr\\\/septpublicite.fr\\\/shop\\\/\"},{\"@type\":\"ListItem\",\"position\":3,\"name\":\"Banderole\"}]},{\"@type\":\"WebSite\",\"@id\":\"https:\\\/\\\/stage.septpublicite.fr\\\/septpublicite.fr\\\/#website\",\"url\":\"https:\\\/\\\/stage.septpublicite.fr\\\/septpublicite.fr\\\/\",\"name\":\"septpublicite.fr\",\"description\":\"Notre publicit\u00e9, c&#039;est vous\",\"potentialAction\":[{\"@type\":\"SearchAction\",\"target\":{\"@type\":\"EntryPoint\",\"urlTemplate\":\"https:\\\/\\\/stage.septpublicite.fr\\\/septpublicite.fr\\\/?s={search_term_string}\"},\"query-input\":{\"@type\":\"PropertyValueSpecification\",\"valueRequired\":true,\"valueName\":\"search_term_string\"}}],\"inLanguage\":\"fr-FR\"}]}<\/script>\n<!-- \/ Yoast SEO plugin. -->","yoast_head_json":{"title":"Banderole - septpublicite.fr","description":"Cr\u00e9ez\u00a0sur-mesure\u00a0votre banderole \u00e9v\u00e9nementielle.","robots":{"index":"index","follow":"follow","max-snippet":"max-snippet:-1","max-image-preview":"max-image-preview:large","max-video-preview":"max-video-preview:-1"},"canonical":"https:\/\/stage.septpublicite.fr\/septpublicite.fr\/product\/banderole-7publicite\/","og_locale":"fr_FR","og_type":"article","og_title":"Banderole - septpublicite.fr","og_description":"Cr\u00e9ez\u00a0sur-mesure\u00a0votre banderole \u00e9v\u00e9nementielle.","og_url":"https:\/\/stage.septpublicite.fr\/septpublicite.fr\/product\/banderole-7publicite\/","og_site_name":"septpublicite.fr","article_modified_time":"2025-02-19T19:32:11+00:00","og_image":[{"width":949,"height":711,"url":"https:\/\/stage.septpublicite.fr\/septpublicite.fr\/wp-content\/uploads\/2020\/11\/IMG_8918.jpg","type":"image\/jpeg"}],"twitter_card":"summary_large_image","twitter_misc":{"Dur\u00e9e de lecture estim\u00e9e":"1 minute"},"schema":{"@context":"https:\/\/schema.org","@graph":[{"@type":"WebPage","@id":"https:\/\/stage.septpublicite.fr\/septpublicite.fr\/product\/banderole-7publicite\/","url":"https:\/\/stage.septpublicite.fr\/septpublicite.fr\/product\/banderole-7publicite\/","name":"Banderole - septpublicite.fr","isPartOf":{"@id":"https:\/\/stage.septpublicite.fr\/septpublicite.fr\/#website"},"primaryImageOfPage":{"@id":"https:\/\/stage.septpublicite.fr\/septpublicite.fr\/product\/banderole-7publicite\/#primaryimage"},"image":{"@id":"https:\/\/stage.septpublicite.fr\/septpublicite.fr\/product\/banderole-7publicite\/#primaryimage"},"thumbnailUrl":"https:\/\/stage.septpublicite.fr\/septpublicite.fr\/wp-content\/uploads\/2020\/11\/IMG_8918.jpg","datePublished":"2020-11-23T17:21:14+00:00","dateModified":"2025-02-19T19:32:11+00:00","description":"Cr\u00e9ez\u00a0sur-mesure\u00a0votre banderole \u00e9v\u00e9nementielle.","breadcrumb":{"@id":"https:\/\/stage.septpublicite.fr\/septpublicite.fr\/product\/banderole-7publicite\/#breadcrumb"},"inLanguage":"fr-FR","potentialAction":[{"@type":"ReadAction","target":["https:\/\/stage.septpublicite.fr\/septpublicite.fr\/product\/banderole-7publicite\/"]}]},{"@type":"ImageObject","inLanguage":"fr-FR","@id":"https:\/\/stage.septpublicite.fr\/septpublicite.fr\/product\/banderole-7publicite\/#primaryimage","url":"https:\/\/stage.septpublicite.fr\/septpublicite.fr\/wp-content\/uploads\/2020\/11\/IMG_8918.jpg","contentUrl":"https:\/\/stage.septpublicite.fr\/septpublicite.fr\/wp-content\/uploads\/2020\/11\/IMG_8918.jpg","width":949,"height":711},{"@type":"BreadcrumbList","@id":"https:\/\/stage.septpublicite.fr\/septpublicite.fr\/product\/banderole-7publicite\/#breadcrumb","itemListElement":[{"@type":"ListItem","position":1,"name":"Accueil","item":"https:\/\/stage.septpublicite.fr\/septpublicite.fr\/"},{"@type":"ListItem","position":2,"name":"Boutique","item":"https:\/\/stage.septpublicite.fr\/septpublicite.fr\/shop\/"},{"@type":"ListItem","position":3,"name":"Banderole"}]},{"@type":"WebSite","@id":"https:\/\/stage.septpublicite.fr\/septpublicite.fr\/#website","url":"https:\/\/stage.septpublicite.fr\/septpublicite.fr\/","name":"septpublicite.fr","description":"Notre publicit\u00e9, c&#039;est vous","potentialAction":[{"@type":"SearchAction","target":{"@type":"EntryPoint","urlTemplate":"https:\/\/stage.septpublicite.fr\/septpublicite.fr\/?s={search_term_string}"},"query-input":{"@type":"PropertyValueSpecification","valueRequired":true,"valueName":"search_term_string"}}],"inLanguage":"fr-FR"}]}},"_links":{"self":[{"href":"https:\/\/stage.septpublicite.fr\/septpublicite.fr\/wp-json\/wp\/v2\/product\/1001","targetHints":{"allow":["GET"]}}],"collection":[{"href":"https:\/\/stage.septpublicite.fr\/septpublicite.fr\/wp-json\/wp\/v2\/product"}],"about":[{"href":"https:\/\/stage.septpublicite.fr\/septpublicite.fr\/wp-json\/wp\/v2\/types\/product"}],"replies":[{"embeddable":true,"href":"https:\/\/stage.septpublicite.fr\/septpublicite.fr\/wp-json\/wp\/v2\/comments?post=1001"}],"wp:featuredmedia":[{"embeddable":true,"href":"https:\/\/stage.septpublicite.fr\/septpublicite.fr\/wp-json\/wp\/v2\/media\/329179"}],"wp:attachment":[{"href":"https:\/\/stage.septpublicite.fr\/septpublicite.fr\/wp-json\/wp\/v2\/media?parent=1001"}],"wp:term":[{"taxonomy":"product_brand","embeddable":true,"href":"https:\/\/stage.septpublicite.fr\/septpublicite.fr\/wp-json\/wp\/v2\/product_brand?post=1001"},{"taxonomy":"product_cat","embeddable":true,"href":"https:\/\/stage.septpublicite.fr\/septpublicite.fr\/wp-json\/wp\/v2\/product_cat?post=1001"},{"taxonomy":"product_tag","embeddable":true,"href":"https:\/\/stage.septpublicite.fr\/septpublicite.fr\/wp-json\/wp\/v2\/product_tag?post=1001"}],"curies":[{"name":"wp","href":"https:\/\/api.w.org\/{rel}","templated":true}]}}