{"id":181,"date":"2020-11-17T11:43:45","date_gmt":"2020-11-17T10:43:45","guid":{"rendered":"https:\/\/stage.septpublicite.fr\/septpublicite.fr\/?page_id=181"},"modified":"2020-11-17T11:50:16","modified_gmt":"2020-11-17T10:50:16","slug":"conditions-generales-de-vente","status":"publish","type":"page","link":"https:\/\/stage.septpublicite.fr\/septpublicite.fr\/conditions-generales-de-vente\/","title":{"rendered":"Conditions g\u00e9n\u00e9rales de vente"},"content":{"rendered":"<p>[et_pb_section fb_built=\u00a0\u00bb1&Prime; _builder_version=\u00a0\u00bb4.7.1&Prime; _module_preset=\u00a0\u00bbdefault\u00a0\u00bb][et_pb_row _builder_version=\u00a0\u00bb4.7.1&Prime; _module_preset=\u00a0\u00bbdefault\u00a0\u00bb][et_pb_column _builder_version=\u00a0\u00bb4.7.1&Prime; _module_preset=\u00a0\u00bbdefault\u00a0\u00bb type=\u00a0\u00bb4_4&Prime;][et_pb_text _builder_version=\u00a0\u00bb4.7.1&Prime; _module_preset=\u00a0\u00bbdefault\u00a0\u00bb hover_enabled=\u00a0\u00bb0&Prime; sticky_enabled=\u00a0\u00bb0&Prime;]<\/p>\n<p>CONDITIONS G\u00c9N\u00c9RALES DE VENTE<br \/>PUBLICIT\u00c9 LONGUE CONSERVATION &#8211; PEINTURE &#8211; AFFICHAGE &#8211; FOURNITURE MAT\u00c9RIEL &#8211;<br \/>RENOUVELLEMENT<br \/>I. LES EMPLACEMENTS (L.C. et affichages)<br \/>Ils sont d\u00e9termin\u00e9s d\u2019un commun accord entre SEPT PUBLICIT\u00c9 et<br \/>l\u2019annonceur ou son agent. Ils ne pourront donner lieu \u00e0 aucune<br \/>r\u00e9clamation ult\u00e9rieure, sauf modification de l\u2019\u00e9tat des lieux en cours de<br \/>contrat.<br \/>La concession pour une dur\u00e9e d\u00e9termin\u00e9e d\u2019un emplacement \u00e0 un<br \/>Client, ne donne jamais \u00e0 ce dernier le droit de l\u2019afficher ou d\u2019y<br \/>apporter lui-m\u00eame une modification.<br \/>L\u2019emplacement reste le domaine propre de SEPT PUBLICIT\u00c9.<br \/>II. LES AFFICHES<br \/>Elles doivent correspondre \u00e0 la dimension des panneaux. Si elles ne<br \/>couvrent pas la totalit\u00e9 du panneau, il sera mis un papier neutre en<br \/>fond, moyennant suppl\u00e9ment de tarif. Les affiches doivent \u00eatre r\u00e9alis\u00e9es<br \/>en papier de qualit\u00e9 et d\u2019\u00e9paisseur suffisantes pour permettre le pr\u00e9mouillage et \u00e9viter toute transparence \u00e0 l\u2019humidit\u00e9. Les encres doivent<br \/>\u00eatre compatibles avec les colles utilis\u00e9es. En cas de qualit\u00e9 insuffisante<br \/>des affiches, SEPT PUBLICIT\u00c9 ne pourra \u00eatre tenue responsable.<br \/>Les bandeaux de repiquage, ainsi que les travaux de recouvrement<br \/>seront factur\u00e9s en suppl\u00e9ment.<br \/>Les affiches non utilis\u00e9es seront d\u00e9truites syst\u00e9matiquement.<br \/>III. ANNULATION<br \/>Toute campagne annul\u00e9e moins de DEUX MOIS avant la date de<br \/>d\u00e9part pr\u00e9vue sera enti\u00e8rement factur\u00e9e \u00e0 l\u2019annonceur. Les<br \/>campagnes annul\u00e9es plus de deux mois avant la date de d\u00e9part pr\u00e9vue<br \/>ne pourront l\u2019\u00eatre qu\u2019en cas de force majeure et entra\u00eeneront en tout \u00e9tat<br \/>de cause un r\u00e8glement \u00e9gal \u00e0 20 % de la commande.<br \/>IV. MAT\u00c9RIEL ET MISE EN PLACE<br \/>La maquette est soit fournie par le client, soit accept\u00e9e par le client. Il est<br \/>imp\u00e9ratif de retourner la maquette dans un d\u00e9lai d\u2019un mois maximum,<br \/>faute de quoi nous serons contraints d\u2019\u00e9tablir la facture correspondant<br \/>au bon de commande d\u00e8s le 31e jour.<br \/>Lorsqu\u2019il s\u2019agit d\u2019une fabrication sp\u00e9ciale, SEPT PUBLICIT\u00c9 doit \u00eatre<br \/>en possession de la maquette DEUX MOIS avant la date pr\u00e9vue pour le<br \/>d\u00e9but de l\u2019ex\u00e9cution de l\u2019ordre. Tous d\u00e9cors, d\u00e9coupes, attributs,<br \/>produits r\u00e9fl\u00e9chissants ou fluorescents feront l\u2019objet d\u2019une \u00e9tude sp\u00e9ciale<br \/>de prix.<br \/>Le mat\u00e9riel reste la propri\u00e9t\u00e9 de SEPT PUBLICIT\u00c9, pour toute<br \/>publicit\u00e9 longue conservation. Il n\u2019est pas fix\u00e9 de date limite pour la<br \/>mise en place de la publicit\u00e9, sauf convention expresse.<br \/>La date de d\u00e9part peut \u00eatre au choix du client : soit celle de chaque<br \/>panneau install\u00e9 isol\u00e9ment, soit la date moyenne de pose de l\u2019ensemble.<br \/>Enseignes lumineuses : une alimentation \u00e9lectrique s\u00e9curis\u00e9e (boite de<br \/>d\u00e9rivation) sera mise \u00e0 l\u2019emplacement par le donneur d\u2019ordre \u00e0<br \/>l\u2019emplacement de la future enseigne afin d\u2019en assurer son raccordement.<br \/>V. ENTRETIEN (L.C.)<br \/>Sauf cas de force majeure, SEPT PUBLICIT\u00c9 s\u2019engage \u00e0 entretenir la<br \/>publicit\u00e9 en bon \u00e9tat pendant la dur\u00e9e de conservation pr\u00e9vue (sauf<br \/>intemp\u00e9ries graves, vandalisme, etc.)<br \/>VI. SUPPRESSION, REMPLACEMENT DU VISUEL DE LA<br \/>PUBLICIT\u00c9 (L.C.)<br \/>Le client peut exiger la suppression de la publicit\u00e9 \u00e0 condition d\u2019en<br \/>supporter les frais, c\u2019est-\u00e0-dire r\u00e8glement int\u00e9gral de publicit\u00e9 jusqu\u2019au<br \/>terme du contrat.<br \/>Tout remplacement du visuel de la publicit\u00e9 reste \u00e0 la charge du client si<br \/>cette derni\u00e8re n\u2019est pas li\u00e9 au fait de la v\u00e9tust\u00e9 (nos supports \u00e9tant \u00e9tablis<br \/>pour une dur\u00e9e minimale de 6 ans). Tout remplacement de la publicit\u00e9<br \/>entraine un renouvellement du contrat avec revalorisation pour une p\u00e9riode<br \/>de 5 ans sauf accords sp\u00e9ciaux.<br \/>VII. RESPONSABILIT\u00c9 (L.C. , affichage, enseignes)<br \/>SEPT PUBLICIT\u00c9 sera seule responsable des dommages et infractions<br \/>\u00e9ventuelles aff\u00e9rents aux emplacements et mat\u00e9riels mis en place, \u00e0 la<br \/>disposition du client.<br \/>Sauf dans le cas ou le client pr\u00e9alablement inform\u00e9 des risques<br \/>encourus, impose le choix de ces dits emplacements, dans ce cas le<br \/>client sera seul responsable des sanctions pr\u00e9vues selon les articles L581-26 \u00e0 L581-45 du code de l\u2019environnement. De plus les frais de<br \/>d\u00e9pose du mat\u00e9riel soit 50% de la redevance annuelle seront \u00e0 la charge<br \/>du client, de m\u00eame que le paiement int\u00e9gral de la redevance en cours.<br \/>SEPT PUBLICIT\u00c9 se trouve d\u00e9gag\u00e9e de toutes<br \/>responsabilit\u00e9s sur le contenu des messages publicitaires, si ceux-ci<br \/>ne sont pas conformes \u00e0 la l\u00e9gislation en vigueur.<br \/>VIII. PAIEMENTS<br \/>Toutes fournitures restent la propri\u00e9t\u00e9 de la soci\u00e9t\u00e9 SEPT Publicit\u00e9<br \/>jusqu&rsquo;au paiement int\u00e9gral de ces derni\u00e8res.<br \/>Tout engagement pris ayant un d\u00e9lai de r\u00e9alisation prolong\u00e9 (al\u00e9as<br \/>climatiques, report client\u2026) entrainera la facturation int\u00e9grale de ce<br \/>dernier sous 60 jours avec paiement \u00e0 r\u00e9ception.<br \/>En cas de non paiement d\u2019un terme \u00e0 son \u00e9ch\u00e9ance (nos factures<br \/>\u00e9tant \u00e0 \u00e9ch\u00e9ance imm\u00e9diate hors accords sp\u00e9ciaux), et apr\u00e8s sommation<br \/>de payer par L.R. rest\u00e9e sans effet, le pr\u00e9sent accord sera r\u00e9sili\u00e9 de<br \/>plein droit par SEPT PUBLICIT\u00c9 sans qu\u2019il y ait \u00e0 remplir aucune<br \/>formalit\u00e9 juridique.<br \/>Chaque relance faisant l\u2019objet de frais de dossier \u00e0 hauteur de 15\u20ac\/HT<br \/>pour une relance simple (mail ou courrier), 25\u20ac\/HT pour toute relance par<br \/>L.R.<br \/>Fr\u00e9quence des relances, relance simple 14<br \/>\u00e8me<br \/>, 21\u00e8me, et 28\u00e8me jours<br \/>apr\u00e8s \u00e9ch\u00e9ances ; Relance par L.R.A.R. 45\u00e8me jours, derni\u00e8re relance<br \/>avant proc\u00e9dure ayant lieu au 60\u00e8me jour.<br \/>SEPT PUBLICIT\u00c9 pourra, en outre, disposer imm\u00e9diatement des<br \/>emplacements faisant l\u2019objet du pr\u00e9sent ordre dans le cas d\u2019un contrat<br \/>L.C.<br \/>Dans ce cas, SEPT PUBLICIT\u00c9 aura droit au paiement int\u00e9gral de la<br \/>facture avec une majoration \u00e9gale \u00e0 3 le taux d\u2019int\u00e9r\u00eat l\u00e9gal en vigueur<br \/>fois par mois de retard jus- qu\u2019au paiement complet de la facture.<br \/>IX. NOUVELLES DISPOSITIONS R\u00c9GLEMENTAIRES OU<br \/>FISCALES<br \/>Dans le cas o\u00f9 la l\u00e9gislation sur la publicit\u00e9 serait modifi\u00e9e, le pr\u00e9sent<br \/>ordre pourrait \u00eatre r\u00e9sili\u00e9 purement et simplement par SEPT<br \/>PUBLICIT\u00c9 et sans indemnit\u00e9 de part et d\u2019autre, sauf remboursement,<br \/>s\u2019il y a lieu, de la part de la redevance aff\u00e9rente au temps de non<br \/>jouissance et apr\u00e8s d\u00e9duction des 25 % du prix unitaire des<br \/>emplacements concern\u00e9s, pour frais de premier \u00e9tablissement. De plus<br \/>les frais de d\u00e9pose du mat\u00e9riel soit 50% de la redevance annuelle seront<br \/>\u00e0 la charge du client.<br \/>Si de nouvelles taxes, imp\u00f4ts ou droits de timbre, etc. venaient \u00e0<br \/>frapper ce genre de publicit\u00e9, ceux-ci seraient \u00e0 la charge du client et<br \/>viendraient s\u2019ajouter \u00e0 la somme fix\u00e9e d\u2019autre part.<br \/>X. ACCEPTATION DES ORDRES<br \/>L\u2019accord est mat\u00e9rialis\u00e9 par l\u2019\u00e9change du pr\u00e9sent contrat.<br \/>XI. ANNULATION DES ORDRES<br \/>Un ordre ne peut \u00eatre annul\u00e9 sans indemnit\u00e9s : en cas d\u2019annulation<br \/>avant le commencement des travaux n\u00e9cessaires \u00e0 l\u2019ex\u00e9cution de<br \/>l\u2019ordre, le client devra verser 25 % de la commande.<br \/>En cas d\u2019annulation apr\u00e8s le d\u00e9but des travaux, la commande sera<br \/>enti\u00e8rement due.<br \/>XII. RENOUVELLEMENT publicit\u00e9 LC.<br \/>A l\u2019expiration de la dur\u00e9e, faute de d\u00e9nonciation trois mois avant la date<br \/>d\u2019expiration du contrat, celui-ci se renouvellera par tacite reconduction<br \/>annuellement avec revalorisation.<br \/>XIII. PROPRIETE GRAPHIQUE.<br \/>SEPT PUBLICITE reste propri\u00e9taire de toute production graphique<br \/>r\u00e9alis\u00e9e par ses soins, toute reproduction totale ou partielle est interdite<br \/>sans accord express de SEPT PUBLICITE et entraine le reproducteur et<br \/>son exploitant \u00e0 des poursuites juridiques.<br \/>SEPT PUBLICITE peut c\u00e9der le cas \u00e9ch\u00e9ant la propri\u00e9t\u00e9 intellectuelle de<br \/>ses r\u00e9alisations selon accords sp\u00e9ciaux.<br \/>XIV. LITIGES<br \/>En cas de litiges, les parties conviennent de s\u2019en remettre :<br \/>\u00e0 l\u2019arbitrage de la Chambre de commerce du MANS.<br \/>\u00e0 la comp\u00e9tence du Tribunal de commerce du MANS. FAIT A LA<br \/>MAMERS, en trois exemplaires, dont un pour le client, qui reconna\u00eet<br \/>l\u2019avoir re\u00e7u, lu et approuv\u00e9.<br \/>Pour SEPT PUBLICIT\u00c9 Pour le Client<br \/>Le Client certifie avoir pris connaissance du recto et du verso du bon<br \/>de commande<\/p>\n<p>[\/et_pb_text][\/et_pb_column][\/et_pb_row][\/et_pb_section]<\/p>\n","protected":false},"excerpt":{"rendered":"<p>CONDITIONS G\u00c9N\u00c9RALES DE VENTEPUBLICIT\u00c9 LONGUE CONSERVATION &#8211; PEINTURE &#8211; AFFICHAGE &#8211; FOURNITURE MAT\u00c9RIEL -RENOUVELLEMENTI. LES EMPLACEMENTS (L.C. et affichages)Ils sont d\u00e9termin\u00e9s d\u2019un commun accord entre SEPT PUBLICIT\u00c9 etl\u2019annonceur ou son agent. Ils ne pourront donner lieu \u00e0 aucuner\u00e9clamation ult\u00e9rieure, sauf modification de l\u2019\u00e9tat des lieux en cours decontrat.La concession pour une dur\u00e9e d\u00e9termin\u00e9e d\u2019un emplacement [&hellip;]<\/p>\n","protected":false},"author":1,"featured_media":0,"parent":0,"menu_order":97,"comment_status":"closed","ping_status":"closed","template":"","meta":{"_et_pb_use_builder":"on","_et_pb_old_content":"","_et_gb_content_width":"","footnotes":""},"dipi_cpt_category":[],"class_list":["post-181","page","type-page","status-publish","hentry"],"yoast_head":"<!-- This site is optimized with the Yoast SEO plugin v27.6 - https:\/\/yoast.com\/product\/yoast-seo-wordpress\/ -->\n<title>Conditions g\u00e9n\u00e9rales de vente - septpublicite.fr<\/title>\n<meta name=\"robots\" content=\"index, follow, max-snippet:-1, max-image-preview:large, max-video-preview:-1\" \/>\n<link rel=\"canonical\" href=\"https:\/\/stage.septpublicite.fr\/septpublicite.fr\/conditions-generales-de-vente\/\" \/>\n<meta property=\"og:locale\" content=\"fr_FR\" \/>\n<meta property=\"og:type\" content=\"article\" \/>\n<meta property=\"og:title\" content=\"Conditions g\u00e9n\u00e9rales de vente - septpublicite.fr\" \/>\n<meta property=\"og:description\" content=\"CONDITIONS G\u00c9N\u00c9RALES DE VENTEPUBLICIT\u00c9 LONGUE CONSERVATION - PEINTURE - AFFICHAGE - FOURNITURE MAT\u00c9RIEL -RENOUVELLEMENTI. LES EMPLACEMENTS (L.C. et affichages)Ils sont d\u00e9termin\u00e9s d\u2019un commun accord entre SEPT PUBLICIT\u00c9 etl\u2019annonceur ou son agent. Ils ne pourront donner lieu \u00e0 aucuner\u00e9clamation ult\u00e9rieure, sauf modification de l\u2019\u00e9tat des lieux en cours decontrat.La concession pour une dur\u00e9e d\u00e9termin\u00e9e d\u2019un emplacement [&hellip;]\" \/>\n<meta property=\"og:url\" content=\"https:\/\/stage.septpublicite.fr\/septpublicite.fr\/conditions-generales-de-vente\/\" \/>\n<meta property=\"og:site_name\" content=\"septpublicite.fr\" \/>\n<meta property=\"article:modified_time\" content=\"2020-11-17T10:50:16+00:00\" \/>\n<meta name=\"twitter:card\" content=\"summary_large_image\" \/>\n<meta name=\"twitter:label1\" content=\"Dur\u00e9e de lecture estim\u00e9e\" \/>\n\t<meta name=\"twitter:data1\" content=\"7 minutes\" \/>\n<script type=\"application\/ld+json\" class=\"yoast-schema-graph\">{\"@context\":\"https:\\\/\\\/schema.org\",\"@graph\":[{\"@type\":\"WebPage\",\"@id\":\"https:\\\/\\\/stage.septpublicite.fr\\\/septpublicite.fr\\\/conditions-generales-de-vente\\\/\",\"url\":\"https:\\\/\\\/stage.septpublicite.fr\\\/septpublicite.fr\\\/conditions-generales-de-vente\\\/\",\"name\":\"Conditions g\u00e9n\u00e9rales de vente - septpublicite.fr\",\"isPartOf\":{\"@id\":\"https:\\\/\\\/stage.septpublicite.fr\\\/septpublicite.fr\\\/#website\"},\"datePublished\":\"2020-11-17T10:43:45+00:00\",\"dateModified\":\"2020-11-17T10:50:16+00:00\",\"breadcrumb\":{\"@id\":\"https:\\\/\\\/stage.septpublicite.fr\\\/septpublicite.fr\\\/conditions-generales-de-vente\\\/#breadcrumb\"},\"inLanguage\":\"fr-FR\",\"potentialAction\":[{\"@type\":\"ReadAction\",\"target\":[\"https:\\\/\\\/stage.septpublicite.fr\\\/septpublicite.fr\\\/conditions-generales-de-vente\\\/\"]}]},{\"@type\":\"BreadcrumbList\",\"@id\":\"https:\\\/\\\/stage.septpublicite.fr\\\/septpublicite.fr\\\/conditions-generales-de-vente\\\/#breadcrumb\",\"itemListElement\":[{\"@type\":\"ListItem\",\"position\":1,\"name\":\"Accueil\",\"item\":\"https:\\\/\\\/stage.septpublicite.fr\\\/septpublicite.fr\\\/\"},{\"@type\":\"ListItem\",\"position\":2,\"name\":\"Conditions g\u00e9n\u00e9rales de vente\"}]},{\"@type\":\"WebSite\",\"@id\":\"https:\\\/\\\/stage.septpublicite.fr\\\/septpublicite.fr\\\/#website\",\"url\":\"https:\\\/\\\/stage.septpublicite.fr\\\/septpublicite.fr\\\/\",\"name\":\"septpublicite.fr\",\"description\":\"Notre publicit\u00e9, c&#039;est vous\",\"potentialAction\":[{\"@type\":\"SearchAction\",\"target\":{\"@type\":\"EntryPoint\",\"urlTemplate\":\"https:\\\/\\\/stage.septpublicite.fr\\\/septpublicite.fr\\\/?s={search_term_string}\"},\"query-input\":{\"@type\":\"PropertyValueSpecification\",\"valueRequired\":true,\"valueName\":\"search_term_string\"}}],\"inLanguage\":\"fr-FR\"}]}<\/script>\n<!-- \/ Yoast SEO plugin. -->","yoast_head_json":{"title":"Conditions g\u00e9n\u00e9rales de vente - septpublicite.fr","robots":{"index":"index","follow":"follow","max-snippet":"max-snippet:-1","max-image-preview":"max-image-preview:large","max-video-preview":"max-video-preview:-1"},"canonical":"https:\/\/stage.septpublicite.fr\/septpublicite.fr\/conditions-generales-de-vente\/","og_locale":"fr_FR","og_type":"article","og_title":"Conditions g\u00e9n\u00e9rales de vente - septpublicite.fr","og_description":"CONDITIONS G\u00c9N\u00c9RALES DE VENTEPUBLICIT\u00c9 LONGUE CONSERVATION - PEINTURE - AFFICHAGE - FOURNITURE MAT\u00c9RIEL -RENOUVELLEMENTI. LES EMPLACEMENTS (L.C. et affichages)Ils sont d\u00e9termin\u00e9s d\u2019un commun accord entre SEPT PUBLICIT\u00c9 etl\u2019annonceur ou son agent. Ils ne pourront donner lieu \u00e0 aucuner\u00e9clamation ult\u00e9rieure, sauf modification de l\u2019\u00e9tat des lieux en cours decontrat.La concession pour une dur\u00e9e d\u00e9termin\u00e9e d\u2019un emplacement [&hellip;]","og_url":"https:\/\/stage.septpublicite.fr\/septpublicite.fr\/conditions-generales-de-vente\/","og_site_name":"septpublicite.fr","article_modified_time":"2020-11-17T10:50:16+00:00","twitter_card":"summary_large_image","twitter_misc":{"Dur\u00e9e de lecture estim\u00e9e":"7 minutes"},"schema":{"@context":"https:\/\/schema.org","@graph":[{"@type":"WebPage","@id":"https:\/\/stage.septpublicite.fr\/septpublicite.fr\/conditions-generales-de-vente\/","url":"https:\/\/stage.septpublicite.fr\/septpublicite.fr\/conditions-generales-de-vente\/","name":"Conditions g\u00e9n\u00e9rales de vente - septpublicite.fr","isPartOf":{"@id":"https:\/\/stage.septpublicite.fr\/septpublicite.fr\/#website"},"datePublished":"2020-11-17T10:43:45+00:00","dateModified":"2020-11-17T10:50:16+00:00","breadcrumb":{"@id":"https:\/\/stage.septpublicite.fr\/septpublicite.fr\/conditions-generales-de-vente\/#breadcrumb"},"inLanguage":"fr-FR","potentialAction":[{"@type":"ReadAction","target":["https:\/\/stage.septpublicite.fr\/septpublicite.fr\/conditions-generales-de-vente\/"]}]},{"@type":"BreadcrumbList","@id":"https:\/\/stage.septpublicite.fr\/septpublicite.fr\/conditions-generales-de-vente\/#breadcrumb","itemListElement":[{"@type":"ListItem","position":1,"name":"Accueil","item":"https:\/\/stage.septpublicite.fr\/septpublicite.fr\/"},{"@type":"ListItem","position":2,"name":"Conditions g\u00e9n\u00e9rales de vente"}]},{"@type":"WebSite","@id":"https:\/\/stage.septpublicite.fr\/septpublicite.fr\/#website","url":"https:\/\/stage.septpublicite.fr\/septpublicite.fr\/","name":"septpublicite.fr","description":"Notre publicit\u00e9, c&#039;est vous","potentialAction":[{"@type":"SearchAction","target":{"@type":"EntryPoint","urlTemplate":"https:\/\/stage.septpublicite.fr\/septpublicite.fr\/?s={search_term_string}"},"query-input":{"@type":"PropertyValueSpecification","valueRequired":true,"valueName":"search_term_string"}}],"inLanguage":"fr-FR"}]}},"_links":{"self":[{"href":"https:\/\/stage.septpublicite.fr\/septpublicite.fr\/wp-json\/wp\/v2\/pages\/181","targetHints":{"allow":["GET"]}}],"collection":[{"href":"https:\/\/stage.septpublicite.fr\/septpublicite.fr\/wp-json\/wp\/v2\/pages"}],"about":[{"href":"https:\/\/stage.septpublicite.fr\/septpublicite.fr\/wp-json\/wp\/v2\/types\/page"}],"author":[{"embeddable":true,"href":"https:\/\/stage.septpublicite.fr\/septpublicite.fr\/wp-json\/wp\/v2\/users\/1"}],"replies":[{"embeddable":true,"href":"https:\/\/stage.septpublicite.fr\/septpublicite.fr\/wp-json\/wp\/v2\/comments?post=181"}],"version-history":[{"count":0,"href":"https:\/\/stage.septpublicite.fr\/septpublicite.fr\/wp-json\/wp\/v2\/pages\/181\/revisions"}],"wp:attachment":[{"href":"https:\/\/stage.septpublicite.fr\/septpublicite.fr\/wp-json\/wp\/v2\/media?parent=181"}],"wp:term":[{"taxonomy":"dipi_cpt_category","embeddable":true,"href":"https:\/\/stage.septpublicite.fr\/septpublicite.fr\/wp-json\/wp\/v2\/dipi_cpt_category?post=181"}],"curies":[{"name":"wp","href":"https:\/\/api.w.org\/{rel}","templated":true}]}}